{"id":8998,"date":"2018-08-29T16:01:29","date_gmt":"2018-08-29T16:01:29","guid":{"rendered":"https:\/\/desertexplored.com\/excursoes-de-um-dia-a-partir-de-marraquexe-cachoeiras-de-ouzoud\/"},"modified":"2023-11-12T11:19:33","modified_gmt":"2023-11-12T11:19:33","slug":"excursoes-de-um-dia-a-partir-de-marraquexe-cachoeiras-de-ouzoud","status":"publish","type":"page","link":"https:\/\/desertexplored.com\/pt-br\/excursoes-de-um-dia-a-partir-de-marraquexe-cachoeiras-de-ouzoud\/","title":{"rendered":"Excurs\u00f5es de um dia a partir de Marraquexe : Cachoeiras de Ouzoud"},"content":{"rendered":"<figure><img decoding=\"async\" src=\"https:\/\/desertexplored.com\/wp-content\/uploads\/2023\/05\/monkeys-ouzoud.jpg\" alt=\"Barbary macaque (Macaca sylvanus), at the Ouzoud falls in Morocco\" \/><\/figure>\n<figure><img decoding=\"async\" src=\"https:\/\/desertexplored.com\/wp-content\/uploads\/2023\/05\/best-waterfalls-ouzoud.jpg\" alt=\"Stairs with a metal railing with a lantern leading up to a viewpoint on Ouzoud Falls near Ouzoud, Morocco, a popular tourist destination.\" \/><\/figure>\n<figure><img decoding=\"async\" src=\"https:\/\/desertexplored.com\/wp-content\/uploads\/2022\/06\/shutterstock_1666703149-820x520.jpg-1.png\" alt=\"shutterstock_1666703149-820x520.jpg (1)\" \/><\/figure>\n<h2>Marraquexe &#8211; Cascatas de Ouzoud &#8211; Marraquexe<br \/>\n<\/h2>\n<p>Sair da agitada cidade e relaxar no espect\u00e1culo natural deste lugar ser\u00e1 a primeira verdadeira sensa\u00e7\u00e3o de prazer que ter\u00e1 nesta excurs\u00e3o. Poucos turistas conseguem sair at\u00e9 estas \u00e1reas, mas esta excurs\u00e3o vai lev\u00e1-lo da cidade para as cascatas e de volta dentro de um dia cheio e espectacular.<\/p>\n<p>N\u00e3o s\u00e3o muitas as pessoas que poder\u00e3o ver as partes de Marrocos que iremos visitar nesta excurs\u00e3o. Deve trazer um bom par de sapatos para caminhar, pois ocasionalmente iremos explorar a beleza do campo \u00e0 medida que nos dirigimos para as <strong>cascatas em Ouzoud<\/strong>.<\/p>\n<p>Passaremos por v\u00e1rias pequenas cidades e aldeias com um verdadeiro sentimento rural sobre elas. Por vezes ser\u00e1 perdoado por pensar que viajou no tempo enquanto alguns dos alde\u00f5es rurais se ocupavam diariamente de algumas das mais espectaculares \u00e1reas de beleza natural excepcional.<\/p>\n<p>Ao longo do caminho ver\u00e1 os macacos e at\u00e9 os cumprimentar\u00e1, pois n\u00e3o s\u00e3o t\u00e3o t\u00edmidos como se poderia esperar. Assim que chegarmos \u00e0s quedas de \u00e1gua, ter\u00e1 a oportunidade de ser mostrado algumas das melhores caracter\u00edsticas desta \u00e1rea pelo nosso pr\u00f3prio guia.<\/p>\n<p>H\u00e1 muitos caf\u00e9s e restaurantes entre as cascatas, onde se pode relaxar junto \u00e0s piscinas naturais no fundo de algumas das cascatas e rios apressados. Muitos podem optar por trazer um almo\u00e7o embalado e jantar nas zonas pr\u00f3ximas das cataratas.<\/p>\n<p>Deve trazer um protector solar, uma m\u00e1quina fotogr\u00e1fica e uma muda de roupa, se planeia dar um mergulho em algumas das piscinas no fundo das quedas. Mas uma coisa \u00e9 certa: n\u00e3o se esquecer\u00e1 desta excurs\u00e3o entre as enormes cascatas naturais, macacos de Barbary e aldeias rurais que parecem estar presas no meio do tempo. Regressamos a Marraquexe da mesma forma c\u00e9nica que viemos e regressamos ao in\u00edcio da noite.<\/p>\n<p><strong>&#8211; Partida de Marraquexe \u00e0s 8 horas<\/strong><\/p>\n<p><strong>&#8211; Regresso a Marraquexe \u00e0s 18 horas<\/strong><\/p>\n<ul>\n<li>\n\t\t\t\t\t\t\t\t\t\tInclu\u00eddo &amp; Exclu\u00eddo\n\t\t\t\t\t\t\t\t\t<\/li>\n<\/ul>\n<ul>\n<li>\n\t\t\t\t\t\t\t\t\t\tTransporte Privado\n\t\t\t\t\t\t\t\t\t<\/li>\n<li>\n\t\t\t\t\t\t\t\t\t\tRecolher no seu lugar\n\t\t\t\t\t\t\t\t\t<\/li>\n<li>\n\t\t\t\t\t\t\t\t\t\tParagens livres\n\t\t\t\t\t\t\t\t\t<\/li>\n<li>\n\t\t\t\t\t\t\t\t\t\tDroop em sua casa\n\t\t\t\t\t\t\t\t\t<\/li>\n<\/ul>\n<ul>\n<li>\n\t\t\t\t\t\t\t\t\t\tAlmo\u00e7os a caminho\n\t\t\t\t\t\t\t\t\t<\/li>\n<li>\n\t\t\t\t\t\t\t\t\t\tEntradas e Monumentos\n\t\t\t\t\t\t\t\t\t<\/li>\n<li>\n\t\t\t\t\t\t\t\t\t\tExtra\n\t\t\t\t\t\t\t\t\t<\/li>\n<li>\n\t\t\t\t\t\t\t\t\t\tDicas\n\t\t\t\t\t\t\t\t\t<\/li>\n<\/ul>\n<p>\t\t\t\t\t\t\t\t\t\t\t\t\t\t\t<img decoding=\"async\" width=\"1920\" height=\"1280\" src=\"https:\/\/desertexplored.com\/wp-content\/uploads\/2021\/05\/Ouzoud_monkeys.jpg\" alt=\"\" loading=\"lazy\" srcset=\"https:\/\/desertexplored.com\/wp-content\/uploads\/2021\/05\/Ouzoud_monkeys.jpg 1920w, https:\/\/desertexplored.com\/wp-content\/uploads\/2021\/05\/Ouzoud_monkeys-300x200.jpg 300w, https:\/\/desertexplored.com\/wp-content\/uploads\/2021\/05\/Ouzoud_monkeys-1030x687.jpg 1030w, https:\/\/desertexplored.com\/wp-content\/uploads\/2021\/05\/Ouzoud_monkeys-768x512.jpg 768w, https:\/\/desertexplored.com\/wp-content\/uploads\/2021\/05\/Ouzoud_monkeys-1536x1024.jpg 1536w, https:\/\/desertexplored.com\/wp-content\/uploads\/2021\/05\/Ouzoud_monkeys-1500x1000.jpg 1500w, https:\/\/desertexplored.com\/wp-content\/uploads\/2021\/05\/Ouzoud_monkeys-705x470.jpg 705w, https:\/\/desertexplored.com\/wp-content\/uploads\/2021\/05\/Ouzoud_monkeys-450x300.jpg 450w\" sizes=\"auto, (max-width: 1920px) 100vw, 1920px\" \/>\t\t\t\t\t\t\t\t\t\t\t\t\t\t\t<\/p>\n<ul>\n<li>\n\t\t\t\t\t\t\t\t\t\t4.5 \/5 Excelente\n\t\t\t\t\t\t\t\t\t<\/li>\n<li>\n\t\t\t\t\t\t\t\t\t\t2 Coment\u00e1rios\n\t\t\t\t\t\t\t\t\t<\/li>\n<\/ul>\n<h2>\u20ac 80,00<br \/>\n\/ pax<\/h2>\n<p>\t\t\t<a href=\"#\"><br \/>\n\t\t\t\t\t\tReservar agora<br \/>\n\t\t\t\t\t<\/a><br \/>\n\t\t\t<iframe loading=\"lazy\"\n\t\t\t\t\tsrc=\"https:\/\/maps.google.com\/maps?q=ouzoud&#038;t=m&#038;z=19&#038;output=embed&#038;iwloc=near\"\n\t\t\t\t\ttitle=\"ouzoud\"\n\t\t\t\t\taria-label=\"ouzoud\"\n\t\t\t><\/iframe><\/p>\n","protected":false},"excerpt":{"rendered":"<p>Marraquexe &#8211; Cascatas de Ouzoud &#8211; Marraquexe Sair da agitada cidade e relaxar no espect\u00e1culo natural deste lugar ser\u00e1 a primeira verdadeira sensa\u00e7\u00e3o de prazer que ter\u00e1 nesta excurs\u00e3o. Poucos turistas conseguem sair at\u00e9 estas \u00e1reas, mas esta excurs\u00e3o vai lev\u00e1-lo da cidade para as cascatas e de volta dentro de um dia cheio e [&hellip;]<\/p>\n","protected":false},"author":1,"featured_media":0,"parent":0,"menu_order":0,"comment_status":"closed","ping_status":"closed","template":"elementor_header_footer","meta":{"footnotes":""},"class_list":["post-8998","page","type-page","status-publish","hentry"],"_hostinger_reach_plugin_has_subscription_block":false,"_hostinger_reach_plugin_is_elementor":false,"_links":{"self":[{"href":"https:\/\/desertexplored.com\/pt-br\/wp-json\/wp\/v2\/pages\/8998","targetHints":{"allow":["GET"]}}],"collection":[{"href":"https:\/\/desertexplored.com\/pt-br\/wp-json\/wp\/v2\/pages"}],"about":[{"href":"https:\/\/desertexplored.com\/pt-br\/wp-json\/wp\/v2\/types\/page"}],"author":[{"embeddable":true,"href":"https:\/\/desertexplored.com\/pt-br\/wp-json\/wp\/v2\/users\/1"}],"replies":[{"embeddable":true,"href":"https:\/\/desertexplored.com\/pt-br\/wp-json\/wp\/v2\/comments?post=8998"}],"version-history":[{"count":0,"href":"https:\/\/desertexplored.com\/pt-br\/wp-json\/wp\/v2\/pages\/8998\/revisions"}],"wp:attachment":[{"href":"https:\/\/desertexplored.com\/pt-br\/wp-json\/wp\/v2\/media?parent=8998"}],"curies":[{"name":"wp","href":"https:\/\/api.w.org\/{rel}","templated":true}]}}