{"id":8760,"date":"2022-06-13T15:31:15","date_gmt":"2022-06-13T15:31:15","guid":{"rendered":"https:\/\/desertexplored.com\/actividades-no-deserto\/"},"modified":"2022-11-13T18:40:15","modified_gmt":"2022-11-13T18:40:15","slug":"actividades-no-deserto","status":"publish","type":"page","link":"https:\/\/desertexplored.com\/pt-br\/actividades-no-deserto\/","title":{"rendered":"Actividades no deserto"},"content":{"rendered":"<p>[av_section min_height=&#8221; min_height_px=&#8217;500px&#8217; padding=&#8217;default&#8217; shadow=&#8217;no-border-styling&#8217; bottom_border=&#8217;no-border-styling&#8217; bottom_border_diagonal_color=&#8217;#333333&#8242; bottom_border_diagonal_direction=&#8221; bottom_border_style=&#8221; custom_arrow_bg=&#8221; id=&#8221; color=&#8217;main_color&#8217; background=&#8217;bg_color&#8217; custom_bg=&#8221; background_gradient_color1=&#8221; background_gradient_color2=&#8221; background_gradient_direction=&#8217;vertical&#8217; src=&#8221; attachment=&#8221; attachment_size=&#8221; attach=&#8217;scroll&#8217; position=&#8217;top left&#8217; repeat=&#8217;no-repeat&#8217; video=&#8221; video_ratio=&#8217;16:9&#8242; overlay_opacity=&#8217;0.5&#8242; overlay_color=&#8221; overlay_pattern=&#8221; overlay_custom_pattern=&#8221; av_element_hidden_in_editor=&#8217;0&#8242; av_uid=&#8217;av-73ubiw&#8217;]<\/p>\n<p>[av_heading heading=&#8217;Actividades no deserto &#8216; tag=&#8217;h1&#8242; style=&#8217;blockquote modern-quote modern-centered&#8217; size=&#8217;40&#8217; subheading_active=&#8221; subheading_size=&#8217;15&#8217; margin=&#8221; margin_sync=&#8217;true&#8217; padding=&#8217;0&#8242; color=&#8221; custom_font=&#8221; av-medium-font-size-title=&#8221; av-small-font-size-title=&#8221; av-mini-font-size-title=&#8221; av-medium-font-size=&#8221; av-small-font-size=&#8221; av-mini-font-size=&#8221; av_uid=&#8217;av-l4cvvs50&#8242; admin_preview_bg=&#8221;][\/av_heading]<\/p>\n<p>[av_hr class=&#8217;custom&#8217; height=&#8217;50&#8217; shadow=&#8217;no-shadow&#8217; position=&#8217;center&#8217; custom_border=&#8217;av-border-fat&#8217; custom_width=&#8217;140px&#8217; custom_border_color=&#8217;#ef7339&#8242; custom_margin_top=&#8217;30px&#8217; custom_margin_bottom=&#8217;30px&#8217; icon_select=&#8217;no&#8217; custom_icon_color=&#8221; icon=&#8217;ue808&#8242; font=&#8217;entypo-fontello&#8217; av_uid=&#8217;av-l4bst7vo&#8217; admin_preview_bg=&#8221;]<\/p>\n<p>[\/av_section][av_section min_height=&#8221; min_height_px=&#8217;500px&#8217; padding=&#8217;default&#8217; shadow=&#8217;no-border-styling&#8217; bottom_border=&#8217;no-border-styling&#8217; bottom_border_diagonal_color=&#8217;#333333&#8242; bottom_border_diagonal_direction=&#8217;scroll&#8217; bottom_border_style=&#8217;scroll&#8217; scroll_down=&#8221; custom_arrow_bg=&#8221; id=&#8221; color=&#8217;main_color&#8217; background=&#8217;bg_color&#8217; custom_bg=&#8221; background_gradient_color1=&#8221; background_gradient_color2=&#8221; background_gradient_direction=&#8217;vertical&#8217; src=&#8221; attach=&#8217;scroll&#8217; position=&#8217;top left&#8217; repeat=&#8217;no-repeat&#8217; video=&#8221; video_ratio=&#8217;16:9&#8242; video_mobile_disabled=&#8221; overlay_enable=&#8221; overlay_opacity=&#8217;0.5&#8242; overlay_color=&#8221; overlay_pattern=&#8221; overlay_custom_pattern=&#8221; av-desktop-hide=&#8221; av-medium-hide=&#8221; av-small-hide=&#8221; av-mini-hide=&#8221; av_element_hidden_in_editor=&#8217;0&#8242; av_uid=&#8217;av-6c1t08&#8242;]<\/p>\n<p>[av_two_fifth first min_height=&#8221; vertical_alignment=&#8221; space=&#8221; custom_margin=&#8221; margin=&#8217;0px&#8217; link=&#8221; linktarget=&#8221; link_hover=&#8221; padding=&#8217;0px&#8217; border=&#8221; border_color=&#8221; radius=&#8217;0px&#8217; background=&#8217;bg_color&#8217; background_color=&#8221; background_gradient_color1=&#8221; background_gradient_color2=&#8221; background_gradient_direction=&#8217;vertical&#8217; src=&#8221; background_position=&#8217;top left&#8217; background_repeat=&#8217;no-repeat&#8217; animation=&#8221; mobile_breaking=&#8221; mobile_display=&#8221; av_uid=&#8217;av-3xcnw8&#8242;]<\/p>\n<p>[av_image src=&#8217;https:\/\/desertexplored.com\/wp-content\/uploads\/2021\/04\/240_F_42419938_ag6gZzG6t9Qrt36g3OPSYN4IHAjHuEHK.jpg&#8217; attachment=&#8217;2943&#8242; attachment_size=&#8217;full&#8217; align=&#8217;center&#8217; styling=&#8221; hover=&#8221; link=&#8221; target=&#8221; caption=&#8221; font_size=&#8221; appearance=&#8221; overlay_opacity=&#8217;0.4&#8242; overlay_color=&#8217;#000000&#8242; overlay_text_color=&#8217;#ffffff&#8217; copyright=&#8221; animation=&#8217;no-animation&#8217; av_uid=&#8217;av-l4bszq2x&#8217; admin_preview_bg=&#8221;][\/av_image]<\/p>\n<p>[\/av_two_fifth][av_three_fifth min_height=&#8221; vertical_alignment=&#8221; space=&#8221; custom_margin=&#8221; margin=&#8217;0px&#8217; link=&#8221; linktarget=&#8221; link_hover=&#8221; padding=&#8217;0px&#8217; border=&#8221; border_color=&#8221; radius=&#8217;0px&#8217; background=&#8217;bg_color&#8217; background_color=&#8221; background_gradient_color1=&#8221; background_gradient_color2=&#8221; background_gradient_direction=&#8217;vertical&#8217; src=&#8221; background_position=&#8217;top left&#8217; background_repeat=&#8217;no-repeat&#8217; animation=&#8221; mobile_breaking=&#8221; mobile_display=&#8221; av_uid=&#8217;av-31im6g&#8217;]<\/p>\n<p>[av_heading heading=&#8217;Camelismo no Deserto do Sara &#8216; tag=&#8217;h2&#8242; style=&#8217;blockquote modern-quote&#8217; size=&#8217;30&#8217; subheading_active=&#8221; subheading_size=&#8217;15&#8217; margin=&#8221; margin_sync=&#8217;true&#8217; padding=&#8217;10&#8217; color=&#8217;custom-color-heading&#8217; custom_font=&#8217;#f07900&#8242; av-medium-font-size-title=&#8221; av-small-font-size-title=&#8221; av-mini-font-size-title=&#8221; av-medium-font-size=&#8221; av-small-font-size=&#8221; av-mini-font-size=&#8221; av_uid=&#8217;av-l4cvvlcu&#8217; admin_preview_bg=&#8221;][\/av_heading]<\/p>\n<p>[av_textblock size=&#8221; font_color=&#8221; color=&#8221; av-medium-font-size=&#8221; av-small-font-size=&#8221; av-mini-font-size=&#8221; av_uid=&#8217;av-l4bt51bj&#8217; admin_preview_bg=&#8221;]<br \/>\n<span dir=\"ltr\">O Camel trekking Marrocos \u00e9 uma actividade ambulante que pode ser praticada por todos, como um Sahara de 3 dias. <\/span><span dir=\"ltr\">passeio de camelo,ou 5 dias de caminhada no deserto de Marrocos,e 7 dias de caminhada de camelo no Sara,\u00e9 uma actividade original <\/span><span dir=\"ltr\">para as suas f\u00e9rias <a href=\"https:\/\/desertexplored.com\/morocco-travel-guide\/\" target=\"_blank\" rel=\"noopener\">em Marrocos<\/a>!<\/span><\/p>\n<p><span dir=\"ltr\">Primeiro, o camelo \u00e9 o \u00fanico meio de transporte no deserto. A caminhada no deserto de Marrocos \u00e9 tamb\u00e9m uma aventura no deserto,uma imers\u00e3o no <\/span><span dir=\"ltr\">cultura n\u00f3mada. <\/span><span dir=\"ltr\">O ponto de partida para os nossos programas de camelos em Marrocos \u00e9 a aldeia de M&#8217;hamid El Ghizlane,<\/span><span dir=\"ltr\">localizada a cerca de 260 km a sudoeste de Ouarzazate. A aldeia de <a href=\"https:\/\/fr.wikipedia.org\/wiki\/M%27Hamid_El_Ghizlane\" target=\"_blank\" rel=\"noopener\">M&#8217;hamid El Ghizlane<\/a>, que \u00e9 uma das <\/span><span dir=\"ltr\">as portas de entrada do deserto marroquino, \u00e9 de f\u00e1cil acesso.<\/span><br \/>\n[\/av_textblock]<\/p>\n<p>[\/av_three_fifth][\/av_section][av_section min_height=&#8221; min_height_px=&#8217;500px&#8217; padding=&#8217;default&#8217; shadow=&#8217;no-border-styling&#8217; bottom_border=&#8217;no-border-styling&#8217; bottom_border_diagonal_color=&#8217;#333333&#8242; bottom_border_diagonal_direction=&#8217;scroll&#8217; bottom_border_style=&#8217;scroll&#8217; scroll_down=&#8221; custom_arrow_bg=&#8221; id=&#8221; color=&#8217;main_color&#8217; background=&#8217;bg_color&#8217; custom_bg=&#8221; background_gradient_color1=&#8221; background_gradient_color2=&#8221; background_gradient_direction=&#8217;vertical&#8217; src=&#8221; attach=&#8217;scroll&#8217; position=&#8217;top left&#8217; repeat=&#8217;no-repeat&#8217; video=&#8221; video_ratio=&#8217;16:9&#8242; video_mobile_disabled=&#8221; overlay_enable=&#8221; overlay_opacity=&#8217;0.5&#8242; overlay_color=&#8221; overlay_pattern=&#8221; overlay_custom_pattern=&#8221; av-desktop-hide=&#8221; av-medium-hide=&#8221; av-small-hide=&#8221; av-mini-hide=&#8221; av_element_hidden_in_editor=&#8217;0&#8242; av_uid=&#8217;av-6c1t08&#8242;]<\/p>\n<p>[av_two_fifth first min_height=&#8221; vertical_alignment=&#8221; space=&#8221; custom_margin=&#8221; margin=&#8217;0px&#8217; link=&#8221; linktarget=&#8221; link_hover=&#8221; padding=&#8217;0px&#8217; border=&#8221; border_color=&#8221; radius=&#8217;0px&#8217; background=&#8217;bg_color&#8217; background_color=&#8221; background_gradient_color1=&#8221; background_gradient_color2=&#8221; background_gradient_direction=&#8217;vertical&#8217; src=&#8221; background_position=&#8217;top left&#8217; background_repeat=&#8217;no-repeat&#8217; animation=&#8221; mobile_breaking=&#8221; mobile_display=&#8221; av_uid=&#8217;av-3xcnw8&#8242;]<\/p>\n<p>[av_image src=&#8217;https:\/\/desertexplored.com\/wp-content\/uploads\/2022\/06\/mayar-zidan-LVNcykwlDEg-unsplash.jpg&#8217; attachment=&#8217;6752&#8242; attachment_size=&#8217;full&#8217; align=&#8217;center&#8217; styling=&#8221; hover=&#8221; link=&#8221; target=&#8221; caption=&#8221; font_size=&#8221; appearance=&#8221; overlay_opacity=&#8217;0.4&#8242; overlay_color=&#8217;#000000&#8242; overlay_text_color=&#8217;#ffffff&#8217; copyright=&#8221; animation=&#8217;no-animation&#8217; av_uid=&#8217;av-l4bszq2x&#8217; admin_preview_bg=&#8221;][\/av_image]<\/p>\n<p>[\/av_two_fifth][av_three_fifth min_height=&#8221; vertical_alignment=&#8221; space=&#8221; custom_margin=&#8221; margin=&#8217;0px&#8217; link=&#8221; linktarget=&#8221; link_hover=&#8221; padding=&#8217;0px&#8217; border=&#8221; border_color=&#8221; radius=&#8217;0px&#8217; background=&#8217;bg_color&#8217; background_color=&#8221; background_gradient_color1=&#8221; background_gradient_color2=&#8221; background_gradient_direction=&#8217;vertical&#8217; src=&#8221; background_position=&#8217;top left&#8217; background_repeat=&#8217;no-repeat&#8217; animation=&#8221; mobile_breaking=&#8221; mobile_display=&#8221; av_uid=&#8217;av-31im6g&#8217;]<\/p>\n<p>[av_heading heading=&#8217;Servi\u00e7os qu\u00e1druplos&#8217; tag=&#8217;h2&#8242; style=&#8217;blockquote modern-quote&#8217; size=&#8217;30&#8217; subheading_active=&#8221; subheading_size=&#8217;15&#8217; margin=&#8221; margin_sync=&#8217;true&#8217; padding=&#8217;10&#8217; color=&#8217;custom-color-heading&#8217; custom_font=&#8217;#f07900&#8242; av-medium-font-size-title=&#8221; av-small-font-size-title=&#8221; av-mini-font-size-title=&#8221; av-medium-font-size=&#8221; av-small-font-size=&#8221; av-mini-font-size=&#8221; av_uid=&#8217;av-l4cvwqpv&#8217; admin_preview_bg=&#8221;][\/av_heading]<\/p>\n<p>[av_textblock size=&#8221; font_color=&#8221; color=&#8221; av-medium-font-size=&#8221; av-small-font-size=&#8221; av-mini-font-size=&#8221; av_uid=&#8217;av-l4bt51bj&#8217; admin_preview_bg=&#8221;]<br \/>\nOferta &#8220;Desert Explored&#8221; para todos os visitantes marroquinos, guiados por guias e instrutores profissionais, em excurs\u00f5es pelo deserto de Merzouga.<\/p>\n<p>Durante a nossa excurs\u00e3o di\u00e1ria ao deserto de Merzouga Sahara, exploramos o deserto. Connosco conquiste as dunas em constante mudan\u00e7a! A terra f\u00e1bula das dunas de Merzouga est\u00e1 cheia de surpresa encantadora, de diverg\u00eancias espantosas e de experi\u00eancias memor\u00e1veis.<\/p>\n<p>Esta excurs\u00e3o guiada pelo Sara pode partir em qualquer dia e pode ser personalizada.<br \/>\n[\/av_textblock]<\/p>\n<p>[\/av_three_fifth][\/av_section][av_section min_height=&#8221; min_height_px=&#8217;500px&#8217; padding=&#8217;default&#8217; shadow=&#8217;no-border-styling&#8217; bottom_border=&#8217;no-border-styling&#8217; bottom_border_diagonal_color=&#8217;#333333&#8242; bottom_border_diagonal_direction=&#8217;scroll&#8217; bottom_border_style=&#8217;scroll&#8217; scroll_down=&#8221; custom_arrow_bg=&#8221; id=&#8221; color=&#8217;main_color&#8217; background=&#8217;bg_color&#8217; custom_bg=&#8221; background_gradient_color1=&#8221; background_gradient_color2=&#8221; background_gradient_direction=&#8217;vertical&#8217; src=&#8221; attach=&#8217;scroll&#8217; position=&#8217;top left&#8217; repeat=&#8217;no-repeat&#8217; video=&#8221; video_ratio=&#8217;16:9&#8242; video_mobile_disabled=&#8221; overlay_enable=&#8221; overlay_opacity=&#8217;0.5&#8242; overlay_color=&#8221; overlay_pattern=&#8221; overlay_custom_pattern=&#8221; av-desktop-hide=&#8221; av-medium-hide=&#8221; av-small-hide=&#8221; av-mini-hide=&#8221; av_element_hidden_in_editor=&#8217;0&#8242; av_uid=&#8217;av-6c1t08&#8242;]<\/p>\n<p>[av_two_fifth first min_height=&#8221; vertical_alignment=&#8221; space=&#8221; custom_margin=&#8221; margin=&#8217;0px&#8217; link=&#8221; linktarget=&#8221; link_hover=&#8221; padding=&#8217;0px&#8217; border=&#8221; border_color=&#8221; radius=&#8217;0px&#8217; background=&#8217;bg_color&#8217; background_color=&#8221; background_gradient_color1=&#8221; background_gradient_color2=&#8221; background_gradient_direction=&#8217;vertical&#8217; src=&#8221; background_position=&#8217;top left&#8217; background_repeat=&#8217;no-repeat&#8217; animation=&#8221; mobile_breaking=&#8221; mobile_display=&#8221; av_uid=&#8217;av-3xcnw8&#8242;]<\/p>\n<p>[av_image src=&#8217;https:\/\/desertexplored.com\/wp-content\/uploads\/2019\/08\/surf.jpg&#8217; attachment=&#8217;1680&#8242; attachment_size=&#8217;full&#8217; align=&#8217;center&#8217; styling=&#8221; hover=&#8221; link=&#8221; target=&#8221; caption=&#8221; font_size=&#8221; appearance=&#8221; overlay_opacity=&#8217;0.4&#8242; overlay_color=&#8217;#000000&#8242; overlay_text_color=&#8217;#ffffff&#8217; copyright=&#8221; animation=&#8217;no-animation&#8217; av_uid=&#8217;av-l4bszq2x&#8217; admin_preview_bg=&#8221;][\/av_image]<\/p>\n<p>[\/av_two_fifth][av_three_fifth min_height=&#8221; vertical_alignment=&#8221; space=&#8221; custom_margin=&#8221; margin=&#8217;0px&#8217; link=&#8221; linktarget=&#8221; link_hover=&#8221; padding=&#8217;0px&#8217; border=&#8221; border_color=&#8221; radius=&#8217;0px&#8217; background=&#8217;bg_color&#8217; background_color=&#8221; background_gradient_color1=&#8221; background_gradient_color2=&#8221; background_gradient_direction=&#8217;vertical&#8217; src=&#8221; background_position=&#8217;top left&#8217; background_repeat=&#8217;no-repeat&#8217; animation=&#8221; mobile_breaking=&#8221; mobile_display=&#8221; av_uid=&#8217;av-31im6g&#8217;]<\/p>\n<p>[av_heading heading=&#8217;Navegar na areia &#8216; tag=&#8217;h2&#8242; style=&#8217;blockquote modern-quote&#8217; size=&#8217;30&#8217; subheading_active=&#8221; subheading_size=&#8217;15&#8217; margin=&#8221; margin_sync=&#8217;true&#8217; padding=&#8217;10&#8217; color=&#8217;custom-color-heading&#8217; custom_font=&#8217;#f07900&#8242; av-medium-font-size-title=&#8221; av-small-font-size-title=&#8221; av-mini-font-size-title=&#8221; av-medium-font-size=&#8221; av-small-font-size=&#8221; av-mini-font-size=&#8221; av_uid=&#8217;av-l4cvwqpv&#8217; admin_preview_bg=&#8221;][\/av_heading]<\/p>\n<p>[av_textblock size=&#8221; font_color=&#8221; color=&#8221; av-medium-font-size=&#8221; av-small-font-size=&#8221; av-mini-font-size=&#8221; av_uid=&#8217;av-l4bt51bj&#8217; admin_preview_bg=&#8221;]<br \/>\nO Sandboarding no deserto de Merzouga no Saara marroquino de Erg Chebbi \u00e9 uma das mais importantes experi\u00eancias de aventura e viagem pelo deserto em Marrocos.<\/p>\n<p>O &#8220;sand-boarding&#8221; \u00e9 uma actividade muito popular no deserto de Merzouga, e deve fazer-se quando se passa tempo no acampamento no deserto uma vez que se chega a bivouac em excurs\u00e3o de camelo em Merzouga. Desfrutar\u00e1 do tempo perfeito do deserto de Merzouga. Subimos as altas dunas do deserto de Merzouga e deslizamos para baixo durante cerca de 1 hora.<br \/>\n[\/av_textblock]<\/p>\n<p>[\/av_three_fifth][\/av_section]<\/p>\n","protected":false},"excerpt":{"rendered":"<p>[av_section min_height=&#8221; min_height_px=&#8217;500px&#8217; padding=&#8217;default&#8217; shadow=&#8217;no-border-styling&#8217; bottom_border=&#8217;no-border-styling&#8217; bottom_border_diagonal_color=&#8217;#333333&#8242; bottom_border_diagonal_direction=&#8221; bottom_border_style=&#8221; custom_arrow_bg=&#8221; id=&#8221; color=&#8217;main_color&#8217; background=&#8217;bg_color&#8217; custom_bg=&#8221; background_gradient_color1=&#8221; background_gradient_color2=&#8221; background_gradient_direction=&#8217;vertical&#8217; src=&#8221; attachment=&#8221; attachment_size=&#8221; attach=&#8217;scroll&#8217; position=&#8217;top left&#8217; repeat=&#8217;no-repeat&#8217; video=&#8221; video_ratio=&#8217;16:9&#8242; overlay_opacity=&#8217;0.5&#8242; overlay_color=&#8221; overlay_pattern=&#8221; overlay_custom_pattern=&#8221; av_element_hidden_in_editor=&#8217;0&#8242; av_uid=&#8217;av-73ubiw&#8217;] [av_heading heading=&#8217;Actividades no deserto &#8216; tag=&#8217;h1&#8242; style=&#8217;blockquote modern-quote modern-centered&#8217; size=&#8217;40&#8217; subheading_active=&#8221; subheading_size=&#8217;15&#8217; margin=&#8221; margin_sync=&#8217;true&#8217; padding=&#8217;0&#8242; color=&#8221; custom_font=&#8221; av-medium-font-size-title=&#8221; av-small-font-size-title=&#8221; av-mini-font-size-title=&#8221; av-medium-font-size=&#8221; av-small-font-size=&#8221; av-mini-font-size=&#8221; [&hellip;]<\/p>\n","protected":false},"author":2,"featured_media":0,"parent":0,"menu_order":5,"comment_status":"closed","ping_status":"closed","template":"","meta":{"footnotes":""},"class_list":["post-8760","page","type-page","status-publish","hentry"],"_hostinger_reach_plugin_has_subscription_block":false,"_hostinger_reach_plugin_is_elementor":false,"_links":{"self":[{"href":"https:\/\/desertexplored.com\/pt-br\/wp-json\/wp\/v2\/pages\/8760","targetHints":{"allow":["GET"]}}],"collection":[{"href":"https:\/\/desertexplored.com\/pt-br\/wp-json\/wp\/v2\/pages"}],"about":[{"href":"https:\/\/desertexplored.com\/pt-br\/wp-json\/wp\/v2\/types\/page"}],"author":[{"embeddable":true,"href":"https:\/\/desertexplored.com\/pt-br\/wp-json\/wp\/v2\/users\/2"}],"replies":[{"embeddable":true,"href":"https:\/\/desertexplored.com\/pt-br\/wp-json\/wp\/v2\/comments?post=8760"}],"version-history":[{"count":0,"href":"https:\/\/desertexplored.com\/pt-br\/wp-json\/wp\/v2\/pages\/8760\/revisions"}],"wp:attachment":[{"href":"https:\/\/desertexplored.com\/pt-br\/wp-json\/wp\/v2\/media?parent=8760"}],"curies":[{"name":"wp","href":"https:\/\/api.w.org\/{rel}","templated":true}]}}