{"id":8716,"date":"2018-05-03T15:19:56","date_gmt":"2018-05-03T15:19:56","guid":{"rendered":"https:\/\/desertexplored.com\/sobre-nos\/"},"modified":"2023-08-13T13:57:01","modified_gmt":"2023-08-13T13:57:01","slug":"sobre-nos","status":"publish","type":"page","link":"https:\/\/desertexplored.com\/pt-br\/sobre-nos\/","title":{"rendered":"Sobre n\u00f3s"},"content":{"rendered":"<p>Uma pequena hist\u00f3ria<\/p>\n<style>\/*! elementor - v3.15.0 - 09-08-2023 *\/\n.elementor-heading-title{padding:0;margin:0;line-height:1}.elementor-widget-heading .elementor-heading-title[class*=elementor-size-]>a{color:inherit;font-size:inherit;line-height:inherit}.elementor-widget-heading .elementor-heading-title.elementor-size-small{font-size:15px}.elementor-widget-heading .elementor-heading-title.elementor-size-medium{font-size:19px}.elementor-widget-heading .elementor-heading-title.elementor-size-large{font-size:29px}.elementor-widget-heading .elementor-heading-title.elementor-size-xl{font-size:39px}.elementor-widget-heading .elementor-heading-title.elementor-size-xxl{font-size:59px}<\/style>\n<h1>Sobre n\u00f3s<\/h1>\n<p>Parab\u00e9ns pela vossa decis\u00e3o de visitar Marrocos! Desert Explored Moroccan Tour Company \u00e9 a descoberta n\u00famero um para a cultura e a aventura! Tamb\u00e9m tivemos a oportunidade de colaborar com outros profissionais do sector.<\/p>\n<p>Sobre<\/p>\n<h2>Quem somos  <\/h2>\n<p>Somos uma empresa de viagens honesta e &#8220;acreditada&#8221; situada em Marraquexe, Marrocos, e orgulhamo-nos de ser os guias oficiais dos berberes marroquinos. Cri\u00e1mos a nossa empresa em 2008 e, desde ent\u00e3o, especializ\u00e1mo-nos em <strong>visitas<\/strong> guiadas privadas a <strong>Marrocos<\/strong> para grupos de 1 a 50 pessoas.<\/p>\n<p>\t\t\t<a href=\"https:\/\/desertexplored.com\/pt-br\/contacte-nos\/\"><br \/>\n\t\t\t\t\t\tContactar-nos<br \/>\n\t\t\t\t\t<\/a><\/p>\n<p>o nosso compromisso<\/p>\n<h2>A nossa miss\u00e3o  <\/h2>\n<p>Somos especializados em excurs\u00f5es de um <strong>dia a Marrocos<\/strong>, f\u00e9rias de safari de luxo, passeios a p\u00e9 nas Montanhas Atlas, passeios <strong>de aventura no Deserto do Saara<\/strong>, cidades imperiais e passeios culturais de Marrocos, aqueles que se concentram nos melhores lugares para ver em Marrocos, visitas \u00e0s majestosas Montanhas Atlas, Deserto do Saara, todos os nossos passeios se concentram em  <\/p>\n<p>\t\t\t<a href=\"https:\/\/desertexplored.com\/pt-br\/passeios-marrocos\/\"><br \/>\n\t\t\t\t\t\tVer pacotes<br \/>\n\t\t\t\t\t<\/a><\/p>\n<h2>\nA nossa Filosofia<\/h2>\n<p>Somos uma empresa de viagens detida por trabalhadores que se apoia nos nossos valores, honestidade e dedica\u00e7\u00e3o \u00e0 satisfa\u00e7\u00e3o do cliente. A nossa empresa premiada destaca-se constantemente entre os outros escrit\u00f3rios do pa\u00eds.<\/p>\n<p>Acreditamos que Marrocos \u00e9 o tipo de lugar que se visita mais do que uma vez: os nossos passeios \u00fanicos, que s\u00e3o personalizados e criados para indiv\u00edduos com necessidades diferentes, ir\u00e3o provar in\u00fameras formas de ver a nossa maravilhosa na\u00e7\u00e3o e garantir a sua visita de regresso a Marrocos por muitos anos! Curiosidade: Durante a \u00faltima d\u00e9cada, gui\u00e1mos e coorden\u00e1mos excurs\u00f5es para uma vasta gama de indiv\u00edduos e grupos, incluindo institui\u00e7\u00f5es de caridade bem conhecidas no Reino Unido, Gibraltar e em toda a Europa! Tamb\u00e9m tivemos a oportunidade de colaborar com outros profissionais do sector.<\/p>\n<p>Dunas de chebbi Erg  <\/p>\n<h3><a href=\"#\">Passeios no deserto  <\/a><\/h3>\n<h3><a href=\"#\">Viagem cultural  <\/a><\/h3>\n<h3><a href=\"#\">Passeios pela cidade<\/a><\/h3>\n<h3><a href=\"#\">Viagem de lua de mel<\/a><\/h3>\n","protected":false},"excerpt":{"rendered":"<p>Uma pequena hist\u00f3ria Sobre n\u00f3s Parab\u00e9ns pela vossa decis\u00e3o de visitar Marrocos! Desert Explored Moroccan Tour Company \u00e9 a descoberta n\u00famero um para a cultura e a aventura! Tamb\u00e9m tivemos a oportunidade de colaborar com outros profissionais do sector. Sobre Quem somos Somos uma empresa de viagens honesta e &#8220;acreditada&#8221; situada em Marraquexe, Marrocos, e [&hellip;]<\/p>\n","protected":false},"author":1,"featured_media":0,"parent":0,"menu_order":2,"comment_status":"closed","ping_status":"closed","template":"","meta":{"footnotes":""},"class_list":["post-8716","page","type-page","status-publish","hentry"],"_hostinger_reach_plugin_has_subscription_block":false,"_hostinger_reach_plugin_is_elementor":false,"_links":{"self":[{"href":"https:\/\/desertexplored.com\/pt-br\/wp-json\/wp\/v2\/pages\/8716","targetHints":{"allow":["GET"]}}],"collection":[{"href":"https:\/\/desertexplored.com\/pt-br\/wp-json\/wp\/v2\/pages"}],"about":[{"href":"https:\/\/desertexplored.com\/pt-br\/wp-json\/wp\/v2\/types\/page"}],"author":[{"embeddable":true,"href":"https:\/\/desertexplored.com\/pt-br\/wp-json\/wp\/v2\/users\/1"}],"replies":[{"embeddable":true,"href":"https:\/\/desertexplored.com\/pt-br\/wp-json\/wp\/v2\/comments?post=8716"}],"version-history":[{"count":0,"href":"https:\/\/desertexplored.com\/pt-br\/wp-json\/wp\/v2\/pages\/8716\/revisions"}],"wp:attachment":[{"href":"https:\/\/desertexplored.com\/pt-br\/wp-json\/wp\/v2\/media?parent=8716"}],"curies":[{"name":"wp","href":"https:\/\/api.w.org\/{rel}","templated":true}]}}