{"id":8704,"date":"2022-10-19T13:12:34","date_gmt":"2022-10-19T13:12:34","guid":{"rendered":"https:\/\/desertexplored.com\/passeios-marrocos\/"},"modified":"2024-02-22T18:47:49","modified_gmt":"2024-02-22T18:47:49","slug":"passeios-marrocos","status":"publish","type":"page","link":"https:\/\/desertexplored.com\/pt-br\/passeios-marrocos\/","title":{"rendered":"passeios marrocos"},"content":{"rendered":"<h2>melhores pacotes de passeios em Marrocos <\/h2>\n<p>Nossos passeios escolhidos a dedo para o <strong>Sahara desert<\/strong> e <strong>imperial cities<\/strong> de Marrocos permitir\u00e1 que voc\u00ea experimente uma <strong>experi\u00eancia \u00fanica privada<\/strong> de uma maneira muito \u00fanica. Esses passeios incluem as melhores acomoda\u00e7\u00f5es em seu caminho para o deserto. Planeie e reserve os seus passios perfeitos <strong>no deserto de Marraquexe<\/strong> com conselhos de especialistas locais, dicas de viagem e inspira\u00e7\u00e3o do melhor operador tur\u00edstico de Marrocos.<\/p>\n<p>\t\t\t<a href=\"https:\/\/desertexplored.com\/pt-br\/contacte-nos\/\"><br \/>\n\t\t\t\t\t\tContacte-nos<br \/>\n\t\t\t\t\t<\/a><\/p>\n<h2>Excurs\u00f5es populares em Marrocos <\/h2>\n<p>As nossas excurs\u00f5es de cultura marroquina oferecem uma oportunidade \u00fanica de aventura. As nossas excurs\u00f5es \u00e0s Montanhas Atlas levam-no atrav\u00e9s de paisagens deslumbrantes ao longo do caminho percorrido. Atravesse o deserto do Saara no dorso de um camelo, durma sob um c\u00e9u estrelado e admire um nascer do sol de cortar a respira\u00e7\u00e3o do cimo de uma enorme duna de areia, e visite as mais belas cidades imperiais de Marrocos.<\/p>\n<p>\t\t\t\t\t\t\t\t\t\t\t\t\t\t\t<img decoding=\"async\" src=\"https:\/\/desertexplored.com\/wp-content\/uploads\/elementor\/thumbs\/fes-city-architucture-qh5o0rgdo3gtvmf8a8ow1xsd3tyzm2ut67zdits11s.webp\" title=\"fes-city-architucture\" alt=\"fes-city-architucture\" loading=\"lazy\" \/><br \/>\n\t\t\t\t\t\t<i>&#xE934;<\/i><i>&#xE934;<\/i><i>&#xE934;<\/i><i>&#xE934;<\/i><i>&#xE934;<\/i> 5\/5\t\t<\/p>\n<h4>Visita a Marrocos escolhida a dedo <\/h4>\n<ul>\n<li>\n\t\t\t\t\t\t\t\t\t\tCasablanca\n\t\t\t\t\t\t\t\t\t<\/li>\n<li>\n\t\t\t\t\t\t\t\t\t\t14 dias\n\t\t\t\t\t\t\t\t\t<\/li>\n<li>\n\t\t\t\t\t\t\t\t\t\tParticular\n\t\t\t\t\t\t\t\t\t<\/li>\n<\/ul>\n<p>este passeio \u00e9 perfeito se quiser conhecer a cultura, a arquitectura e os monumentos antigos do pa\u00eds<\/p>\n<p>\t\t\t<a href=\"https:\/\/desertexplored.com\/pt-br\/tour\/14-dias-de-viagem-pelo-marrocos-saindo-de-casablanca\/\"><br \/>\n\t\t\t\t\t\tDetalhes da excurs\u00e3o<br \/>\n\t\t\t\t\t<\/a><br \/>\n\t\t\t\t\t\t\t\t\t\t\t\t\t\t\t<img decoding=\"async\" src=\"https:\/\/desertexplored.com\/wp-content\/uploads\/elementor\/thumbs\/desert-camel-trep-sahara-qh5fog0q3ocsgqnfxfe0eq0khy76bgm5vscjm7291s.webp\" title=\"desert-camel-trep-sahara\" alt=\"people ride camel in desert tour\" loading=\"lazy\" \/><br \/>\n\t\t\t\t\t\t<i>&#xE933;<\/i><i>&#xE933;<\/i><i>&#xE933;<\/i><i>&#xE933;<\/i><i>&#xE933;<\/i> 5\/5\t\t<\/p>\n<h4>Viagem de 6 dias a partir de Marraquexe<\/h4>\n<ul>\n<li>\n\t\t\t\t\t\t\t\t\t\tMarrakech\n\t\t\t\t\t\t\t\t\t<\/li>\n<li>\n\t\t\t\t\t\t\t\t\t\t6 dias\n\t\t\t\t\t\t\t\t\t<\/li>\n<li>\n\t\t\t\t\t\t\t\t\t\tParticular\n\t\t\t\t\t\t\t\t\t<\/li>\n<\/ul>\n<p>Melhor Volta ao Deserto de Marrocos feita \u00e0 m\u00e3o de Marraquexe ao Deserto de Merzouga via Zagora , passa uma noite memor\u00e1vel no Meio do Deserto <\/p>\n<p>\t\t\t<a href=\"https:\/\/desertexplored.com\/pt-br\/tour\/excursao-de-6-dias-de-marrakech-a-merzouga-via-zagora\/\"><br \/>\n\t\t\t\t\t\tDetalhes da excurs\u00e3o<br \/>\n\t\t\t\t\t<\/a><br \/>\n\t\t\t\t\t\t\t\t\t\t\t\t\t\t\t<img decoding=\"async\" width=\"820\" height=\"520\" src=\"https:\/\/desertexplored.com\/wp-content\/uploads\/2022\/10\/shutterstock_1316590337-820x520.jpg-1.webp\" alt=\"Desert tour with camels\" srcset=\"https:\/\/desertexplored.com\/wp-content\/uploads\/2022\/10\/shutterstock_1316590337-820x520.jpg-1.webp 820w, https:\/\/desertexplored.com\/wp-content\/uploads\/2022\/10\/shutterstock_1316590337-820x520.jpg-1-300x190.webp 300w, https:\/\/desertexplored.com\/wp-content\/uploads\/2022\/10\/shutterstock_1316590337-820x520.jpg-1-768x487.webp 768w, https:\/\/desertexplored.com\/wp-content\/uploads\/2022\/10\/shutterstock_1316590337-820x520.jpg-1-705x447.webp 705w, https:\/\/desertexplored.com\/wp-content\/uploads\/2022\/10\/shutterstock_1316590337-820x520.jpg-1-450x285.webp 450w\" sizes=\"(max-width: 820px) 100vw, 820px\" \/><br \/>\n\t\t\t\t\t\t<i>&#xE933;<\/i><i>&#xE933;<\/i><i>&#xE933;<\/i><i>&#xE933;<\/i><i>&#xE933;<\/i> 5\/5\t\t<\/p>\n<h4>Fes para Marraquexe via chebbi Erg<\/h4>\n<ul>\n<li>\n\t\t\t\t\t\t\t\t\t\tFes\n\t\t\t\t\t\t\t\t\t<\/li>\n<li>\n\t\t\t\t\t\t\t\t\t\t4 dias\n\t\t\t\t\t\t\t\t\t<\/li>\n<li>\n\t\t\t\t\t\t\t\t\t\tParticular\n\t\t\t\t\t\t\t\t\t<\/li>\n<\/ul>\n<p> Viagem de 4 dias ao Deserto de Merzouga para descobrir o deslumbrante Deserto do Saara. Termine a sua viagem em Marraquexe<\/p>\n<p>\t\t\t<a href=\"https:\/\/desertexplored.com\/pt-br\/tour\/excursao-de-4-dias-pelo-deserto-de-marrakech-a-fes\/\"><br \/>\n\t\t\t\t\t\tDetalhes da excurs\u00e3o<br \/>\n\t\t\t\t\t<\/a><br \/>\n\t\t\t\t\t\t\t\t\t\t\t\t\t\t\t<img decoding=\"async\" src=\"https:\/\/desertexplored.com\/wp-content\/uploads\/2022\/08\/ait_benhaddou-1-705x471.jpg\" title=\"ait_benhaddou (1)\" alt=\"Luxury sahara tour from Marrakech\" loading=\"lazy\" \/><br \/>\n\t\t\t\t\t\t<i>&#xE934;<\/i><i>&#xE934;<\/i><i>&#xE934;<\/i><i>&#xE934;<\/i><i>&#xE934;<\/i> 5\/5\t\t<\/p>\n<h4>Viagem ao Sara a partir de Marraquexe<\/h4>\n<ul>\n<li>\n\t\t\t\t\t\t\t\t\t\tMarrakech\n\t\t\t\t\t\t\t\t\t<\/li>\n<li>\n\t\t\t\t\t\t\t\t\t\t4 dias\n\t\t\t\t\t\t\t\t\t<\/li>\n<li>\n\t\t\t\t\t\t\t\t\t\tParticular\n\t\t\t\t\t\t\t\t\t<\/li>\n<\/ul>\n<p>Viva uma espantosa experi\u00eancia de acampamento atrav\u00e9s desta viagem ao deserto do Sara marroquino \u00e0s dunas de Erg Chebbi de Marraquexe<\/p>\n<p>\t\t\t<a href=\"https:\/\/desertexplored.com\/pt-br\/tour\/tour-sahara-de-luxo-a-partir-de-marraquexe\/\"><br \/>\n\t\t\t\t\t\tDetalhes da excurs\u00e3o<br \/>\n\t\t\t\t\t<\/a><br \/>\n\t\t\t\t\t\t\t\t\t\t\t\t\t\t\t<img decoding=\"async\" src=\"https:\/\/desertexplored.com\/wp-content\/uploads\/2022\/08\/merzouga-morocco.jpg\" title=\"merzouga-morocco\" alt=\"camels in desert tour\" loading=\"lazy\" \/><br \/>\n\t\t\t\t\t\t<i>&#xE933;<\/i><i>&#xE933;<\/i><i>&#xE933;<\/i><i>&#xE933;<\/i><i>&#xE933;<\/i> 5\/5\t\t<\/p>\n<h4>Visita ao deserto de Marraquexe<\/h4>\n<ul>\n<li>\n\t\t\t\t\t\t\t\t\t\tMarrakech\n\t\t\t\t\t\t\t\t\t<\/li>\n<li>\n\t\t\t\t\t\t\t\t\t\t8 dias\n\t\t\t\t\t\t\t\t\t<\/li>\n<li>\n\t\t\t\t\t\t\t\t\t\tParticular\n\t\t\t\t\t\t\t\t\t<\/li>\n<\/ul>\n<p>Tour From Marrakech City toward the magical Sahara desert and Fes Experience the real Moroccan Berber culture during these 8 days Trip<\/p>\n<p>\t\t\t<a href=\"https:\/\/desertexplored.com\/pt-br\/tour\/excursao-de-8-dias-de-marrakech-a-fez\/\"><br \/>\n\t\t\t\t\t\tDetalhes da excurs\u00e3o<br \/>\n\t\t\t\t\t<\/a><br \/>\n\t\t\t\t\t\t\t\t\t\t\t\t\t\t\t<img decoding=\"async\" src=\"https:\/\/desertexplored.com\/wp-content\/uploads\/2022\/03\/fes-tannery-lidier-morocco.jpg\" title=\"fes-tannery-lidier-morocco\" alt=\"fes-tannery-lidier-morocco\" loading=\"lazy\" \/><br \/>\n\t\t\t\t\t\t<i>&#xE933;<\/i><i>&#xE933;<\/i><i>&#xE933;<\/i><i>&#xE933;<\/i><i>&#xE933;<\/i> 5\/5\t\t<\/p>\n<h4> Viagem de Marraquexe a Casablanca<\/h4>\n<ul>\n<li>\n\t\t\t\t\t\t\t\t\t\tMarrakech\n\t\t\t\t\t\t\t\t\t<\/li>\n<li>\n\t\t\t\t\t\t\t\t\t\t10 dias\n\t\t\t\t\t\t\t\t\t<\/li>\n<li>\n\t\t\t\t\t\t\t\t\t\tParticular\n\t\t\t\t\t\t\t\t\t<\/li>\n<\/ul>\n<p>Aproveite a grande excurs\u00e3o de 10 dias do Marrocos, de Marrakech e Essaouira a Rabat e Casablanca, passando por Fes e Chefchaoeun.<\/p>\n<p>\t\t\t<a href=\"https:\/\/desertexplored.com\/pt-br\/tour\/viagem-de-marraquexe-a-casablanca-atraves-das-cidades-imperiais\/\"><br \/>\n\t\t\t\t\t\tDetalhes da excurs\u00e3o<br \/>\n\t\t\t\t\t<\/a><br \/>\n\t\t\t\t\t\t\t\t\t\t\t\t\t\t\t<img decoding=\"async\" width=\"1030\" height=\"687\" src=\"https:\/\/desertexplored.com\/wp-content\/uploads\/2023\/06\/sahara-palm-trees-dunes-1030x687.jpg\" alt=\"oasis in desert dunes\" srcset=\"https:\/\/desertexplored.com\/wp-content\/uploads\/2023\/06\/sahara-palm-trees-dunes-1030x687.jpg 1030w, https:\/\/desertexplored.com\/wp-content\/uploads\/2023\/06\/sahara-palm-trees-dunes-300x200.jpg 300w, https:\/\/desertexplored.com\/wp-content\/uploads\/2023\/06\/sahara-palm-trees-dunes-768x512.jpg 768w, https:\/\/desertexplored.com\/wp-content\/uploads\/2023\/06\/sahara-palm-trees-dunes-1536x1024.jpg 1536w, https:\/\/desertexplored.com\/wp-content\/uploads\/2023\/06\/sahara-palm-trees-dunes-2048x1365.jpg 2048w\" sizes=\"(max-width: 1030px) 100vw, 1030px\" \/><br \/>\n\t\t\t\t\t\t<i>&#xE934;<\/i><i>&#xE934;<\/i><i>&#xE934;<\/i><i>&#xE934;<\/i><i>&#xE934;<\/i> 5\/5\t\t<\/p>\n<h4>Excurs\u00e3o de 3 dias a partir de Marraquexe<\/h4>\n<ul>\n<li>\n\t\t\t\t\t\t\t\t\t\tMarrakech\n\t\t\t\t\t\t\t\t\t<\/li>\n<li>\n\t\t\t\t\t\t\t\t\t\t3 dias\n\t\t\t\t\t\t\t\t\t<\/li>\n<li>\n\t\t\t\t\t\t\t\t\t\tParticular\n\t\t\t\t\t\t\t\t\t<\/li>\n<\/ul>\n<p>Passar pelas altas montanhas do Atlas, explorar muitas aldeias berberes antigas e passar uma experi\u00eancia \u00fanica no deserto.<\/p>\n<p>\t\t\t<a href=\"https:\/\/desertexplored.com\/pt-br\/excursao-ao-deserto-no-marrocos-saindo-de-marrakech\/\"><br \/>\n\t\t\t\t\t\tDetalhes da excurs\u00e3o<br \/>\n\t\t\t\t\t<\/a><br \/>\n\t\t\t\t\t\t\t\t\t\t\t\t\t\t\t<img decoding=\"async\" width=\"1030\" height=\"637\" src=\"https:\/\/desertexplored.com\/wp-content\/uploads\/2023\/08\/pexels-saad-jebbour-4869960-2-1030x637.jpg\" alt=\"\" srcset=\"https:\/\/desertexplored.com\/wp-content\/uploads\/2023\/08\/pexels-saad-jebbour-4869960-2-1030x637.jpg 1030w, https:\/\/desertexplored.com\/wp-content\/uploads\/2023\/08\/pexels-saad-jebbour-4869960-2-300x185.jpg 300w, https:\/\/desertexplored.com\/wp-content\/uploads\/2023\/08\/pexels-saad-jebbour-4869960-2-768x475.jpg 768w, https:\/\/desertexplored.com\/wp-content\/uploads\/2023\/08\/pexels-saad-jebbour-4869960-2-600x371.jpg 600w, https:\/\/desertexplored.com\/wp-content\/uploads\/2023\/08\/pexels-saad-jebbour-4869960-2.jpg 1280w\" sizes=\"(max-width: 1030px) 100vw, 1030px\" \/><br \/>\n\t\t\t\t\t\t<i>&#xE934;<\/i><i>&#xE934;<\/i><i>&#xE934;<\/i><i>&#xE934;<\/i><i>&#xE934;<\/i> 5\/5\t\t<\/p>\n<h4>Excurs\u00e3o de 2 dias ao deserto a partir de Errachidia<\/h4>\n<ul>\n<li>\n\t\t\t\t\t\t\t\t\t\tErrachidia\n\t\t\t\t\t\t\t\t\t<\/li>\n<li>\n\t\t\t\t\t\t\t\t\t\t2 dias\n\t\t\t\t\t\t\t\t\t<\/li>\n<li>\n\t\t\t\t\t\t\t\t\t\tParticular\n\t\t\t\t\t\t\t\t\t<\/li>\n<\/ul>\n<p>Experimente uma excurs\u00e3o \u00fanica no deserto, explorando as antigas aldeias berberes nas montanhas do Alto Atlas. Mergulhar na cultura local <\/p>\n<p>\t\t\t<a href=\"https:\/\/desertexplored.com\/pt-br\/2-dias-desert-tour-de-errachidia-a-merzouga\/\"><br \/>\n\t\t\t\t\t\tDetalhes da excurs\u00e3o<br \/>\n\t\t\t\t\t<\/a><br \/>\n\t\t\t\t\t\t\t\t\t\t\t\t\t\t\t<img decoding=\"async\" width=\"820\" height=\"520\" src=\"https:\/\/desertexplored.com\/wp-content\/uploads\/2024\/01\/pexels-greg-gulik-1001435-1.jpg\" alt=\"\" srcset=\"https:\/\/desertexplored.com\/wp-content\/uploads\/2024\/01\/pexels-greg-gulik-1001435-1.jpg 820w, https:\/\/desertexplored.com\/wp-content\/uploads\/2024\/01\/pexels-greg-gulik-1001435-1-300x190.jpg 300w, https:\/\/desertexplored.com\/wp-content\/uploads\/2024\/01\/pexels-greg-gulik-1001435-1-768x487.jpg 768w\" sizes=\"(max-width: 820px) 100vw, 820px\" \/>\t\t\t\t\t\t\t\t\t\t\t\t\t\t\t<\/p>\n<h4>Excurs\u00e3o de 6 dias pelo deserto de Fez a Marrakech<\/h4>\n<ul>\n<li>\n\t\t\t\t\t\t\t\t\t\tFes\n\t\t\t\t\t\t\t\t\t<\/li>\n<li>\n\t\t\t\t\t\t\t\t\t\t6 dias\n\t\t\t\t\t\t\t\t\t<\/li>\n<li>\n\t\t\t\t\t\t\t\t\t\tParticular\n\t\t\t\t\t\t\t\t\t<\/li>\n<\/ul>\n<p>Essa incr\u00edvel aventura que o levar\u00e1 de <strong>Fez a Marrakech<\/strong> \u00e9 uma viagem de quatro dias verdadeiramente inesquec\u00edvel pela vasta extens\u00e3o do <strong>Deserto do Saara<\/strong> e pelo cora\u00e7\u00e3o do <strong>sul<\/strong> do Marrocos.  <\/p>\n<p>\t\t\t<a href=\"https:\/\/desertexplored.com\/pt-br\/tour\/excursao-de-6-dias-pelo-deserto-de-fez-a-marrakech\/\"><br \/>\n\t\t\t\t\t\tDetalhes da excurs\u00e3o<br \/>\n\t\t\t\t\t<\/a><\/p>\n<h6>n\u00e3o encontrou o que lhe agrada ?<\/h6>\n<h2>Ajude-me a personalizar a minha viagem a Marrocos<\/h2>\n<p style=\"text-align: left;\">Todos t\u00eam v\u00e1rias prefer\u00eancias e interesses. O nosso objectivo \u00e9 conceber o seu <strong>Viagem a Marrocos<\/strong>, de acordo com o seu or\u00e7amento, o per\u00edodo da sua estadia, e as caracter\u00edsticas de Marrocos que deseja ver. Basta dizer-nos as datas da sua estadia, o n\u00famero de pessoas no seu grupo e o que deseja ver e fazer, a cidade de onde deseja come\u00e7ar para criar um <strong>Viagem marroquina<\/strong>que nunca esquecer\u00e1.<\/p>\n<p>\t\t\t<a href=\"https:\/\/desertexplored.com\/pt-br\/contacte-nos\/\"><br \/>\n\t\t\t\t\t\tViagem \u00e0 medida<br \/>\n\t\t\t\t\t<\/a><br \/>\n\t\t\t\t\t\t\t\t\t\t\t\t\t\t\t<img decoding=\"async\" width=\"640\" height=\"428\" src=\"https:\/\/desertexplored.com\/wp-content\/uploads\/2022\/08\/joshua-sortino-m5P0c6ABWDs-unsplash-1.jpg\" alt=\"sahara desert\" srcset=\"https:\/\/desertexplored.com\/wp-content\/uploads\/2022\/08\/joshua-sortino-m5P0c6ABWDs-unsplash-1.jpg 640w, https:\/\/desertexplored.com\/wp-content\/uploads\/2022\/08\/joshua-sortino-m5P0c6ABWDs-unsplash-1-300x201.jpg 300w, https:\/\/desertexplored.com\/wp-content\/uploads\/2022\/08\/joshua-sortino-m5P0c6ABWDs-unsplash-1-450x301.jpg 450w\" sizes=\"(max-width: 640px) 100vw, 640px\" \/><br \/>\n\t\t\t\t\t\t\t\t\t\t\t\t\t\t\t<img decoding=\"async\" width=\"2000\" height=\"1324\" src=\"https:\/\/desertexplored.com\/wp-content\/uploads\/2023\/04\/ait-benhaddou-moroccan-ancient-fortress.jpg\" alt=\"Ait Benhaddou, moroccan ancient fortress\" srcset=\"https:\/\/desertexplored.com\/wp-content\/uploads\/2023\/04\/ait-benhaddou-moroccan-ancient-fortress.jpg 2000w, https:\/\/desertexplored.com\/wp-content\/uploads\/2023\/04\/ait-benhaddou-moroccan-ancient-fortress-300x199.jpg 300w, https:\/\/desertexplored.com\/wp-content\/uploads\/2023\/04\/ait-benhaddou-moroccan-ancient-fortress-1030x682.jpg 1030w, https:\/\/desertexplored.com\/wp-content\/uploads\/2023\/04\/ait-benhaddou-moroccan-ancient-fortress-768x508.jpg 768w, https:\/\/desertexplored.com\/wp-content\/uploads\/2023\/04\/ait-benhaddou-moroccan-ancient-fortress-1536x1017.jpg 1536w, https:\/\/desertexplored.com\/wp-content\/uploads\/2023\/04\/ait-benhaddou-moroccan-ancient-fortress-1500x993.jpg 1500w, https:\/\/desertexplored.com\/wp-content\/uploads\/2023\/04\/ait-benhaddou-moroccan-ancient-fortress-705x467.jpg 705w, https:\/\/desertexplored.com\/wp-content\/uploads\/2023\/04\/ait-benhaddou-moroccan-ancient-fortress-450x298.jpg 450w\" sizes=\"(max-width: 2000px) 100vw, 2000px\" \/>\t\t\t\t\t\t\t\t\t\t\t\t\t\t\t<\/p>\n<p>wy Escolhemos as nossas excurs\u00f5es a Marrocos <\/p>\n<h2>Os nossos valores fundamentais <\/h2>\n<p>Somos uma empresa de turismo profissional e &#8220;de confian\u00e7a&#8221; situada em Marraquexe, Marrocos, e temos o prazer de ser guias oficiais 100% berberes marroquinos.<\/p>\n<h3>\n\t\t\t\t\t\tSeguran\u00e7a dos viajantes<br \/>\n\t\t\t\t<\/h3>\n<p>\n\t\t\t\t\t\tO deserto explorado oferece f\u00e9rias para solteiros, casais, fam\u00edlias, e grupos de amigos. Vai experimentar espa\u00e7os exteriores marroquinos distintos nas nossas excurs\u00f5es. Viajar connosco tamb\u00e9m assegura que poder\u00e1 desfrutar do melhor em total seguran\u00e7a e aproximar-se de algumas das pessoas que d\u00e3o a Marrocos a sua beleza e magia. As nossas equipas est\u00e3o bem equipadas para tais encontros.\t\t\t\t\t<\/p>\n<h3>\n\t\t\t\t\t\tMelhor Destino<br \/>\n\t\t\t\t<\/h3>\n<p>\n\t\t\t\t\t\tMarrocos, pa\u00eds com muitas variedades da mais bela cordilheira da \u00c1frica. E o espantoso deserto do Saara. \u00e0 rica cultura e ru\u00ednas hist\u00f3ricas, Kasbah fortificado .atractivas cidades imperiais\n\t\t\t\t\t<\/p>\n<h3>\n\t\t\t\t\t\tEquipa profissional<br \/>\n\t\t\t\t<\/h3>\n<p>\n\t\t\t\t\t\tDisponibilizamos o melhor pessoal de condutores experientes e guias berberes locais e bilingues que conhecem bem a hist\u00f3ria da sua regi\u00e3o natal. com mais de 10 anos de experi\u00eancia no sector do turismo e na gest\u00e3o de excurs\u00f5es em todo o Marrocos. Fornecemos monovolumes espa\u00e7osos e ve\u00edculos 4wd confort\u00e1veis, com ar condicionado.\t\t\t\t\t<\/p>\n<p>\t\t\t\t\t\t\t\t\t\t\t\t\t\t\t<img decoding=\"async\" src=\"https:\/\/desertexplored.com\/wp-content\/uploads\/elementor\/thumbs\/kasbah-of-the-udayas-in-rabat-morocco-q4rzyt0wv6ksi308kapylwga7sm7ergl6na8wrtdmo.jpg\" title=\"Kasbah of the Udayas in Rabat, Morocco\" alt=\"Kasbah of the Udayas in Rabat, Morocco\" loading=\"lazy\" \/><br \/>\n\t\t\t\t\t\t\t\t\t\t\t\t\t\t\t<img decoding=\"async\" src=\"https:\/\/desertexplored.com\/wp-content\/uploads\/elementor\/thumbs\/menara-gardens-and-atlas-mountains-in-marrakech-morocco--q4s04v3gwqvbbm7h6wzeodf816rd0jibcmmw8yu1j4.jpg\" title=\"Menara Gardens and Atlas Mountains in Marrakech,Morocco.\" alt=\"Menara Gardens and Atlas Mountains in Marrakech,Morocco.\" loading=\"lazy\" \/>\t\t\t\t\t\t\t\t\t\t\t\t\t\t\t<\/p>\n<h3>Sobre Marrocos<\/h3>\n<p><strong>Marrocos<\/strong> \u00e9 um pa\u00eds historicamente rico que percorreu um longo caminho desde a sua funda\u00e7\u00e3o no s\u00e9culo IX. O pa\u00eds tem uma trajet\u00f3ria \u00fanica, marcada por um per\u00edodo sob zonas francesas e espanholas durante o Protetorado que separou o pa\u00eds.<\/p>\n<p>Ao contr\u00e1rio dos seus vizinhos do Norte de \u00c1frica, Marrocos foi exclu\u00eddo do Imp\u00e9rio Otomano. A quest\u00e3o da reivindica\u00e7\u00e3o e ocupa\u00e7\u00e3o do Sara Ocidental por parte do Sul continua a ser uma quest\u00e3o altamente debatida e controversa e um ponto de encontro crucial na pol\u00edtica interna. A estrutura pol\u00edtica <strong>de Marrocos<\/strong> tem vindo a evoluir, passando de uma monarquia altamente centralizada para uma estrutura parlamentar, com o Rei ainda a deter poderes executivos significativos.<\/p>\n<p>Marrocos possui uma longa costa no Oceano Atl\u00e2ntico que se estende at\u00e9 ao Mar Mediterr\u00e2neo, fazendo fronteira com o territ\u00f3rio espanhol a norte, com a Arg\u00e9lia a leste e com o Sara Ocidental a sul. Algumas das suas cidades not\u00e1veis incluem Rabat, a capital do pa\u00eds, e Casablanca, a maior cidade e o principal porto. O terreno de Marrocos varia consideravelmente, desde colinas \u00edngremes a vastas regi\u00f5es des\u00e9rticas, com as montanhas do Atlas a cobrir grande parte do centro e do sul do pa\u00eds.<\/p>\n<p>Uma das caracter\u00edsticas \u00fanicas do pa\u00eds \u00e9 a sua famosa comunidade berbere, que \u00e9 constitu\u00edda principalmente por grupos ind\u00edgenas que habitam as zonas montanhosas. A nossa excurs\u00e3o ao Monte oferece uma excelente oportunidade para conhecer e interagir com estas pessoas fascinantes enquanto explora as paisagens de cortar a respira\u00e7\u00e3o.<\/p>\n","protected":false},"excerpt":{"rendered":"<p>melhores pacotes de passeios em Marrocos Nossos passeios escolhidos a dedo para o Sahara desert e imperial cities de Marrocos permitir\u00e1 que voc\u00ea experimente uma experi\u00eancia \u00fanica privada de uma maneira muito \u00fanica. Esses passeios incluem as melhores acomoda\u00e7\u00f5es em seu caminho para o deserto. Planeie e reserve os seus passios perfeitos no deserto de [&hellip;]<\/p>\n","protected":false},"author":2,"featured_media":0,"parent":0,"menu_order":0,"comment_status":"closed","ping_status":"closed","template":"elementor_header_footer","meta":{"footnotes":""},"class_list":["post-8704","page","type-page","status-publish","hentry"],"_hostinger_reach_plugin_has_subscription_block":false,"_hostinger_reach_plugin_is_elementor":false,"_links":{"self":[{"href":"https:\/\/desertexplored.com\/pt-br\/wp-json\/wp\/v2\/pages\/8704","targetHints":{"allow":["GET"]}}],"collection":[{"href":"https:\/\/desertexplored.com\/pt-br\/wp-json\/wp\/v2\/pages"}],"about":[{"href":"https:\/\/desertexplored.com\/pt-br\/wp-json\/wp\/v2\/types\/page"}],"author":[{"embeddable":true,"href":"https:\/\/desertexplored.com\/pt-br\/wp-json\/wp\/v2\/users\/2"}],"replies":[{"embeddable":true,"href":"https:\/\/desertexplored.com\/pt-br\/wp-json\/wp\/v2\/comments?post=8704"}],"version-history":[{"count":0,"href":"https:\/\/desertexplored.com\/pt-br\/wp-json\/wp\/v2\/pages\/8704\/revisions"}],"wp:attachment":[{"href":"https:\/\/desertexplored.com\/pt-br\/wp-json\/wp\/v2\/media?parent=8704"}],"curies":[{"name":"wp","href":"https:\/\/api.w.org\/{rel}","templated":true}]}}