{"id":7494,"date":"2021-05-11T22:31:49","date_gmt":"2021-05-11T22:31:49","guid":{"rendered":"https:\/\/desertexplored.com\/2-dias-desert-tour-de-errachidia-a-merzouga\/"},"modified":"2024-01-19T19:25:53","modified_gmt":"2024-01-19T19:25:53","slug":"2-dias-desert-tour-de-errachidia-a-merzouga","status":"publish","type":"page","link":"https:\/\/desertexplored.com\/pt-br\/2-dias-desert-tour-de-errachidia-a-merzouga\/","title":{"rendered":"2 dias Desert Tour de Errachidia a Merzouga"},"content":{"rendered":"<h1>2 dias Desert Tour de Errachidia a Merzouga<\/h1>\n<ul>\n<li>\n\t\t\t\t\t\t\t\t\t\tCasa\n\t\t\t\t\t\t\t\t\t<\/li>\n<li>\n\t\t\t\t\t\t\t\t\t\tDetalhe dos pacotes\n\t\t\t\t\t\t\t\t\t<\/li>\n<\/ul>\n<h2>Passeio pelo deserto de Errachidia  <\/h2>\n<h3>\n\t\t\t\t\t\tDura\u00e7\u00e3o<br \/>\n\t\t\t\t<\/h3>\n<p>\n\t\t\t\t\t\t2 dias\t\t\t\t\t<\/p>\n<h3>\n\t\t\t\t\t\tTipo de viagem<br \/>\n\t\t\t\t<\/h3>\n<p>\n\t\t\t\t\t\tVisita privada\t\t\t\t\t<\/p>\n<h3>\n\t\t\t\t\t\tCidade de in\u00edcio<br \/>\n\t\t\t\t<\/h3>\n<p>\n\t\t\t\t\t\tErrachidia\t\t\t\t\t<\/p>\n<h3>\n\t\t\t\t\t\tCidade do Fim<br \/>\n\t\t\t\t<\/h3>\n<p>\n\t\t\t\t\t\tErrachidia\t\t\t\t\t<\/p>\n<ul>\n<li>\n\t\t\t\t\t\t\t\t\t\tVis\u00e3o geral\n\t\t\t\t\t\t\t\t\t<\/li>\n<\/ul>\n<p>Que convite emocionante! A excurs\u00e3o ao deserto de Errachidia parece ser uma aventura incr\u00edvel e enriquecedora. A possibilidade de explorar o deserto marroquino, andar de camelo pelas dunas, visitar aldeias berberes, experimentar a culin\u00e1ria tradicional e testemunhar o p\u00f4r do sol no deserto certamente far\u00e1 desta uma experi\u00eancia inesquec\u00edvel. Aproveite cada momento dessa jornada \u00fanica e absorva toda a beleza e cultura que o Saara tem a oferecer. Que a sua viagem seja repleta de descobertas e momentos memor\u00e1veis!\u00a0<\/p>\n<p>Os guias locais lhe fornecer\u00e3o o conhecimento e a percep\u00e7\u00e3o de que voc\u00ea precisa para apreciar plenamente a rica hist\u00f3ria, cultura e geografia da regi\u00e3o. N\u00e3o importa se voc\u00ea \u00e9 um viajante experiente ou um aventureiro de primeira viagem, o <strong>Desert Tour From Errachidia<\/strong> certamente o deixar\u00e1 com lembran\u00e7as duradouras e um novo apre\u00e7o pelas maravilhas naturais do Marrocos.<\/p>\n<ul>\n<li>\n\t\t\t\t\t\t\t\t\t\tInclu\u00eddo &amp; Exclu\u00eddo\n\t\t\t\t\t\t\t\t\t<\/li>\n<\/ul>\n<ul>\n<li>\n\t\t\t\t\t\t\t\t\t\tTransporte Privado\n\t\t\t\t\t\t\t\t\t<\/li>\n<li>\n\t\t\t\t\t\t\t\t\t\tRecolher no seu lugar\n\t\t\t\t\t\t\t\t\t<\/li>\n<li>\n\t\t\t\t\t\t\t\t\t\tParagens livres\n\t\t\t\t\t\t\t\t\t<\/li>\n<li>\n\t\t\t\t\t\t\t\t\t\tDroop em sua casa\n\t\t\t\t\t\t\t\t\t<\/li>\n<\/ul>\n<ul>\n<li>\n\t\t\t\t\t\t\t\t\t\tAlmo\u00e7os a caminho\n\t\t\t\t\t\t\t\t\t<\/li>\n<li>\n\t\t\t\t\t\t\t\t\t\tEntradas e Monumentos\n\t\t\t\t\t\t\t\t\t<\/li>\n<li>\n\t\t\t\t\t\t\t\t\t\tExtra\n\t\t\t\t\t\t\t\t\t<\/li>\n<li>\n\t\t\t\t\t\t\t\t\t\tDicas\n\t\t\t\t\t\t\t\t\t<\/li>\n<\/ul>\n<ul>\n<li>\n\t\t\t\t\t\t\t\t\t\titiner\u00e1rio\n\t\t\t\t\t\t\t\t\t<\/li>\n<\/ul>\n<p>\t\t\t\t\t\t\t\t\t\t\t\t<a tabindex=\"0\">Dia 1: Errachidia &#8211; Erfoud &#8211; Merzouga &#8211; Dunas de Erg Chebbi  <\/a><\/p>\n<p>Que descri\u00e7\u00e3o envolvente e encantadora! Sua excurs\u00e3o ao deserto de Errachidia parece ser uma jornada verdadeiramente m\u00e1gica e memor\u00e1vel. A explora\u00e7\u00e3o das montanhas do vale de Ziz, a passagem por Erfoud com sua f\u00e1brica de m\u00e1rmore de f\u00f3sseis e, finalmente, a chegada \u00e0s deslumbrantes dunas do Erg Chebbi oferecem uma variedade de experi\u00eancias ricas em beleza natural e cultural.<\/p>\n<p>A imagem do p\u00f4r do sol do topo das dunas ap\u00f3s um passeio de camelo \u00e9 simplesmente espetacular. A aten\u00e7\u00e3o aos detalhes, como a mesa posta para um jantar \u00fanico e sustent\u00e1vel, a oportunidade de ouvir hist\u00f3rias locais e dan\u00e7ar ao ritmo da m\u00fasica berbere n\u00f4made, prometem uma imers\u00e3o profunda na cultura e tradi\u00e7\u00f5es locais.<\/p>\n<p>A descri\u00e7\u00e3o do c\u00e9u estrelado e a sugest\u00e3o de caminhar descal\u00e7o na areia macia, seguido pelo descanso em uma barraca no meio do deserto marroquino, proporcionam um final perfeito para um dia repleto de experi\u00eancias. Que cada momento dessa jornada seja cheio de beleza, paz e lembran\u00e7as duradouras!\u00a0<\/p>\n<p>\t\t\t\t\t\t\t\t\t\t\t\t<a tabindex=\"0\">Dia 2 : Dunas de Erg Chebbi &#8211; Merzouga &#8211; Rissani &#8211; Errachidia<\/a><\/p>\n<p>Que programa incr\u00edvel e variado para o \u00faltimo dia da excurs\u00e3o! Acordar cedo para testemunhar o nascer do sol sobre as dunas do Erg Chebbi parece ser uma experi\u00eancia verdadeiramente m\u00e1gica, com as cores da paisagem mudando gradualmente. Desfrutar de um caf\u00e9 da manh\u00e3 com produtos locais frescos certamente acrescentar\u00e1 um toque aut\u00eantico \u00e0 manh\u00e3.<\/p>\n<p>As atividades propostas, como sandboard, passeios de Utv pelas dunas e visitas aos n\u00f4mades locais, proporcionar\u00e3o momentos emocionantes e enriquecedores. A intera\u00e7\u00e3o com os n\u00f4mades oferece uma oportunidade \u00fanica de aprender sobre seu modo de vida e tradi\u00e7\u00f5es, proporcionando uma compreens\u00e3o mais profunda da cultura local.<\/p>\n<p>O retorno aos camelos e a viagem de volta ao vilarejo de Merzouga indicam uma transi\u00e7\u00e3o suave do deserto de volta \u00e0 civiliza\u00e7\u00e3o. A parada no mercado local de t\u00e2maras em Rissani adiciona um toque final interessante \u00e0 experi\u00eancia, permitindo que os viajantes explorem os produtos regionais.<\/p>\n<p>Concluir a jornada pelo deserto em Errachidia, seja em casa ou no aeroporto, marca o fim de uma aventura verdadeiramente inesquec\u00edvel. Que este \u00faltimo dia seja repleto de momentos extraordin\u00e1rios e que as mem\u00f3rias dessa viagem permane\u00e7am vivas por muito tempo!\u00a0<\/p>\n<ul>\n<li>\n\t\t\t\t\t\t\t\t\t\tVisita no mapa\n\t\t\t\t\t\t\t\t\t<\/li>\n<\/ul>\n<ul>\n<li>\n\t\t\t\t\t\t\t\t\t\tErrachidia , Marrocos\n\t\t\t\t\t\t\t\t\t<\/li>\n<\/ul>\n<p>\t\t\t<iframe src=\"https:\/\/www.google.com\/maps\/embed?pb=!1m46!1m12!1m3!1d870810.5470314529!2d-4.879170122447618!3d31.507575199561312!2m3!1f0!2f0!3f0!3m2!1i1024!2i768!4f13.1!4m31!3e0!4m5!1s0xd984a900c95d9db%3A0xe364e4f136aef8b3!2sErrachidia!3m2!1d31.927235999999997!2d-4.4284985!4m5!1s0xd977b2c5079550b%3A0xf04c523511a64215!2sErfoud!3m2!1d31.436633399999998!2d-4.234383!4m5!1s0xd973c279834dfe5%3A0x5639fab2b5de4a44!2sMerzouga!3m2!1d31.0801676!2d-4.013361!4m5!1s0xd97722e4e641617%3A0x82298ec0b0417a51!2sRissani!3m2!1d31.2798384!2d-4.2589619!4m5!1s0xd984a900c95d9db%3A0xe364e4f136aef8b3!2sErrachidia!3m2!1d31.927235999999997!2d-4.4284985!5e0!3m2!1sen!2sma!4v1685630720148!5m2!1sen!2sma\" width=\"600\" height=\"450\" style=\"border:0;\" allowfullscreen=\"\" loading=\"lazy\" referrerpolicy=\"no-referrer-when-downgrade\"><\/iframe>\t\t<\/p>\n<ul>\n<li>\n\t\t\t\t\t\t\t\t\t\tImagens relacionadas\n\t\t\t\t\t\t\t\t\t<\/li>\n<\/ul>\n<p>Da Galeria<\/p>\n<figure><img decoding=\"async\" src=\"https:\/\/desertexplored.com\/wp-content\/uploads\/2023\/05\/luxury-camp-sahara-desert.jpg\" alt=\"luxury-camp-sahara-desert\" \/><\/figure>\n<figure><img decoding=\"async\" src=\"https:\/\/desertexplored.com\/wp-content\/uploads\/2023\/05\/camels-in-sahara-tour-desert.jpg\" alt=\"camels-in-sahara-tour-desert\" \/><\/figure>\n<figure><img decoding=\"async\" src=\"https:\/\/desertexplored.com\/wp-content\/uploads\/2023\/05\/tour-from-errachidia-to-desert.jpg\" alt=\"tour-from-errachidia-to-desert\" \/><\/figure>\n<figure><img decoding=\"async\" src=\"https:\/\/desertexplored.com\/wp-content\/uploads\/2023\/05\/sand-dunes-in-desert-moroco.jpg\" alt=\"sand-dunes-in-desert-moroco\" \/><\/figure>\n<p>Partilhar Isto : <\/p>\n<p>\t\t\t\t\t\t\t\t\t\tFacebook<br \/>\n\t\t\t\t\t\t\t\t\t\tTwitter<br \/>\n\t\t\t\t\t\t\t\t\t\tLinkedIn\t\t\t\t\t\t\t\t\t<\/p>\n<h2>Tem alguma pergunta?<\/h2>\n<p>\t\tN\u00e3o hesite em nos telefonar. Somos uma equipa de peritos e temos todo o prazer em falar consigo.<\/p>\n<ul>\n<li>\n\t\t\t\t\t\t\t\t\t\t+212 667 611 319\n\t\t\t\t\t\t\t\t\t<\/li>\n<li>\n\t\t\t\t\t\t\t\t\t\tinfo@desertexplored.com\n\t\t\t\t\t\t\t\t\t<\/li>\n<\/ul>\n","protected":false},"excerpt":{"rendered":"<p>2 dias Desert Tour de Errachidia a Merzouga Casa Detalhe dos pacotes Passeio pelo deserto de Errachidia Dura\u00e7\u00e3o 2 dias Tipo de viagem Visita privada Cidade de in\u00edcio Errachidia Cidade do Fim Errachidia Vis\u00e3o geral Que convite emocionante! A excurs\u00e3o ao deserto de Errachidia parece ser uma aventura incr\u00edvel e enriquecedora. A possibilidade de explorar [&hellip;]<\/p>\n","protected":false},"author":2,"featured_media":0,"parent":0,"menu_order":0,"comment_status":"closed","ping_status":"closed","template":"elementor_header_footer","meta":{"footnotes":""},"class_list":["post-7494","page","type-page","status-publish","hentry"],"_hostinger_reach_plugin_has_subscription_block":false,"_hostinger_reach_plugin_is_elementor":false,"_links":{"self":[{"href":"https:\/\/desertexplored.com\/pt-br\/wp-json\/wp\/v2\/pages\/7494","targetHints":{"allow":["GET"]}}],"collection":[{"href":"https:\/\/desertexplored.com\/pt-br\/wp-json\/wp\/v2\/pages"}],"about":[{"href":"https:\/\/desertexplored.com\/pt-br\/wp-json\/wp\/v2\/types\/page"}],"author":[{"embeddable":true,"href":"https:\/\/desertexplored.com\/pt-br\/wp-json\/wp\/v2\/users\/2"}],"replies":[{"embeddable":true,"href":"https:\/\/desertexplored.com\/pt-br\/wp-json\/wp\/v2\/comments?post=7494"}],"version-history":[{"count":0,"href":"https:\/\/desertexplored.com\/pt-br\/wp-json\/wp\/v2\/pages\/7494\/revisions"}],"wp:attachment":[{"href":"https:\/\/desertexplored.com\/pt-br\/wp-json\/wp\/v2\/media?parent=7494"}],"curies":[{"name":"wp","href":"https:\/\/api.w.org\/{rel}","templated":true}]}}