{"id":20492,"date":"2023-08-06T18:59:33","date_gmt":"2023-08-06T18:59:33","guid":{"rendered":"https:\/\/desertexplored.com\/5-dias-de-passeio-de-camelo-no-deserto-do-sara-em-marrocos\/"},"modified":"2023-08-07T22:11:39","modified_gmt":"2023-08-07T22:11:39","slug":"5-dias-de-passeio-de-camelo-no-deserto-do-sara-em-marrocos","status":"publish","type":"page","link":"https:\/\/desertexplored.com\/pt-br\/5-dias-de-passeio-de-camelo-no-deserto-do-sara-em-marrocos\/","title":{"rendered":"5 dias de passeio de camelo no deserto do Sara, em Marrocos"},"content":{"rendered":"<style>\/*! elementor - v3.15.0 - 02-08-2023 *\/\n.elementor-heading-title{padding:0;margin:0;line-height:1}.elementor-widget-heading .elementor-heading-title[class*=elementor-size-]>a{color:inherit;font-size:inherit;line-height:inherit}.elementor-widget-heading .elementor-heading-title.elementor-size-small{font-size:15px}.elementor-widget-heading .elementor-heading-title.elementor-size-medium{font-size:19px}.elementor-widget-heading .elementor-heading-title.elementor-size-large{font-size:29px}.elementor-widget-heading .elementor-heading-title.elementor-size-xl{font-size:39px}.elementor-widget-heading .elementor-heading-title.elementor-size-xxl{font-size:59px}<\/style>\n<h1>5 dias de passeio de camelo no deserto do Sara, em Marrocos<\/h1>\n<link rel=\"stylesheet\" href=\"https:\/\/desertexplored.com\/wp-content\/plugins\/elementor\/assets\/css\/widget-icon-list.min.css\">\n<ul>\n<li>\n\t\t\t\t\t\t\t\t\t\t\t<a href=\"https:\/\/desertexplored.com\/pt-br\/\"><br \/>\n\t\t\t\t\t\t\t\t\t\t\tCasa<br \/>\n\t\t\t\t\t\t\t\t\t\t\t<\/a>\n\t\t\t\t\t\t\t\t\t<\/li>\n<li>\n\t\t\t\t\t\t\t\t\t\tDetalhe dos pacotes\n\t\t\t\t\t\t\t\t\t<\/li>\n<\/ul>\n<h2>Passeio de camelo no deserto de Marrocos<\/h2>\n<style>\/*! elementor - v3.15.0 - 02-08-2023 *\/\n@charset \"UTF-8\";.elementor-star-rating{color:#ccd6df;font-family:eicons;display:inline-block}.elementor-star-rating i{display:inline-block;position:relative;font-style:normal;cursor:default}.elementor-star-rating i:before{content:\"e934\";display:block;font-size:inherit;font-family:inherit;position:absolute;overflow:hidden;color:#f0ad4e;top:0;left:0}.elementor-star-rating .elementor-star-empty:before{content:none}.elementor-star-rating .elementor-star-1:before{width:10%}.elementor-star-rating .elementor-star-2:before{width:20%}.elementor-star-rating .elementor-star-3:before{width:30%}.elementor-star-rating .elementor-star-4:before{width:40%}.elementor-star-rating .elementor-star-5:before{width:50%}.elementor-star-rating .elementor-star-6:before{width:60%}.elementor-star-rating .elementor-star-7:before{width:70%}.elementor-star-rating .elementor-star-8:before{width:80%}.elementor-star-rating .elementor-star-9:before{width:90%}.elementor-star-rating__wrapper{display:flex;align-items:center}.elementor-star-rating__title{margin-right:10px}.elementor-star-rating--align-right .elementor-star-rating__wrapper{text-align:right;justify-content:flex-end}.elementor-star-rating--align-left .elementor-star-rating__wrapper{text-align:left;justify-content:flex-start}.elementor-star-rating--align-center .elementor-star-rating__wrapper{text-align:center;justify-content:center}.elementor-star-rating--align-justify .elementor-star-rating__title{margin-right:auto}@media (max-width:1024px){.elementor-star-rating-tablet--align-right .elementor-star-rating__wrapper{text-align:right;justify-content:flex-end}.elementor-star-rating-tablet--align-left .elementor-star-rating__wrapper{text-align:left;justify-content:flex-start}.elementor-star-rating-tablet--align-center .elementor-star-rating__wrapper{text-align:center;justify-content:center}.elementor-star-rating-tablet--align-justify .elementor-star-rating__title{margin-right:auto}}@media (max-width:767px){.elementor-star-rating-mobile--align-right .elementor-star-rating__wrapper{text-align:right;justify-content:flex-end}.elementor-star-rating-mobile--align-left .elementor-star-rating__wrapper{text-align:left;justify-content:flex-start}.elementor-star-rating-mobile--align-center .elementor-star-rating__wrapper{text-align:center;justify-content:center}.elementor-star-rating-mobile--align-justify .elementor-star-rating__title{margin-right:auto}}.last-star{letter-spacing:0}.elementor--star-style-star_unicode .elementor-star-rating{font-family:Arial,Helvetica,sans-serif}.elementor--star-style-star_unicode .elementor-star-rating i:not(.elementor-star-empty):before{content:\"\u2605\"}<\/style>\n<p>\t\t\t\t\t\t\tComent\u00e1rios<br \/>\n\t\t\t\t\t\t<i>&#xE934;<\/i><i>&#xE934;<\/i><i>&#xE934;<\/i><i>&#xE934;<\/i><i>&#xE934;<\/i> 5\/5\t\t<\/p>\n<ul>\n<li>\n\t\t\t\t\t\t\t\t\t\tMhamid El Ghizlan\n\t\t\t\t\t\t\t\t\t<\/li>\n<\/ul>\n<link rel=\"stylesheet\" href=\"https:\/\/desertexplored.com\/wp-content\/plugins\/elementor\/assets\/css\/widget-icon-box.min.css\">\n<h3>\n\t\t\t\t\t\tDura\u00e7\u00e3o<br \/>\n\t\t\t\t<\/h3>\n<p>\n\t\t\t\t\t\t5 dias\t\t\t\t\t<\/p>\n<h3>\n\t\t\t\t\t\tTipo de viagem<br \/>\n\t\t\t\t<\/h3>\n<p>\n\t\t\t\t\t\tVisita privada\t\t\t\t\t<\/p>\n<h3>\n\t\t\t\t\t\tCidade de in\u00edcio<br \/>\n\t\t\t\t<\/h3>\n<p>\n\t\t\t\t\t\tMhamid \t\t\t\t\t<\/p>\n<h3>\n\t\t\t\t\t\tCidade do Fim<br \/>\n\t\t\t\t<\/h3>\n<p>\n\t\t\t\t\t\tZagora\t\t\t\t\t<\/p>\n<ul>\n<li>\n\t\t\t\t\t\t\t\t\t\tVis\u00e3o geral\n\t\t\t\t\t\t\t\t\t<\/li>\n<\/ul>\n<p>Fuja da agita\u00e7\u00e3o da vida quotidiana e mergulhe na beleza do deserto do Saara com o melhor<strong> passeio de camelo de 5 dias no Saara de Marrocos<\/strong>! Mergulhe em algumas das \u00e1reas mais remotas e menos visitadas deste vasto deserto, incluindo as incr\u00edveis dunas de Erg Chegaga. Esta viagem permite-lhe verdadeiramente desligar-se da tecnologia e abra\u00e7ar um modo de vida n\u00f3mada. Durma sob as estrelas em acampamentos selvagens, cozinhe numa fogueira e admire os deslumbrantes pores-do-sol e amanheceres que se estendem sobre as infinitas dunas de areia.<\/p>\n<p>Esta experi\u00eancia mergulh\u00e1-lo-\u00e1 na maravilha natural da paisagem do deserto, permitindo-lhe apreciar a beleza do mundo que o rodeia. Viajar de camelo durante 4 a 5 horas por dia e seguir os passos dos comboios berberes, para uma viagem aut\u00eantica e inesquec\u00edvel pelo deserto do Sara marroquino.<\/p>\n<style>\/*! elementor - v3.15.0 - 02-08-2023 *\/\n.elementor-widget-divider{--divider-border-style:none;--divider-border-width:1px;--divider-color:#0c0d0e;--divider-icon-size:20px;--divider-element-spacing:10px;--divider-pattern-height:24px;--divider-pattern-size:20px;--divider-pattern-url:none;--divider-pattern-repeat:repeat-x}.elementor-widget-divider .elementor-divider{display:flex}.elementor-widget-divider .elementor-divider__text{font-size:15px;line-height:1;max-width:95%}.elementor-widget-divider .elementor-divider__element{margin:0 var(--divider-element-spacing);flex-shrink:0}.elementor-widget-divider .elementor-icon{font-size:var(--divider-icon-size)}.elementor-widget-divider .elementor-divider-separator{display:flex;margin:0;direction:ltr}.elementor-widget-divider--view-line_icon .elementor-divider-separator,.elementor-widget-divider--view-line_text .elementor-divider-separator{align-items:center}.elementor-widget-divider--view-line_icon .elementor-divider-separator:after,.elementor-widget-divider--view-line_icon .elementor-divider-separator:before,.elementor-widget-divider--view-line_text .elementor-divider-separator:after,.elementor-widget-divider--view-line_text .elementor-divider-separator:before{display:block;content:\"\";border-bottom:0;flex-grow:1;border-top:var(--divider-border-width) var(--divider-border-style) var(--divider-color)}.elementor-widget-divider--element-align-left .elementor-divider .elementor-divider-separator>.elementor-divider__svg:first-of-type{flex-grow:0;flex-shrink:100}.elementor-widget-divider--element-align-left .elementor-divider-separator:before{content:none}.elementor-widget-divider--element-align-left .elementor-divider__element{margin-left:0}.elementor-widget-divider--element-align-right .elementor-divider .elementor-divider-separator>.elementor-divider__svg:last-of-type{flex-grow:0;flex-shrink:100}.elementor-widget-divider--element-align-right .elementor-divider-separator:after{content:none}.elementor-widget-divider--element-align-right .elementor-divider__element{margin-right:0}.elementor-widget-divider:not(.elementor-widget-divider--view-line_text):not(.elementor-widget-divider--view-line_icon) .elementor-divider-separator{border-top:var(--divider-border-width) var(--divider-border-style) var(--divider-color)}.elementor-widget-divider--separator-type-pattern{--divider-border-style:none}.elementor-widget-divider--separator-type-pattern.elementor-widget-divider--view-line .elementor-divider-separator,.elementor-widget-divider--separator-type-pattern:not(.elementor-widget-divider--view-line) .elementor-divider-separator:after,.elementor-widget-divider--separator-type-pattern:not(.elementor-widget-divider--view-line) .elementor-divider-separator:before,.elementor-widget-divider--separator-type-pattern:not([class*=elementor-widget-divider--view]) .elementor-divider-separator{width:100%;min-height:var(--divider-pattern-height);-webkit-mask-size:var(--divider-pattern-size) 100%;mask-size:var(--divider-pattern-size) 100%;-webkit-mask-repeat:var(--divider-pattern-repeat);mask-repeat:var(--divider-pattern-repeat);background-color:var(--divider-color);-webkit-mask-image:var(--divider-pattern-url);mask-image:var(--divider-pattern-url)}.elementor-widget-divider--no-spacing{--divider-pattern-size:auto}.elementor-widget-divider--bg-round{--divider-pattern-repeat:round}.rtl .elementor-widget-divider .elementor-divider__text{direction:rtl}.e-con-inner>.elementor-widget-divider,.e-con>.elementor-widget-divider{width:var(--container-widget-width,100%);--flex-grow:var(--container-widget-flex-grow)}<\/style>\n<ul>\n<li>\n\t\t\t\t\t\t\t\t\t\tInclu\u00eddo &amp; Exclu\u00eddo\n\t\t\t\t\t\t\t\t\t<\/li>\n<\/ul>\n<ul>\n<li>\n\t\t\t\t\t\t\t\t\t\tRecolher no seu lugar\n\t\t\t\t\t\t\t\t\t<\/li>\n<li>\n\t\t\t\t\t\t\t\t\t\tParagens livres\n\t\t\t\t\t\t\t\t\t<\/li>\n<li>\n\t\t\t\t\t\t\t\t\t\tDroop em sua casa\n\t\t\t\t\t\t\t\t\t<\/li>\n<\/ul>\n<ul>\n<li>\n\t\t\t\t\t\t\t\t\t\tAlmo\u00e7os a caminho\n\t\t\t\t\t\t\t\t\t<\/li>\n<li>\n\t\t\t\t\t\t\t\t\t\tExtra\n\t\t\t\t\t\t\t\t\t<\/li>\n<li>\n\t\t\t\t\t\t\t\t\t\tDicas\n\t\t\t\t\t\t\t\t\t<\/li>\n<\/ul>\n<ul>\n<li>\n\t\t\t\t\t\t\t\t\t\tItiner\u00e1rio\n\t\t\t\t\t\t\t\t\t<\/li>\n<\/ul>\n<style>\/*! elementor - v3.15.0 - 02-08-2023 *\/\n.elementor-accordion{text-align:left}.elementor-accordion .elementor-accordion-item{border:1px solid #d5d8dc}.elementor-accordion .elementor-accordion-item+.elementor-accordion-item{border-top:none}.elementor-accordion .elementor-tab-title{margin:0;padding:15px 20px;font-weight:700;line-height:1;cursor:pointer;outline:none}.elementor-accordion .elementor-tab-title .elementor-accordion-icon{display:inline-block;width:1.5em}.elementor-accordion .elementor-tab-title .elementor-accordion-icon svg{width:1em;height:1em}.elementor-accordion .elementor-tab-title .elementor-accordion-icon.elementor-accordion-icon-right{float:right;text-align:right}.elementor-accordion .elementor-tab-title .elementor-accordion-icon.elementor-accordion-icon-left{float:left;text-align:left}.elementor-accordion .elementor-tab-title .elementor-accordion-icon .elementor-accordion-icon-closed{display:block}.elementor-accordion .elementor-tab-title .elementor-accordion-icon .elementor-accordion-icon-opened,.elementor-accordion .elementor-tab-title.elementor-active .elementor-accordion-icon-closed{display:none}.elementor-accordion .elementor-tab-title.elementor-active .elementor-accordion-icon-opened{display:block}.elementor-accordion .elementor-tab-content{display:none;padding:15px 20px;border-top:1px solid #d5d8dc}@media (max-width:767px){.elementor-accordion .elementor-tab-title{padding:12px 15px}.elementor-accordion .elementor-tab-title .elementor-accordion-icon{width:1.2em}.elementor-accordion .elementor-tab-content{padding:7px 15px}}.e-con-inner>.elementor-widget-accordion,.e-con>.elementor-widget-accordion{width:var(--container-widget-width);--flex-grow:var(--container-widget-flex-grow)}<\/style>\n<p>\t\t\t\t\t\t\t\t\t\t\t\t<a tabindex=\"0\">Dia 1: M&#8217;Hamid \u276f Sidi Naji<\/a><\/p>\n<p>A nossa viagem come\u00e7a com uma caminhada em dire\u00e7\u00e3o ao deserto do Sara a partir de M&#8217;hamid. \u00c0 chegada, a nossa equipa, composta por tratadores de camelos treinados, camelos e um cozinheiro qualificado, estar\u00e1 pronta para o receber no ponto de partida. A sua bagagem ser\u00e1 organizada e carregada em camelos para garantir o seu conforto durante a caminhada. Embarcaremos na nossa viagem com camelos e caminharemos at\u00e9 ao fim do palmeiral, onde faremos uma pausa para o almo\u00e7o. Depois de um almo\u00e7o satisfat\u00f3rio, pode relaxar e dormir uma sesta enquanto aprecia a deslumbrante paisagem do deserto. Continuaremos a caminhar em dire\u00e7\u00e3o a Sidi Naji, onde acamparemos durante a noite. Durante a nossa viagem, ver\u00e1 diferentes paisagens e cen\u00e1rios des\u00e9rticos que o deixar\u00e3o inspirado.<\/p>\n<p>\t\t\t\t\t\t\t\t\t\t\t\t<a tabindex=\"0\">Dia 2 : Sidi Naji \u276f Erg Zahar<\/a><\/p>\n<p>O nosso programa do dia inclui uma caminhada em dire\u00e7\u00e3o a uma das dunas mais altas, que nos levar\u00e1 \u00e0s ru\u00ednas de Ksar Bousnina, um antigo kasbah. Faremos uma pausa programada para o almo\u00e7o \u00e0 sombra tranquila das tamargueiras. Em seguida, prosseguiremos a nossa viagem em dire\u00e7\u00e3o \u00e0s Dunas de Erg Zahar, um local conhecido pelas suas dunas douradas imponentes e bem formadas. Do cimo destas magn\u00edficas dunas, poder\u00e1 assistir a um p\u00f4r do sol espetacular. Passaremos a noite nas proximidades destas dunas.<\/p>\n<p>\t\t\t\t\t\t\t\t\t\t\t\t<a tabindex=\"0\">Dia 3 : Erg Zaha \u276f Erg Sedra<\/a><\/p>\n<p>A nossa viagem come\u00e7a com um percurso a p\u00e9, seguindo os passos da caravana de dromed\u00e1rios em dire\u00e7\u00e3o ao Erg Sadra. Ao atravessar o Vale de Draa, fazemos uma breve pausa para almo\u00e7ar em Erg Smar. Depois disso, pode descansar e rejuvenescer sob a copa refrescante de uma \u00e1rvore Tamargueira. A caminhada continua at\u00e9 chegarmos ao nosso destino, Erg Sedra, onde pernoitaremos no nosso parque de campismo.<\/p>\n<p>\t\t\t\t\t\t\t\t\t\t\t\t<a tabindex=\"0\">Dia 4 : Erg Sedra \u276f Erg Chegaga<\/a><\/p>\n<p>O nosso itiner\u00e1rio do dia inclui uma visita ao Erg Chegaga, uma das maiores e mais altas dunas de Marrocos, com mais de 50 km de extens\u00e3o. Este conjunto de dunas \u00e9 conhecido pela sua beleza deslumbrante. Depois de uma caminhada de tr\u00eas horas atrav\u00e9s de v\u00e1rias paisagens des\u00e9rticas, faremos uma pausa para a refei\u00e7\u00e3o do meio-dia. Depois do almo\u00e7o, continuaremos a nossa caminhada em dire\u00e7\u00e3o ao Erg Chegaga, onde assistiremos a um p\u00f4r do sol inesquec\u00edvel. Os nossos planos para a noite incluem montar o acampamento e passar a noite na zona.<\/p>\n<p>\t\t\t\t\t\t\t\t\t\t\t\t<a tabindex=\"0\">Dia 5 : Erg Chegaga \u276f M&#8217;hamid \u276f Zagora<\/a><\/p>\n<p>Ap\u00f3s o inesquec\u00edvel nascer do sol e a brisa matinal, os h\u00f3spedes s\u00e3o convidados a participar num delicioso pequeno-almo\u00e7o servido ao ar livre no bivouac. Depois, os h\u00f3spedes partir\u00e3o do bivouac em ve\u00edculo todo-o-terreno e regressar\u00e3o \u00e0 aldeia de Zagora, enquanto desfrutam do brilho p\u00f3s-aventura e talvez ainda sintam a areia entre os dedos dos p\u00e9s. A chegada \u00e0 aldeia de Zagora est\u00e1 prevista para as 12h30.<\/p>\n<ul>\n<li>\n\t\t\t\t\t\t\t\t\t\tImagens relacionadas\n\t\t\t\t\t\t\t\t\t<\/li>\n<\/ul>\n<p>Da Galeria<\/p>\n<style>\/*! elementor - v3.15.0 - 02-08-2023 *\/\n.elementor-widget-image-carousel .swiper,.elementor-widget-image-carousel .swiper-container{position:static}.elementor-widget-image-carousel .swiper-container .swiper-slide figure,.elementor-widget-image-carousel .swiper .swiper-slide figure{line-height:inherit}.elementor-widget-image-carousel .swiper-slide{text-align:center}.elementor-image-carousel-wrapper:not(.swiper-container-initialized):not(.swiper-initialized) .swiper-slide{max-width:calc(100% \/ var(--e-image-carousel-slides-to-show, 3))}<\/style>\n<figure><img decoding=\"async\" src=\"https:\/\/desertexplored.com\/wp-content\/uploads\/2023\/08\/fabien-bazanegue-dA-kSCn0K20-unsplash.jpg\" alt=\"fabien-bazanegue-dA-kSCn0K20-unsplash\" \/><\/figure>\n<figure><img decoding=\"async\" src=\"https:\/\/desertexplored.com\/wp-content\/uploads\/2023\/08\/saharadeserttour_275-1030x644.jpg\" alt=\"saharadeserttour_275\" \/><\/figure>\n<figure><img decoding=\"async\" src=\"https:\/\/desertexplored.com\/wp-content\/uploads\/2023\/08\/wolfgang-hasselmann-m4Y6cFwMc10-unsplash.jpg\" alt=\"wolfgang-hasselmann-m4Y6cFwMc10-unsplash\" \/><\/figure>\n<figure><img decoding=\"async\" src=\"https:\/\/desertexplored.com\/wp-content\/uploads\/2023\/08\/istockphoto-471671907-612x612-1.jpg\" alt=\"camel trekking in morocco sahara Desert\" \/><\/figure>\n<p>Partilhar Isto : <\/p>\n<link rel=\"stylesheet\" href=\"https:\/\/desertexplored.com\/wp-content\/plugins\/elementor-pro\/assets\/css\/widget-share-buttons.min.css\">\n\t\t\t\t\t\t\t\t\t\tFacebook<br \/>\n\t\t\t\t\t\t\t\t\t\tTwitter<br \/>\n\t\t\t\t\t\t\t\t\t\tLinkedIn\t\t\t\t\t\t\t\t\t<\/p>\n<h2>Tem alguma pergunta?<\/h2>\n<p>\t\tN\u00e3o hesite em nos telefonar. Somos uma equipa de peritos e temos todo o prazer em falar consigo.<\/p>\n<ul>\n<li>\n\t\t\t\t\t\t\t\t\t\t+212 667 611 319\n\t\t\t\t\t\t\t\t\t<\/li>\n<li>\n\t\t\t\t\t\t\t\t\t\tinfo@desertexplored.com\n\t\t\t\t\t\t\t\t\t<\/li>\n<\/ul>\n","protected":false},"excerpt":{"rendered":"<p>5 dias de passeio de camelo no deserto do Sara, em Marrocos Casa Detalhe dos pacotes Passeio de camelo no deserto de Marrocos Coment\u00e1rios &#xE934;&#xE934;&#xE934;&#xE934;&#xE934; 5\/5 Mhamid El Ghizlan Dura\u00e7\u00e3o 5 dias Tipo de viagem Visita privada Cidade de in\u00edcio Mhamid Cidade do Fim Zagora Vis\u00e3o geral Fuja da agita\u00e7\u00e3o da vida quotidiana e mergulhe [&hellip;]<\/p>\n","protected":false},"author":2,"featured_media":0,"parent":0,"menu_order":0,"comment_status":"closed","ping_status":"closed","template":"elementor_header_footer","meta":{"footnotes":""},"class_list":["post-20492","page","type-page","status-publish","hentry"],"_hostinger_reach_plugin_has_subscription_block":false,"_hostinger_reach_plugin_is_elementor":false,"_links":{"self":[{"href":"https:\/\/desertexplored.com\/pt-br\/wp-json\/wp\/v2\/pages\/20492","targetHints":{"allow":["GET"]}}],"collection":[{"href":"https:\/\/desertexplored.com\/pt-br\/wp-json\/wp\/v2\/pages"}],"about":[{"href":"https:\/\/desertexplored.com\/pt-br\/wp-json\/wp\/v2\/types\/page"}],"author":[{"embeddable":true,"href":"https:\/\/desertexplored.com\/pt-br\/wp-json\/wp\/v2\/users\/2"}],"replies":[{"embeddable":true,"href":"https:\/\/desertexplored.com\/pt-br\/wp-json\/wp\/v2\/comments?post=20492"}],"version-history":[{"count":0,"href":"https:\/\/desertexplored.com\/pt-br\/wp-json\/wp\/v2\/pages\/20492\/revisions"}],"wp:attachment":[{"href":"https:\/\/desertexplored.com\/pt-br\/wp-json\/wp\/v2\/media?parent=20492"}],"curies":[{"name":"wp","href":"https:\/\/api.w.org\/{rel}","templated":true}]}}