{"id":8765,"date":"2022-06-13T15:31:15","date_gmt":"2022-06-13T15:31:15","guid":{"rendered":"https:\/\/desertexplored.com\/actividades-en-el-desierto\/"},"modified":"2022-11-15T17:25:32","modified_gmt":"2022-11-15T17:25:32","slug":"actividades-en-el-desierto","status":"publish","type":"page","link":"https:\/\/desertexplored.com\/es\/actividades-en-el-desierto\/","title":{"rendered":"Actividades en el desierto"},"content":{"rendered":"<p>[av_section min_height=\u00bb min_height_px=&#8217;500px&#8217; padding=&#8217;default&#8217; shadow=&#8217;no-border-styling&#8217; bottom_border=&#8217;no-border-styling&#8217; bottom_border_diagonal_color=&#8217;#333333&#8242; bottom_border_diagonal_direction=\u00bb bottom_border_style=\u00bb custom_arrow_bg=\u00bb id=\u00bb color=&#8217;main_color&#8217; background=&#8217;bg_color&#8217; custom_bg=\u00bb background_gradient_color1=\u00bb background_gradient_color2=\u00bb background_gradient_direction=&#8217;vertical&#8217; src=\u00bb attachment=\u00bb attachment_size=\u00bb attach=&#8217;scroll&#8217; position=&#8217;top left&#8217; repeat=&#8217;no-repeat&#8217; video=\u00bb video_ratio=&#8217;16:9&#8242; overlay_opacity=&#8217;0.5&#8242; overlay_color=\u00bb overlay_pattern=\u00bb overlay_custom_pattern=\u00bb av_element_hidden_in_editor=&#8217;0&#8242; av_uid=&#8217;av-73ubiw&#8217;]<\/p>\n<p>[av_heading heading=&#8217;Actividades en el desierto &#8216; tag=&#8217;h1&#8242; style=&#8217;blockquote modern-quote modern-centered&#8217; size=&#8217;40&#8217; subheading_active=\u00bb subheading_size=&#8217;15&#8217; margin=\u00bb margin_sync=&#8217;true&#8217; padding=&#8217;0&#8242; color=\u00bb custom_font=\u00bb av-medium-font-size-title=\u00bb av-small-font-size-title=\u00bb av-mini-font-size-title=\u00bb av-medium-font-size=\u00bb av-small-font-size=\u00bb av-mini-font-size=\u00bb av_uid=&#8217;av-l4cvvs50&#8242; admin_preview_bg=\u00bb][\/av_heading]<\/p>\n<p>[av_hr class=&#8217;custom&#8217; height=&#8217;50&#8217; shadow=&#8217;no-shadow&#8217; position=&#8217;center&#8217; custom_border=&#8217;av-border-fat&#8217; custom_width=&#8217;140px&#8217; custom_border_color=&#8217;#ef7339&#8242; custom_margin_top=&#8217;30px&#8217; custom_margin_bottom=&#8217;30px&#8217; icon_select=&#8217;no&#8217; custom_icon_color=\u00bb icon=&#8217;ue808&#8242; font=&#8217;entypo-fontello&#8217; av_uid=&#8217;av-l4bst7vo&#8217; admin_preview_bg=\u00bb]<\/p>\n<p>[\/av_section][av_section min_height=\u00bb min_height_px=&#8217;500px&#8217; padding=&#8217;default&#8217; shadow=&#8217;no-border-styling&#8217; bottom_border=&#8217;no-border-styling&#8217; bottom_border_diagonal_color=&#8217;#333333&#8242; bottom_border_diagonal_direction=&#8217;scroll&#8217; bottom_border_style=&#8217;scroll&#8217; scroll_down=\u00bb custom_arrow_bg=\u00bb id=\u00bb color=&#8217;main_color&#8217; background=&#8217;bg_color&#8217; custom_bg=\u00bb background_gradient_color1=\u00bb background_gradient_color2=\u00bb background_gradient_direction=&#8217;vertical&#8217; src=\u00bb attach=&#8217;scroll&#8217; position=&#8217;top left&#8217; repeat=&#8217;no-repeat&#8217; video=\u00bb video_ratio=&#8217;16:9&#8242; video_mobile_disabled=\u00bb overlay_enable=\u00bb overlay_opacity=&#8217;0.5&#8242; overlay_color=\u00bb overlay_pattern=\u00bb overlay_custom_pattern=\u00bb av-desktop-hide=\u00bb av-medium-hide=\u00bb av-small-hide=\u00bb av-mini-hide=\u00bb av_element_hidden_in_editor=&#8217;0&#8242; av_uid=&#8217;av-6c1t08&#8242;]<\/p>\n<p>[av_two_fifth first min_height=\u00bb vertical_alignment=\u00bb space=\u00bb custom_margin=\u00bb margin=&#8217;0px&#8217; link=\u00bb linktarget=\u00bb link_hover=\u00bb padding=&#8217;0px&#8217; border=\u00bb border_color=\u00bb radius=&#8217;0px&#8217; background=&#8217;bg_color&#8217; background_color=\u00bb background_gradient_color1=\u00bb background_gradient_color2=\u00bb background_gradient_direction=&#8217;vertical&#8217; src=\u00bb background_position=&#8217;top left&#8217; background_repeat=&#8217;no-repeat&#8217; animation=\u00bb mobile_breaking=\u00bb mobile_display=\u00bb av_uid=&#8217;av-3xcnw8&#8242;]<\/p>\n<p>[av_image src=&#8217;https:\/\/desertexplored.com\/wp-content\/uploads\/2021\/04\/240_F_42419938_ag6gZzG6t9Qrt36g3OPSYN4IHAjHuEHK.jpg&#8217; attachment=&#8217;2943&#8242; attachment_size=&#8217;full&#8217; align=&#8217;center&#8217; styling=\u00bb hover=\u00bb link=\u00bb target=\u00bb caption=\u00bb font_size=\u00bb appearance=\u00bb overlay_opacity=&#8217;0.4&#8242; overlay_color=&#8217;#000000&#8242; overlay_text_color=&#8217;#ffffff&#8217; copyright=\u00bb animation=&#8217;no-animation&#8217; av_uid=&#8217;av-l4bszq2x&#8217; admin_preview_bg=\u00bb][\/av_image]<\/p>\n<p>[\/av_two_fifth][av_three_fifth min_height=\u00bb vertical_alignment=\u00bb space=\u00bb custom_margin=\u00bb margin=&#8217;0px&#8217; link=\u00bb linktarget=\u00bb link_hover=\u00bb padding=&#8217;0px&#8217; border=\u00bb border_color=\u00bb radius=&#8217;0px&#8217; background=&#8217;bg_color&#8217; background_color=\u00bb background_gradient_color1=\u00bb background_gradient_color2=\u00bb background_gradient_direction=&#8217;vertical&#8217; src=\u00bb background_position=&#8217;top left&#8217; background_repeat=&#8217;no-repeat&#8217; animation=\u00bb mobile_breaking=\u00bb mobile_display=\u00bb av_uid=&#8217;av-31im6g&#8217;]<\/p>\n<p>[av_heading heading=&#8217;Caminata en camello en el desierto del Sahara &#8216; tag=&#8217;h2&#8242; style=&#8217;blockquote modern-quote&#8217; size=&#8217;30&#8217; subheading_active=\u00bb subheading_size=&#8217;15&#8217; margin=\u00bb margin_sync=&#8217;true&#8217; padding=&#8217;10&#8217; color=&#8217;custom-color-heading&#8217; custom_font=&#8217;#f07900&#8242; av-medium-font-size-title=\u00bb av-small-font-size-title=\u00bb av-mini-font-size-title=\u00bb av-medium-font-size=\u00bb av-small-font-size=\u00bb av-mini-font-size=\u00bb av_uid=&#8217;av-l4cvvlcu&#8217; admin_preview_bg=\u00bb][\/av_heading]<\/p>\n<p>[av_textblock size=\u00bb font_color=\u00bb color=\u00bb av-medium-font-size=\u00bb av-small-font-size=\u00bb av-mini-font-size=\u00bb av_uid=&#8217;av-l4bt51bj&#8217; admin_preview_bg=\u00bb]<br \/>\n<span dir=\"ltr\">El Camel trekking Marruecos es una actividad a pie que puede ser practicada por todos. Al igual que un<\/span> <span dir=\"ltr\">tour de 3 d\u00edas de trekking en camello por el Sahara, o 5 d\u00edas de caminata por el desierto de Marruecos, y 7 d\u00edas de caminata en camello por el Sahara, \u00a1es una actividad original<\/span> <span dir=\"ltr\">para sus vacaciones en <a href=\"https:\/\/desertexplored.com\/es\/guia-de-viaje-de-marruecos\/\" target=\"_blank\" rel=\"noopener\">Marruecos<\/a> !<\/span><\/p>\n<p><span dir=\"ltr\">En primer lugar, el camello es el \u00fanico medio de transporte en el desierto. El viaje por el desierto de Marruecos es tambi\u00e9n una aventura en el desierto, una inmersi\u00f3n en el <\/span><span dir=\"ltr\">cultura n\u00f3mada. <\/span><span dir=\"ltr\">El punto de partida de nuestros programas de viaje en camello por Marruecos es el pueblo de M&#8217;hamid El Ghizlane,<\/span><span dir=\"ltr\">ubicado a unos 260 km al suroeste de Ouarzazate. El pueblo de <a href=\"https:\/\/fr.wikipedia.org\/wiki\/M%27Hamid_El_Ghizlane\" target=\"_blank\" rel=\"noopener\">M&#8217;hamid El Ghizlane<\/a> , que es uno de <\/span><span dir=\"ltr\">las puertas del desierto marroqu\u00ed, es f\u00e1cilmente accesible.<\/span><br \/>\n[\/av_textblock]<\/p>\n<p>[\/av_three_fifth][\/av_section][av_section min_height=\u00bb min_height_px=&#8217;500px&#8217; padding=&#8217;default&#8217; shadow=&#8217;no-border-styling&#8217; bottom_border=&#8217;no-border-styling&#8217; bottom_border_diagonal_color=&#8217;#333333&#8242; bottom_border_diagonal_direction=&#8217;scroll&#8217; bottom_border_style=&#8217;scroll&#8217; scroll_down=\u00bb custom_arrow_bg=\u00bb id=\u00bb color=&#8217;main_color&#8217; background=&#8217;bg_color&#8217; custom_bg=\u00bb background_gradient_color1=\u00bb background_gradient_color2=\u00bb background_gradient_direction=&#8217;vertical&#8217; src=\u00bb attach=&#8217;scroll&#8217; position=&#8217;top left&#8217; repeat=&#8217;no-repeat&#8217; video=\u00bb video_ratio=&#8217;16:9&#8242; video_mobile_disabled=\u00bb overlay_enable=\u00bb overlay_opacity=&#8217;0.5&#8242; overlay_color=\u00bb overlay_pattern=\u00bb overlay_custom_pattern=\u00bb av-desktop-hide=\u00bb av-medium-hide=\u00bb av-small-hide=\u00bb av-mini-hide=\u00bb av_element_hidden_in_editor=&#8217;0&#8242; av_uid=&#8217;av-6c1t08&#8242;]<\/p>\n<p>[av_two_fifth first min_height=\u00bb vertical_alignment=\u00bb space=\u00bb custom_margin=\u00bb margin=&#8217;0px&#8217; link=\u00bb linktarget=\u00bb link_hover=\u00bb padding=&#8217;0px&#8217; border=\u00bb border_color=\u00bb radius=&#8217;0px&#8217; background=&#8217;bg_color&#8217; background_color=\u00bb background_gradient_color1=\u00bb background_gradient_color2=\u00bb background_gradient_direction=&#8217;vertical&#8217; src=\u00bb background_position=&#8217;top left&#8217; background_repeat=&#8217;no-repeat&#8217; animation=\u00bb mobile_breaking=\u00bb mobile_display=\u00bb av_uid=&#8217;av-3xcnw8&#8242;]<\/p>\n<p>[av_image src=&#8217;https:\/\/desertexplored.com\/wp-content\/uploads\/2022\/06\/mayar-zidan-LVNcykwlDEg-unsplash.jpg&#8217; attachment=&#8217;6752&#8242; attachment_size=&#8217;full&#8217; align=&#8217;center&#8217; styling=\u00bb hover=\u00bb link=\u00bb target=\u00bb caption=\u00bb font_size=\u00bb appearance=\u00bb overlay_opacity=&#8217;0.4&#8242; overlay_color=&#8217;#000000&#8242; overlay_text_color=&#8217;#ffffff&#8217; copyright=\u00bb animation=&#8217;no-animation&#8217; av_uid=&#8217;av-l4bszq2x&#8217; admin_preview_bg=\u00bb][\/av_image]<\/p>\n<p>[\/av_two_fifth][av_three_fifth min_height=\u00bb vertical_alignment=\u00bb space=\u00bb custom_margin=\u00bb margin=&#8217;0px&#8217; link=\u00bb linktarget=\u00bb link_hover=\u00bb padding=&#8217;0px&#8217; border=\u00bb border_color=\u00bb radius=&#8217;0px&#8217; background=&#8217;bg_color&#8217; background_color=\u00bb background_gradient_color1=\u00bb background_gradient_color2=\u00bb background_gradient_direction=&#8217;vertical&#8217; src=\u00bb background_position=&#8217;top left&#8217; background_repeat=&#8217;no-repeat&#8217; animation=\u00bb mobile_breaking=\u00bb mobile_display=\u00bb av_uid=&#8217;av-31im6g&#8217;]<\/p>\n<p>[av_heading heading=&#8217;Servicios cu\u00e1druples&#8217; tag=&#8217;h2&#8242; style=&#8217;blockquote modern-quote&#8217; size=&#8217;30&#8217; subheading_active=\u00bb subheading_size=&#8217;15&#8217; margin=\u00bb margin_sync=&#8217;true&#8217; padding=&#8217;10&#8217; color=&#8217;custom-color-heading&#8217; custom_font=&#8217;#f07900&#8242; av-medium-font-size-title=\u00bb av-small-font-size-title=\u00bb av-mini-font-size-title=\u00bb av-medium-font-size=\u00bb av-small-font-size=\u00bb av-mini-font-size=\u00bb av_uid=&#8217;av-l4cvwqpv&#8217; admin_preview_bg=\u00bb][\/av_heading]<\/p>\n<p>[av_textblock size=\u00bb font_color=\u00bb color=\u00bb av-medium-font-size=\u00bb av-small-font-size=\u00bb av-mini-font-size=\u00bb av_uid=&#8217;av-l4bt51bj&#8217; admin_preview_bg=\u00bb]<br \/>\nOferta \u00abDesierto explorado\u00bb para todos los visitantes de Marruecos Excursiones guiadas por el desierto de Merzouga organizadas por gu\u00edas profesionales e instructores.<\/p>\n<p>Durante nuestra excursi\u00f3n diaria al desierto de Merzouga Sahara, exploramos el desierto. Con nosotros conquista las dunas siempre cambiantes! La tierra de f\u00e1bulas de las dunas de Merzouga est\u00e1 llena de sorpresas encantadoras, divergencias asombrosas y experiencias memorables.<\/p>\n<p>Esta excursi\u00f3n guiada por el Sahara puede salir cualquier d\u00eda y se puede personalizar.<br \/>\n[\/av_textblock]<\/p>\n<p>[\/av_three_fifth][\/av_section][av_section min_height=\u00bb min_height_px=&#8217;500px&#8217; padding=&#8217;default&#8217; shadow=&#8217;no-border-styling&#8217; bottom_border=&#8217;no-border-styling&#8217; bottom_border_diagonal_color=&#8217;#333333&#8242; bottom_border_diagonal_direction=&#8217;scroll&#8217; bottom_border_style=&#8217;scroll&#8217; scroll_down=\u00bb custom_arrow_bg=\u00bb id=\u00bb color=&#8217;main_color&#8217; background=&#8217;bg_color&#8217; custom_bg=\u00bb background_gradient_color1=\u00bb background_gradient_color2=\u00bb background_gradient_direction=&#8217;vertical&#8217; src=\u00bb attach=&#8217;scroll&#8217; position=&#8217;top left&#8217; repeat=&#8217;no-repeat&#8217; video=\u00bb video_ratio=&#8217;16:9&#8242; video_mobile_disabled=\u00bb overlay_enable=\u00bb overlay_opacity=&#8217;0.5&#8242; overlay_color=\u00bb overlay_pattern=\u00bb overlay_custom_pattern=\u00bb av-desktop-hide=\u00bb av-medium-hide=\u00bb av-small-hide=\u00bb av-mini-hide=\u00bb av_element_hidden_in_editor=&#8217;0&#8242; av_uid=&#8217;av-6c1t08&#8242;]<\/p>\n<p>[av_two_fifth first min_height=\u00bb vertical_alignment=\u00bb space=\u00bb custom_margin=\u00bb margin=&#8217;0px&#8217; link=\u00bb linktarget=\u00bb link_hover=\u00bb padding=&#8217;0px&#8217; border=\u00bb border_color=\u00bb radius=&#8217;0px&#8217; background=&#8217;bg_color&#8217; background_color=\u00bb background_gradient_color1=\u00bb background_gradient_color2=\u00bb background_gradient_direction=&#8217;vertical&#8217; src=\u00bb background_position=&#8217;top left&#8217; background_repeat=&#8217;no-repeat&#8217; animation=\u00bb mobile_breaking=\u00bb mobile_display=\u00bb av_uid=&#8217;av-3xcnw8&#8242;]<\/p>\n<p>[av_image src=&#8217;https:\/\/desertexplored.com\/wp-content\/uploads\/2019\/08\/surf.jpg&#8217; attachment=&#8217;1680&#8242; attachment_size=&#8217;full&#8217; align=&#8217;center&#8217; styling=\u00bb hover=\u00bb link=\u00bb target=\u00bb caption=\u00bb font_size=\u00bb appearance=\u00bb overlay_opacity=&#8217;0.4&#8242; overlay_color=&#8217;#000000&#8242; overlay_text_color=&#8217;#ffffff&#8217; copyright=\u00bb animation=&#8217;no-animation&#8217; av_uid=&#8217;av-l4bszq2x&#8217; admin_preview_bg=\u00bb][\/av_image]<\/p>\n<p>[\/av_two_fifth][av_three_fifth min_height=\u00bb vertical_alignment=\u00bb space=\u00bb custom_margin=\u00bb margin=&#8217;0px&#8217; link=\u00bb linktarget=\u00bb link_hover=\u00bb padding=&#8217;0px&#8217; border=\u00bb border_color=\u00bb radius=&#8217;0px&#8217; background=&#8217;bg_color&#8217; background_color=\u00bb background_gradient_color1=\u00bb background_gradient_color2=\u00bb background_gradient_direction=&#8217;vertical&#8217; src=\u00bb background_position=&#8217;top left&#8217; background_repeat=&#8217;no-repeat&#8217; animation=\u00bb mobile_breaking=\u00bb mobile_display=\u00bb av_uid=&#8217;av-31im6g&#8217;]<\/p>\n<p>[av_heading heading=&#8217;Surf en la arena &#8216; tag=&#8217;h2&#8242; style=&#8217;blockquote modern-quote&#8217; size=&#8217;30&#8217; subheading_active=\u00bb subheading_size=&#8217;15&#8217; margin=\u00bb margin_sync=&#8217;true&#8217; padding=&#8217;10&#8217; color=&#8217;custom-color-heading&#8217; custom_font=&#8217;#f07900&#8242; av-medium-font-size-title=\u00bb av-small-font-size-title=\u00bb av-mini-font-size-title=\u00bb av-medium-font-size=\u00bb av-small-font-size=\u00bb av-mini-font-size=\u00bb av_uid=&#8217;av-l4cvwqpv&#8217; admin_preview_bg=\u00bb][\/av_heading]<\/p>\n<p>[av_textblock size=\u00bb font_color=\u00bb color=\u00bb av-medium-font-size=\u00bb av-small-font-size=\u00bb av-mini-font-size=\u00bb av_uid=&#8217;av-l4bt51bj&#8217; admin_preview_bg=\u00bb]<br \/>\nHacer sandboard en el desierto de Merzouga en el S\u00e1hara marroqu\u00ed de Erg Chebbi es una de las experiencias de viaje y aventura en el desierto m\u00e1s importantes de Marruecos.<\/p>\n<p>El sandboard es una actividad muy popular en el desierto de Merzouga, y debe ser una actividad cuando se pasa tiempo en el campamento del desierto una vez que se llega al vivac en el tour de paseo en camello en Merzouga. Disfrutar\u00e1s del tiempo perfecto en el desierto de Merzouga. Subimos las altas dunas del desierto de Merzouga y nos deslizamos hacia abajo durante 1 hora m\u00e1s o menos.<br \/>\n[\/av_textblock]<\/p>\n<p>[\/av_three_fifth][\/av_section]<\/p>\n","protected":false},"excerpt":{"rendered":"<p>[av_section min_height=\u00bb min_height_px=&#8217;500px&#8217; padding=&#8217;default&#8217; shadow=&#8217;no-border-styling&#8217; bottom_border=&#8217;no-border-styling&#8217; bottom_border_diagonal_color=&#8217;#333333&#8242; bottom_border_diagonal_direction=\u00bb bottom_border_style=\u00bb custom_arrow_bg=\u00bb id=\u00bb color=&#8217;main_color&#8217; background=&#8217;bg_color&#8217; custom_bg=\u00bb background_gradient_color1=\u00bb background_gradient_color2=\u00bb background_gradient_direction=&#8217;vertical&#8217; src=\u00bb attachment=\u00bb attachment_size=\u00bb attach=&#8217;scroll&#8217; position=&#8217;top left&#8217; repeat=&#8217;no-repeat&#8217; video=\u00bb video_ratio=&#8217;16:9&#8242; overlay_opacity=&#8217;0.5&#8242; overlay_color=\u00bb overlay_pattern=\u00bb overlay_custom_pattern=\u00bb av_element_hidden_in_editor=&#8217;0&#8242; av_uid=&#8217;av-73ubiw&#8217;] [av_heading heading=&#8217;Actividades en el desierto &#8216; tag=&#8217;h1&#8242; style=&#8217;blockquote modern-quote modern-centered&#8217; size=&#8217;40&#8217; subheading_active=\u00bb subheading_size=&#8217;15&#8217; margin=\u00bb margin_sync=&#8217;true&#8217; padding=&#8217;0&#8242; color=\u00bb custom_font=\u00bb av-medium-font-size-title=\u00bb av-small-font-size-title=\u00bb av-mini-font-size-title=\u00bb av-medium-font-size=\u00bb av-small-font-size=\u00bb [&hellip;]<\/p>\n","protected":false},"author":2,"featured_media":0,"parent":0,"menu_order":5,"comment_status":"closed","ping_status":"closed","template":"","meta":{"footnotes":""},"class_list":["post-8765","page","type-page","status-publish","hentry"],"_hostinger_reach_plugin_has_subscription_block":false,"_hostinger_reach_plugin_is_elementor":false,"_links":{"self":[{"href":"https:\/\/desertexplored.com\/es\/wp-json\/wp\/v2\/pages\/8765","targetHints":{"allow":["GET"]}}],"collection":[{"href":"https:\/\/desertexplored.com\/es\/wp-json\/wp\/v2\/pages"}],"about":[{"href":"https:\/\/desertexplored.com\/es\/wp-json\/wp\/v2\/types\/page"}],"author":[{"embeddable":true,"href":"https:\/\/desertexplored.com\/es\/wp-json\/wp\/v2\/users\/2"}],"replies":[{"embeddable":true,"href":"https:\/\/desertexplored.com\/es\/wp-json\/wp\/v2\/comments?post=8765"}],"version-history":[{"count":0,"href":"https:\/\/desertexplored.com\/es\/wp-json\/wp\/v2\/pages\/8765\/revisions"}],"wp:attachment":[{"href":"https:\/\/desertexplored.com\/es\/wp-json\/wp\/v2\/media?parent=8765"}],"curies":[{"name":"wp","href":"https:\/\/api.w.org\/{rel}","templated":true}]}}