{"id":8699,"date":"2022-10-19T13:12:34","date_gmt":"2022-10-19T13:12:34","guid":{"rendered":"https:\/\/desertexplored.com\/passeios-marrocos\/"},"modified":"2024-02-22T18:58:35","modified_gmt":"2024-02-22T18:58:35","slug":"passeios-marrocos","status":"publish","type":"page","link":"https:\/\/desertexplored.com\/es\/passeios-marrocos\/","title":{"rendered":"viajes a marruecos"},"content":{"rendered":"<h2>Los mejores paquetes tur\u00edsticos de Marruecos  <\/h2>\n<p>Nuestras excursiones seleccionadas a la <strong>desierto del S\u00e1hara<\/strong> y <strong>ciudades imperiales<\/strong> de Marruecos le permitir\u00e1n vivir una experiencia <strong>experiencia privada<\/strong> en un entorno muy \u00fanico. Estas excursiones incluyen los mejores alojamientos en su camino hacia el desierto. Planifique y reserve sus excursiones perfectas por el <strong>desierto de Marrakech<\/strong> con el asesoramiento de expertos locales, consejos de viaje e inspiraci\u00f3n del mejor operador tur\u00edstico de Marruecos.<\/p>\n<p>\t\t\t<a href=\"https:\/\/desertexplored.com\/es\/contactenos\/\"><br \/>\n\t\t\t\t\t\tCont\u00e1ctenos<br \/>\n\t\t\t\t\t<\/a><\/p>\n<h2>Viajes populares a Marruecos <\/h2>\n<p>Nuestras excursiones por la cultura marroqu\u00ed ofrecen una oportunidad \u00fanica para la aventura. Nuestras excursiones por las monta\u00f1as del Atlas le llevar\u00e1n por impresionantes paisajes a lo largo del camino recorrido. Atraviese el desierto del S\u00e1hara a lomos de un camello, durmiendo bajo amplios cielos estrellados y admirando impresionantes amaneceres desde lo alto de una inmensa duna de arena, y visite las m\u00e1s bellas ciudades imperiales de Marruecos.<\/p>\n<p>\t\t\t\t\t\t\t\t\t\t\t\t\t\t\t<img decoding=\"async\" width=\"800\" height=\"534\" src=\"https:\/\/desertexplored.com\/wp-content\/uploads\/2022\/08\/ait_benhaddou-1.jpg\" alt=\"Luxury sahara tour from Marrakech\" srcset=\"https:\/\/desertexplored.com\/wp-content\/uploads\/2022\/08\/ait_benhaddou-1.jpg 800w, https:\/\/desertexplored.com\/wp-content\/uploads\/2022\/08\/ait_benhaddou-1-300x200.jpg 300w, https:\/\/desertexplored.com\/wp-content\/uploads\/2022\/08\/ait_benhaddou-1-768x513.jpg 768w, https:\/\/desertexplored.com\/wp-content\/uploads\/2022\/08\/ait_benhaddou-1-705x471.jpg 705w, https:\/\/desertexplored.com\/wp-content\/uploads\/2022\/08\/ait_benhaddou-1-450x300.jpg 450w\" sizes=\"(max-width: 800px) 100vw, 800px\" \/>\t\t\t\t\t\t\t\t\t\t\t\t\t\t\t<\/p>\n<h4>Excursi\u00f3n de 4 d\u00edas al S\u00e1hara desde Marrakech<\/h4>\n<ul>\n<li>\n\t\t\t\t\t\t\t\t\t\tMarrakech\n\t\t\t\t\t\t\t\t\t<\/li>\n<li>\n\t\t\t\t\t\t\t\t\t\t4 d\u00edas\n\t\t\t\t\t\t\t\t\t<\/li>\n<li>\n\t\t\t\t\t\t\t\t\t\tPrivado\n\t\t\t\t\t\t\t\t\t<\/li>\n<\/ul>\n<p>Vive una experiencia de acampada incre\u00edble con esta excursi\u00f3n por el desierto del S\u00e1hara marroqu\u00ed a las dunas de Erg Chebbi desde Marrakech<\/p>\n<p>\t\t\t<a href=\"https:\/\/desertexplored.com\/es\/tour\/tour-de-lujo-del-sahara-desde-marrakech\/\"><br \/>\n\t\t\t\t\t\tDetalles del viaje<br \/>\n\t\t\t\t\t<\/a><br \/>\n\t\t\t\t\t\t\t\t\t\t\t\t\t\t\t<img decoding=\"async\" width=\"670\" height=\"446\" src=\"https:\/\/desertexplored.com\/wp-content\/uploads\/2022\/08\/merzouga-morocco.jpg\" alt=\"camels in desert tour\" srcset=\"https:\/\/desertexplored.com\/wp-content\/uploads\/2022\/08\/merzouga-morocco.jpg 670w, https:\/\/desertexplored.com\/wp-content\/uploads\/2022\/08\/merzouga-morocco-300x200.jpg 300w, https:\/\/desertexplored.com\/wp-content\/uploads\/2022\/08\/merzouga-morocco-450x300.jpg 450w\" sizes=\"(max-width: 670px) 100vw, 670px\" \/>\t\t\t\t\t\t\t\t\t\t\t\t\t\t\t<\/p>\n<h4>Excursi\u00f3n al desierto de Marrakech a Fez<\/h4>\n<ul>\n<li>\n\t\t\t\t\t\t\t\t\t\tMarrakech\n\t\t\t\t\t\t\t\t\t<\/li>\n<li>\n\t\t\t\t\t\t\t\t\t\t8 d\u00edas\n\t\t\t\t\t\t\t\t\t<\/li>\n<li>\n\t\t\t\t\t\t\t\t\t\tPrivado\n\t\t\t\t\t\t\t\t\t<\/li>\n<\/ul>\n<p>Tour Desde la ciudad de Marrakech hacia el m\u00e1gico desierto del Sahara y Fez Experimente la verdadera cultura bereber marroqu\u00ed durante este viaje de 8 d\u00edas<\/p>\n<p>\t\t\t<a href=\"https:\/\/desertexplored.com\/es\/tour\/tour-de-8-dias-desde-marrakech-a-fez\/\"><br \/>\n\t\t\t\t\t\tDetalles del viaje<br \/>\n\t\t\t\t\t<\/a><br \/>\n\t\t\t\t\t\t\t\t\t\t\t\t\t\t\t<img decoding=\"async\" width=\"640\" height=\"427\" src=\"https:\/\/desertexplored.com\/wp-content\/uploads\/2022\/03\/fes-tannery-lidier-morocco.jpg\" alt=\"\" srcset=\"https:\/\/desertexplored.com\/wp-content\/uploads\/2022\/03\/fes-tannery-lidier-morocco.jpg 640w, https:\/\/desertexplored.com\/wp-content\/uploads\/2022\/03\/fes-tannery-lidier-morocco-300x200.jpg 300w, https:\/\/desertexplored.com\/wp-content\/uploads\/2022\/03\/fes-tannery-lidier-morocco-450x300.jpg 450w\" sizes=\"(max-width: 640px) 100vw, 640px\" \/>\t\t\t\t\t\t\t\t\t\t\t\t\t\t\t<\/p>\n<h4> Excursi\u00f3n de Marrakech a Casablanca<\/h4>\n<ul>\n<li>\n\t\t\t\t\t\t\t\t\t\tMarrakech\n\t\t\t\t\t\t\t\t\t<\/li>\n<li>\n\t\t\t\t\t\t\t\t\t\t10 d\u00edas\n\t\t\t\t\t\t\t\t\t<\/li>\n<li>\n\t\t\t\t\t\t\t\t\t\tPrivado\n\t\t\t\t\t\t\t\t\t<\/li>\n<\/ul>\n<p>Disfrute de la gran gira de 10 d\u00edas por Marruecos, desde Marrakech y Essaouira hasta Rabat y Casablanca, pasando por Fez y Chefchaoeun.<\/p>\n<p>\t\t\t<a href=\"https:\/\/desertexplored.com\/es\/tour\/tour-desde-marrakech-a-casablanca-via-ciudades-imperiales\/\"><br \/>\n\t\t\t\t\t\tDetalles del viaje<br \/>\n\t\t\t\t\t<\/a><br \/>\n\t\t\t\t\t\t\t\t\t\t\t\t\t\t\t<img decoding=\"async\" src=\"https:\/\/desertexplored.com\/wp-content\/uploads\/elementor\/thumbs\/sahara-palm-trees-dunes-scaled-q7yhcun51rflnfo29m9ojbl03dqtro8ha9h10sukq0.jpg\" title=\"sahara-palm-trees-dunes\" alt=\"oasis in desert dunes\" loading=\"lazy\" \/><br \/>\n\t\t\t\t\t\t<i>&#xE934;<\/i><i>&#xE934;<\/i><i>&#xE934;<\/i><i>&#xE934;<\/i><i>&#xE934;<\/i> 5\/5\t\t<\/p>\n<h4>Excursi\u00f3n de 3 d\u00edas desde Marrakech <\/h4>\n<ul>\n<li>\n\t\t\t\t\t\t\t\t\t\tMarrakech\n\t\t\t\t\t\t\t\t\t<\/li>\n<li>\n\t\t\t\t\t\t\t\t\t\t3 d\u00edas\n\t\t\t\t\t\t\t\t\t<\/li>\n<li>\n\t\t\t\t\t\t\t\t\t\tPrivado\n\t\t\t\t\t\t\t\t\t<\/li>\n<\/ul>\n<p>Atraviese las altas monta\u00f1as del Atlas, explore los antiguos pueblos bereberes y viva una experiencia \u00fanica en el desierto.<\/p>\n<p>\t\t\t<a href=\"https:\/\/desertexplored.com\/es\/excursion-al-desierto-en-marruecos-desde-marrakech\/\"><br \/>\n\t\t\t\t\t\tDetalles del viaje<br \/>\n\t\t\t\t\t<\/a><br \/>\n\t\t\t\t\t\t\t\t\t\t\t\t\t\t\t<img decoding=\"async\" src=\"https:\/\/desertexplored.com\/wp-content\/uploads\/elementor\/thumbs\/pexels-saad-jebbour-4869960-2-qakwzc4ty3b0osgw5cm5j0ns6kc16p3mv4jngn6q20.jpg\" title=\"pexels-sa\u00e2d-jebbour-4869960 (2)\" alt=\"pexels-sa\u00e2d-jebbour-4869960 (2)\" loading=\"lazy\" \/><br \/>\n\t\t\t\t\t\t<i>&#xE934;<\/i><i>&#xE934;<\/i><i>&#xE934;<\/i><i>&#xE934;<\/i><i>&#xE934;<\/i> 5\/5\t\t<\/p>\n<h4>Excursi\u00f3n de 2 d\u00edas al desierto desde Errachidia<\/h4>\n<ul>\n<li>\n\t\t\t\t\t\t\t\t\t\tErrachidia\n\t\t\t\t\t\t\t\t\t<\/li>\n<li>\n\t\t\t\t\t\t\t\t\t\t2 d\u00edas\n\t\t\t\t\t\t\t\t\t<\/li>\n<li>\n\t\t\t\t\t\t\t\t\t\tPrivado\n\t\t\t\t\t\t\t\t\t<\/li>\n<\/ul>\n<p>Viva una experiencia \u00fanica en el desierto explorando antiguas aldeas bereberes en las monta\u00f1as del Alto Atlas. Sum\u00e9rjase en la cultura local <\/p>\n<p>\t\t\t<a href=\"https:\/\/desertexplored.com\/es\/tour-de-2-dias-por-el-desierto-desde-errachidia-a-merzouga\/\"><br \/>\n\t\t\t\t\t\tDetalles del viaje<br \/>\n\t\t\t\t\t<\/a><br \/>\n\t\t\t\t\t\t\t\t\t\t\t\t\t\t\t<img decoding=\"async\" src=\"https:\/\/desertexplored.com\/wp-content\/uploads\/elementor\/thumbs\/women_watch_sunset-qevjf5caksl6xg6kpta3quc8k2lplyp8ui4iis90tk.jpg\" title=\"women_watch_sunset\" alt=\"women_watch_sunset\" loading=\"lazy\" \/><br \/>\n\t\t\t\t\t\t<i>&#xE934;<\/i><i>&#xE934;<\/i><i>&#xE934;<\/i><i>&#xE934;<\/i><i>&#xE934;<\/i> 5\/5\t\t<\/p>\n<h4>Desierto de Marrakech a Fez 4 d\u00edas<\/h4>\n<ul>\n<li>\n\t\t\t\t\t\t\t\t\t\tMarrakech\n\t\t\t\t\t\t\t\t\t<\/li>\n<li>\n\t\t\t\t\t\t\t\t\t\t4 d\u00edas\n\t\t\t\t\t\t\t\t\t<\/li>\n<li>\n\t\t\t\t\t\t\t\t\t\tPrivado\n\t\t\t\t\t\t\t\t\t<\/li>\n<\/ul>\n<p>La excursi\u00f3n de Marrakech a Fez por el desierto en 4 d\u00edas es muy recomendable, ya que incluye dos noches en el desierto.<\/p>\n<p>\t\t\t<a href=\"https:\/\/desertexplored.com\/tour\/marrakech-to-fes-desert-tour-4-days\/\"><br \/>\n\t\t\t\t\t\tDetalles del viaje<br \/>\n\t\t\t\t\t<\/a><br \/>\n\t\t\t\t\t\t\t\t\t\t\t\t\t\t\t<img decoding=\"async\" src=\"https:\/\/desertexplored.com\/wp-content\/uploads\/elementor\/thumbs\/fes-city-architucture-qh5o0rgdo3gtvmf8a8ow1xsd3tyzm2ut67zdits11s.webp\" title=\"fes-city-architucture\" alt=\"fes-city-architucture\" loading=\"lazy\" \/>\t\t\t\t\t\t\t\t\t\t\t\t\t\t\t<\/p>\n<h4>Tour seleccionado a mano por Marruecos <\/h4>\n<ul>\n<li>\n\t\t\t\t\t\t\t\t\t\tCasablanca\n\t\t\t\t\t\t\t\t\t<\/li>\n<li>\n\t\t\t\t\t\t\t\t\t\t14 d\u00edas\n\t\t\t\t\t\t\t\t\t<\/li>\n<li>\n\t\t\t\t\t\t\t\t\t\tPrivado\n\t\t\t\t\t\t\t\t\t<\/li>\n<\/ul>\n<p>este viaje es perfecto si desea conocer la cultura, la arquitectura y los monumentos antiguos del pa\u00eds<\/p>\n<p>\t\t\t<a href=\"https:\/\/desertexplored.com\/es\/tour\/14-dias-vuelta-a-marruecos-desde-casablanca\/\"><br \/>\n\t\t\t\t\t\tDetalles del viaje<br \/>\n\t\t\t\t\t<\/a><br \/>\n\t\t\t\t\t\t\t\t\t\t\t\t\t\t\t<img decoding=\"async\" src=\"https:\/\/desertexplored.com\/wp-content\/uploads\/elementor\/thumbs\/desert-camel-trep-sahara-qh5fog0q3ocsgqnfxfe0eq0khy76bgm5vscjm7291s.webp\" title=\"desert-camel-trep-sahara\" alt=\"people ride camel in desert tour\" loading=\"lazy\" \/>\t\t\t\t\t\t\t\t\t\t\t\t\t\t\t<\/p>\n<h4>Excursi\u00f3n de 6 d\u00edas desde Marrakech<\/h4>\n<ul>\n<li>\n\t\t\t\t\t\t\t\t\t\tMarrakech\n\t\t\t\t\t\t\t\t\t<\/li>\n<li>\n\t\t\t\t\t\t\t\t\t\t6 d\u00edas\n\t\t\t\t\t\t\t\t\t<\/li>\n<li>\n\t\t\t\t\t\t\t\t\t\tPrivado\n\t\t\t\t\t\t\t\t\t<\/li>\n<\/ul>\n<p>Mejor hecho a mano Desierto Tour de Marrakech al desierto de Merzouga a trav\u00e9s de Zagora , pasar la noche Memorable en Midle del Desierto  <\/p>\n<p>\t\t\t<a href=\"https:\/\/desertexplored.com\/es\/tour\/excursion-de-6-dias-de-marrakech-a-merzouga-pasando-por-zagora\/\"><br \/>\n\t\t\t\t\t\tDetalles del viaje<br \/>\n\t\t\t\t\t<\/a><br \/>\n\t\t\t\t\t\t\t\t\t\t\t\t\t\t\t<img decoding=\"async\" width=\"820\" height=\"520\" src=\"https:\/\/desertexplored.com\/wp-content\/uploads\/2022\/10\/shutterstock_1316590337-820x520.jpg-1.webp\" alt=\"Desert tour with camels\" srcset=\"https:\/\/desertexplored.com\/wp-content\/uploads\/2022\/10\/shutterstock_1316590337-820x520.jpg-1.webp 820w, https:\/\/desertexplored.com\/wp-content\/uploads\/2022\/10\/shutterstock_1316590337-820x520.jpg-1-300x190.webp 300w, https:\/\/desertexplored.com\/wp-content\/uploads\/2022\/10\/shutterstock_1316590337-820x520.jpg-1-768x487.webp 768w, https:\/\/desertexplored.com\/wp-content\/uploads\/2022\/10\/shutterstock_1316590337-820x520.jpg-1-705x447.webp 705w, https:\/\/desertexplored.com\/wp-content\/uploads\/2022\/10\/shutterstock_1316590337-820x520.jpg-1-450x285.webp 450w\" sizes=\"(max-width: 820px) 100vw, 820px\" \/>\t\t\t\t\t\t\t\t\t\t\t\t\t\t\t<\/p>\n<h4>Ferry de Fez a Marrakech v\u00eda Erg chebbi<\/h4>\n<ul>\n<li>\n\t\t\t\t\t\t\t\t\t\tFez\n\t\t\t\t\t\t\t\t\t<\/li>\n<li>\n\t\t\t\t\t\t\t\t\t\t4 d\u00edas\n\t\t\t\t\t\t\t\t\t<\/li>\n<li>\n\t\t\t\t\t\t\t\t\t\tPrivado\n\t\t\t\t\t\t\t\t\t<\/li>\n<\/ul>\n<p>  Viaje de 4 d\u00edas al desierto de Merzouga para descubrir el impresionante desierto del S\u00e1hara. Termine su viaje en Marrakech<\/p>\n<p>\t\t\t<a href=\"https:\/\/desertexplored.com\/es\/tour\/excursion-de-4-dias-por-el-desierto-de-marrakech-a-fez\/\"><br \/>\n\t\t\t\t\t\tDetalles del viaje<br \/>\n\t\t\t\t\t<\/a><br \/>\n\t\t\t\t\t\t\t\t\t\t\t\t\t\t\t<img decoding=\"async\" width=\"820\" height=\"520\" src=\"https:\/\/desertexplored.com\/wp-content\/uploads\/2024\/01\/pexels-greg-gulik-1001435-1.jpg\" alt=\"\" srcset=\"https:\/\/desertexplored.com\/wp-content\/uploads\/2024\/01\/pexels-greg-gulik-1001435-1.jpg 820w, https:\/\/desertexplored.com\/wp-content\/uploads\/2024\/01\/pexels-greg-gulik-1001435-1-300x190.jpg 300w, https:\/\/desertexplored.com\/wp-content\/uploads\/2024\/01\/pexels-greg-gulik-1001435-1-768x487.jpg 768w\" sizes=\"(max-width: 820px) 100vw, 820px\" \/>\t\t\t\t\t\t\t\t\t\t\t\t\t\t\t<\/p>\n<h4>6 d\u00edas de desierto de Fez a Marrakech<\/h4>\n<ul>\n<li>\n\t\t\t\t\t\t\t\t\t\tFez\n\t\t\t\t\t\t\t\t\t<\/li>\n<li>\n\t\t\t\t\t\t\t\t\t\t6 d\u00edas\n\t\t\t\t\t\t\t\t\t<\/li>\n<li>\n\t\t\t\t\t\t\t\t\t\tPrivado\n\t\t\t\t\t\t\t\t\t<\/li>\n<\/ul>\n<p>Esta incre\u00edble aventura que le llevar\u00e1 de <strong>Fez a Marrakech<\/strong> es un viaje de cuatro d\u00edas verdaderamente inolvidable a trav\u00e9s de la vasta extensi\u00f3n del <strong>desierto del S\u00e1hara<\/strong> y hasta el coraz\u00f3n del <strong>sur<\/strong> de Marruecos. <\/p>\n<p>\t\t\t<a href=\"https:\/\/desertexplored.com\/es\/tour\/6-dias-de-desierto-de-fez-a-marrakech\/\"><br \/>\n\t\t\t\t\t\tDetalles del viaje<br \/>\n\t\t\t\t\t<\/a><\/p>\n<h6>\u00bfno has encontrado lo que te gusta?<\/h6>\n<h2>Ay\u00fadame a personalizar mi viaje a Marruecos<\/h2>\n<p style=\"text-align: left;\">Todos tienen preferencias e intereses diversos. Nuestro objetivo es dise\u00f1ar su <strong>viaje a Marruecos<\/strong>en funci\u00f3n de su presupuesto, el periodo de su estancia y las caracter\u00edsticas de Marruecos que desee ver. Simplemente d\u00edganos las fechas de su estancia, el n\u00famero de personas de su grupo y lo que desea ver y hacer, la ciudad de la que desea partir para crear un <strong>viaje a Marruecos<\/strong>que nunca olvidar\u00e1.<\/p>\n<p>\t\t\t<a href=\"https:\/\/desertexplored.com\/es\/contactenos\/\"><br \/>\n\t\t\t\t\t\tPersonalizar recorrido<br \/>\n\t\t\t\t\t<\/a><br \/>\n\t\t\t\t\t\t\t\t\t\t\t\t\t\t\t<img decoding=\"async\" width=\"640\" height=\"428\" src=\"https:\/\/desertexplored.com\/wp-content\/uploads\/2022\/08\/joshua-sortino-m5P0c6ABWDs-unsplash-1.jpg\" alt=\"sahara desert\" srcset=\"https:\/\/desertexplored.com\/wp-content\/uploads\/2022\/08\/joshua-sortino-m5P0c6ABWDs-unsplash-1.jpg 640w, https:\/\/desertexplored.com\/wp-content\/uploads\/2022\/08\/joshua-sortino-m5P0c6ABWDs-unsplash-1-300x201.jpg 300w, https:\/\/desertexplored.com\/wp-content\/uploads\/2022\/08\/joshua-sortino-m5P0c6ABWDs-unsplash-1-450x301.jpg 450w\" sizes=\"(max-width: 640px) 100vw, 640px\" \/><br \/>\n\t\t\t\t\t\t\t\t\t\t\t\t\t\t\t<img decoding=\"async\" width=\"2000\" height=\"1324\" src=\"https:\/\/desertexplored.com\/wp-content\/uploads\/2023\/04\/ait-benhaddou-moroccan-ancient-fortress.jpg\" alt=\"Ait Benhaddou, moroccan ancient fortress\" srcset=\"https:\/\/desertexplored.com\/wp-content\/uploads\/2023\/04\/ait-benhaddou-moroccan-ancient-fortress.jpg 2000w, https:\/\/desertexplored.com\/wp-content\/uploads\/2023\/04\/ait-benhaddou-moroccan-ancient-fortress-300x199.jpg 300w, https:\/\/desertexplored.com\/wp-content\/uploads\/2023\/04\/ait-benhaddou-moroccan-ancient-fortress-1030x682.jpg 1030w, https:\/\/desertexplored.com\/wp-content\/uploads\/2023\/04\/ait-benhaddou-moroccan-ancient-fortress-768x508.jpg 768w, https:\/\/desertexplored.com\/wp-content\/uploads\/2023\/04\/ait-benhaddou-moroccan-ancient-fortress-1536x1017.jpg 1536w, https:\/\/desertexplored.com\/wp-content\/uploads\/2023\/04\/ait-benhaddou-moroccan-ancient-fortress-1500x993.jpg 1500w, https:\/\/desertexplored.com\/wp-content\/uploads\/2023\/04\/ait-benhaddou-moroccan-ancient-fortress-705x467.jpg 705w, https:\/\/desertexplored.com\/wp-content\/uploads\/2023\/04\/ait-benhaddou-moroccan-ancient-fortress-450x298.jpg 450w\" sizes=\"(max-width: 2000px) 100vw, 2000px\" \/>\t\t\t\t\t\t\t\t\t\t\t\t\t\t\t<\/p>\n<p>C\u00f3mo elegir nuestros circuitos por Marruecos <\/p>\n<h2>Nuestros valores fundamentales <\/h2>\n<p>Somos una empresa de viajes profesional y de \u00abconfianza\u00bb situada en Marrakech, Marruecos, y nos complace ser gu\u00edas oficiales bereberes 100% marroqu\u00edes .<\/p>\n<h3>\n\t\t\t\t\t\tSeguridad de los viajeros<br \/>\n\t\t\t\t<\/h3>\n<p>\n\t\t\t\t\t\tDesert Explored ofrece vacaciones para solteros, parejas, familias y grupos de amigos. En nuestras visitas descubrir\u00e1 los caracter\u00edsticos espacios marroqu\u00edes al aire libre. Viajar con nosotros tambi\u00e9n le garantiza disfrutar de lo mejor con total seguridad y conocer de cerca a algunas de las personas que dan a Marruecos su belleza y su magia. Nuestros equipos est\u00e1n bien preparados para este tipo de encuentros.\t\t\t\t\t<\/p>\n<h3>\n\t\t\t\t\t\tMejor destino<br \/>\n\t\t\t\t<\/h3>\n<p>\n\t\t\t\t\t\tMarruecos pa\u00eds con muchas Variedades de las m\u00e1s bellas cordilleras de \u00c1frica. Y el incre\u00edble desierto del Sahara. a la rica cultura y Ruinas hist\u00f3ricas, Kasbah fortificada .atractivas ciudades imperiales\n\t\t\t\t\t<\/p>\n<h3>\n\t\t\t\t\t\tEquipo profesional<br \/>\n\t\t\t\t<\/h3>\n<p>\n\t\t\t\t\t\tWe Provide proporciona el mejor personal de conductores experimentados y gu\u00edas bereberes locales miling\u00fces que conocen bien la historia de su regi\u00f3n natal. con m\u00e1s de 10 a\u00f1os de experiencia en el sector tur\u00edstico y la gesti\u00f3n de excursiones por todo Marruecos. Disponemos de espaciosos monovol\u00famenes y c\u00f3modos veh\u00edculos 4&#215;4 con aire acondicionado.\t\t\t\t\t<\/p>\n<p>\t\t\t\t\t\t\t\t\t\t\t\t\t\t\t<img decoding=\"async\" src=\"https:\/\/desertexplored.com\/wp-content\/uploads\/elementor\/thumbs\/kasbah-of-the-udayas-in-rabat-morocco-q4rzyt0wv6ksi308kapylwga7sm7ergl6na8wrtdmo.jpg\" title=\"Kasbah of the Udayas in Rabat, Morocco\" alt=\"Kasbah of the Udayas in Rabat, Morocco\" loading=\"lazy\" \/><br \/>\n\t\t\t\t\t\t\t\t\t\t\t\t\t\t\t<img decoding=\"async\" src=\"https:\/\/desertexplored.com\/wp-content\/uploads\/elementor\/thumbs\/menara-gardens-and-atlas-mountains-in-marrakech-morocco--q4s04v3gwqvbbm7h6wzeodf816rd0jibcmmw8yu1j4.jpg\" title=\"Menara Gardens and Atlas Mountains in Marrakech,Morocco.\" alt=\"Menara Gardens and Atlas Mountains in Marrakech,Morocco.\" loading=\"lazy\" \/>\t\t\t\t\t\t\t\t\t\t\t\t\t\t\t<\/p>\n<h3>Sobre Marruecos<\/h3>\n<p><strong>Marruecos<\/strong> es un pa\u00eds rico en historia que ha recorrido un largo camino desde su fundaci\u00f3n en el siglo IX. El pa\u00eds tiene una trayectoria singular, marcada por un periodo bajo zonas francesas y espa\u00f1olas durante el Protectorado que separ\u00f3 al pa\u00eds.<\/p>\n<p>A diferencia de sus vecinos norteafricanos, Marruecos qued\u00f3 excluido del Imperio Otomano. La cuesti\u00f3n de la reivindicaci\u00f3n y ocupaci\u00f3n del S\u00e1hara Occidental por parte del Sur sigue siendo un tema muy debatido y pol\u00e9mico y un punto de encuentro crucial en la pol\u00edtica nacional. La estructura pol\u00edtica <strong>de Marruecos<\/strong> ha ido evolucionando, pasando de una monarqu\u00eda muy centralizada a una parlamentaria, aunque el rey sigue teniendo importantes poderes ejecutivos.<\/p>\n<p>Marruecos posee una larga costa atl\u00e1ntica que se adentra en el Mediterr\u00e1neo y limita al norte con territorio espa\u00f1ol, al este con Argelia y al sur con el S\u00e1hara Occidental. Algunas de sus ciudades m\u00e1s destacadas son Rabat, la capital del pa\u00eds, y Casablanca, la ciudad m\u00e1s grande y el principal puerto. El terreno de Marruecos var\u00eda considerablemente, desde escarpadas colinas a vastas regiones des\u00e9rticas, con la cordillera del Atlas cubriendo gran parte del centro y sur del pa\u00eds.<\/p>\n<p>Una de las singularidades del pa\u00eds es su famosa comunidad bereber, agrupaciones principalmente ind\u00edgenas que habitan las zonas monta\u00f1osas. Nuestra excursi\u00f3n por el monte ofrece una excelente oportunidad de conocer y relacionarse con estas fascinantes gentes mientras se explora el impresionante paisaje.<\/p>\n","protected":false},"excerpt":{"rendered":"<p>Los mejores paquetes tur\u00edsticos de Marruecos Nuestras excursiones seleccionadas a la desierto del S\u00e1hara y ciudades imperiales de Marruecos le permitir\u00e1n vivir una experiencia experiencia privada en un entorno muy \u00fanico. Estas excursiones incluyen los mejores alojamientos en su camino hacia el desierto. Planifique y reserve sus excursiones perfectas por el desierto de Marrakech con [&hellip;]<\/p>\n","protected":false},"author":2,"featured_media":0,"parent":0,"menu_order":0,"comment_status":"closed","ping_status":"closed","template":"elementor_header_footer","meta":{"footnotes":""},"class_list":["post-8699","page","type-page","status-publish","hentry"],"_hostinger_reach_plugin_has_subscription_block":false,"_hostinger_reach_plugin_is_elementor":false,"_links":{"self":[{"href":"https:\/\/desertexplored.com\/es\/wp-json\/wp\/v2\/pages\/8699","targetHints":{"allow":["GET"]}}],"collection":[{"href":"https:\/\/desertexplored.com\/es\/wp-json\/wp\/v2\/pages"}],"about":[{"href":"https:\/\/desertexplored.com\/es\/wp-json\/wp\/v2\/types\/page"}],"author":[{"embeddable":true,"href":"https:\/\/desertexplored.com\/es\/wp-json\/wp\/v2\/users\/2"}],"replies":[{"embeddable":true,"href":"https:\/\/desertexplored.com\/es\/wp-json\/wp\/v2\/comments?post=8699"}],"version-history":[{"count":0,"href":"https:\/\/desertexplored.com\/es\/wp-json\/wp\/v2\/pages\/8699\/revisions"}],"wp:attachment":[{"href":"https:\/\/desertexplored.com\/es\/wp-json\/wp\/v2\/media?parent=8699"}],"curies":[{"name":"wp","href":"https:\/\/api.w.org\/{rel}","templated":true}]}}