{"id":5564,"date":"2021-05-11T22:31:49","date_gmt":"2021-05-11T22:31:49","guid":{"rendered":"https:\/\/desertexplored.com\/tour-de-2-dias-por-el-desierto-desde-errachidia-a-merzouga\/"},"modified":"2024-01-13T13:44:46","modified_gmt":"2024-01-13T13:44:46","slug":"tour-de-2-dias-por-el-desierto-desde-errachidia-a-merzouga","status":"publish","type":"page","link":"https:\/\/desertexplored.com\/es\/tour-de-2-dias-por-el-desierto-desde-errachidia-a-merzouga\/","title":{"rendered":"Tour de 2 d\u00edas por el desierto desde Errachidia a Merzouga"},"content":{"rendered":"<h1>Tour de 2 d\u00edas por el desierto desde Errachidia a Merzouga<\/h1>\n<ul>\n<li>\n\t\t\t\t\t\t\t\t\t\tCasa\n\t\t\t\t\t\t\t\t\t<\/li>\n<li>\n\t\t\t\t\t\t\t\t\t\tPaquetes Detalle\n\t\t\t\t\t\t\t\t\t<\/li>\n<\/ul>\n<h2>Excursi\u00f3n al desierto de Errachidia  <\/h2>\n<h3>\n\t\t\t\t\t\tDuraci\u00f3n<br \/>\n\t\t\t\t<\/h3>\n<p>\n\t\t\t\t\t\t2 d\u00edas\t\t\t\t\t<\/p>\n<h3>\n\t\t\t\t\t\tTipo de viaje<br \/>\n\t\t\t\t<\/h3>\n<p>\n\t\t\t\t\t\tVisita privada\t\t\t\t\t<\/p>\n<h3>\n\t\t\t\t\t\tCiudad inicial<br \/>\n\t\t\t\t<\/h3>\n<p>\n\t\t\t\t\t\tErrachidia\t\t\t\t\t<\/p>\n<h3>\n\t\t\t\t\t\tFin de la ciudad<br \/>\n\t\t\t\t<\/h3>\n<p>\n\t\t\t\t\t\tErrachidia\t\t\t\t\t<\/p>\n<ul>\n<li>\n\t\t\t\t\t\t\t\t\t\tResumen\n\t\t\t\t\t\t\t\t\t<\/li>\n<\/ul>\n<p>\u00bfBusca una aventura estimulante en el coraz\u00f3n del S\u00e1hara? Si es as\u00ed, no busque m\u00e1s: \u00a1la <strong>Excursi\u00f3n al Desierto de Errachidia!<\/strong> Esta excursi\u00f3n promete ser una experiencia inolvidable que le permitir\u00e1 sumergirse en la impresionante belleza del desierto marroqu\u00ed. Tendr\u00e1 la oportunidad de pasear en dromedario por las dunas, visitar antiguas aldeas bereberes, degustar deliciosa cocina tradicional y contemplar el fascinante paisaje de la puesta de sol en el desierto.<\/p>\n<p>Los gu\u00edas locales le proporcionar\u00e1n los conocimientos y la perspicacia que necesita para apreciar plenamente la rica historia, cultura y geograf\u00eda de la regi\u00f3n. Tanto si es un viajero experimentado como si es su primera aventura, la <strong>Ruta del Desierto desde Errachidia<\/strong> le dejar\u00e1 recuerdos imborrables y un nuevo aprecio por las maravillas naturales de Marruecos.<\/p>\n<ul>\n<li>\n\t\t\t\t\t\t\t\t\t\tIncluido y excluido\n\t\t\t\t\t\t\t\t\t<\/li>\n<\/ul>\n<ul>\n<li>\n\t\t\t\t\t\t\t\t\t\tTransporte privado\n\t\t\t\t\t\t\t\t\t<\/li>\n<li>\n\t\t\t\t\t\t\t\t\t\tRecogida en su domicilio\n\t\t\t\t\t\t\t\t\t<\/li>\n<li>\n\t\t\t\t\t\t\t\t\t\tParadas libres\n\t\t\t\t\t\t\t\t\t<\/li>\n<li>\n\t\t\t\t\t\t\t\t\t\tDroop en tu casa\n\t\t\t\t\t\t\t\t\t<\/li>\n<\/ul>\n<ul>\n<li>\n\t\t\t\t\t\t\t\t\t\tAlmuerzos en el camino\n\t\t\t\t\t\t\t\t\t<\/li>\n<li>\n\t\t\t\t\t\t\t\t\t\tEntradas y monumentos\n\t\t\t\t\t\t\t\t\t<\/li>\n<li>\n\t\t\t\t\t\t\t\t\t\tExtra\n\t\t\t\t\t\t\t\t\t<\/li>\n<li>\n\t\t\t\t\t\t\t\t\t\tConsejos\n\t\t\t\t\t\t\t\t\t<\/li>\n<\/ul>\n<ul>\n<li>\n\t\t\t\t\t\t\t\t\t\titinerario\n\t\t\t\t\t\t\t\t\t<\/li>\n<\/ul>\n<p>\t\t\t\t\t\t\t\t\t\t\t\t<a tabindex=\"0\">D\u00eda 1 :Errachidia &#8211; Erfoud &#8211; Merzouga &#8211; Dunas de Erg chebbi  <\/a><\/p>\n<p>Comience su emocionante excursi\u00f3n por el desierto desde Errachidia, atravesando las majestuosas monta\u00f1as del valle del Ziz, conocidas por sostener el cielo. Serpenteando a trav\u00e9s de cumbres boscosas, arroyos sinuosos y manantiales de monta\u00f1a, as\u00ed como espectaculares y \u00e1speras paredes rocosas, llegar\u00e1 a la importante ciudad de Erfoud, en el borde del S\u00e1hara, famosa por su f\u00e1brica de m\u00e1rmol f\u00f3sil.<\/p>\n<p>Continuando hacia el sur, quedar\u00e1 sorprendido por la repentina aparici\u00f3n de las imponentes dunas de Erg Chebbi. Prep\u00e1rese para su primer paseo en camello mientras se dirige a la cima de las dunas para disfrutar de la hermosa puesta de sol. Luego, continuaremos hasta el campamento donde ser\u00e1 recibido con un t\u00e9 de bienvenida por nuestro equipo bereber. Una vez en el campamento, tendr\u00e1 la opci\u00f3n de tomar una refrescante ducha o cambiarse de ropa.<\/p>\n<p>Disfrute de una cena \u00fanica con su mesa especialmente preparada en lo alto de una peque\u00f1a duna cerca del campamento. Experimente una deliciosa propuesta culinaria con ingredientes locales, org\u00e1nicos y sostenibles. Sum\u00e9rjase en una experiencia nocturna a trav\u00e9s del tiempo mientras degusta una copa de vino o t\u00e9 y escucha las cautivadoras historias de nuestros abuelos. Baile al ritmo de la m\u00fasica n\u00f3mada bereber y termine su d\u00eda sumergi\u00e9ndose descalzo en la suave arena, contemplando un cielo estrellado como nunca antes lo hab\u00eda visto.<\/p>\n<p>Finalmente, retirese a su tienda de campa\u00f1a en medio del desierto marroqu\u00ed para una noche de sue\u00f1o bajo las estrellas. Ser\u00e1 una experiencia m\u00e1gica e inolvidable, sumergi\u00e9ndose por completo en la belleza y tranquilidad del desierto. \u00a1Que tengas una noche maravillosa!\u00a0<\/p>\n<p>\u00a0<\/p>\n<form>\u00a0<\/form>\n<p>\t\t\t\t\t\t\t\t\t\t\t\t<a tabindex=\"0\">D\u00eda 2 : Dunas de Erg Chebbi &#8211; Merzouga &#8211; Rissani &#8211; Errachidia<\/a><\/p>\n<p>Despierte temprano para presenciar el espectacular cambio de colores durante el amanecer. Disfrute de un delicioso desayuno con productos locales frescos y t\u00f3mese un tiempo para relajarse en el campamento. Pruebe el sandboarding para una emocionante experiencia en las dunas y avent\u00farese en un Utv para desafiar las altas dunas del Erg Chebbi. Adem\u00e1s, visite el pueblo n\u00f3mada cercano a las dunas de Erg Chebbi para aprender sobre su fascinante forma de vida.<\/p>\n<p>Luego, regrese en dromedario al pueblo de Merzouga y parta hacia Rissani, donde har\u00e1 una parada en el mercado local de d\u00e1tiles para explorar y descubrir la vibrante vida comercial. Continuaremos por el m\u00e1gico valle del Ziz, con sus numerosos pueblos bereberes, antes de concluir la emocionante excursi\u00f3n en Errachidia, ya sea en su hotel o en el aeropuerto.<\/p>\n<p>Este viaje habr\u00e1 sido una experiencia llena de aventuras, cultura y paisajes impresionantes en el coraz\u00f3n del desierto marroqu\u00ed. \u00a1Esperamos que haya disfrutado de cada momento de su inolvidable excursi\u00f3n por el desierto!<\/p>\n<ul>\n<li>\n\t\t\t\t\t\t\t\t\t\tRecorrido en mapa\n\t\t\t\t\t\t\t\t\t<\/li>\n<\/ul>\n<ul>\n<li>\n\t\t\t\t\t\t\t\t\t\tErrachidia , Marruecos\n\t\t\t\t\t\t\t\t\t<\/li>\n<\/ul>\n<p>\t\t\t<iframe src=\"https:\/\/www.google.com\/maps\/embed?pb=!1m46!1m12!1m3!1d870810.5470314529!2d-4.879170122447618!3d31.507575199561312!2m3!1f0!2f0!3f0!3m2!1i1024!2i768!4f13.1!4m31!3e0!4m5!1s0xd984a900c95d9db%3A0xe364e4f136aef8b3!2sErrachidia!3m2!1d31.927235999999997!2d-4.4284985!4m5!1s0xd977b2c5079550b%3A0xf04c523511a64215!2sErfoud!3m2!1d31.436633399999998!2d-4.234383!4m5!1s0xd973c279834dfe5%3A0x5639fab2b5de4a44!2sMerzouga!3m2!1d31.0801676!2d-4.013361!4m5!1s0xd97722e4e641617%3A0x82298ec0b0417a51!2sRissani!3m2!1d31.2798384!2d-4.2589619!4m5!1s0xd984a900c95d9db%3A0xe364e4f136aef8b3!2sErrachidia!3m2!1d31.927235999999997!2d-4.4284985!5e0!3m2!1sen!2sma!4v1685630720148!5m2!1sen!2sma\" width=\"600\" height=\"450\" style=\"border:0;\" allowfullscreen=\"\" loading=\"lazy\" referrerpolicy=\"no-referrer-when-downgrade\"><\/iframe>\t\t<\/p>\n<ul>\n<li>\n\t\t\t\t\t\t\t\t\t\tIm\u00e1genes relacionadas\n\t\t\t\t\t\t\t\t\t<\/li>\n<\/ul>\n<p>De la Galer\u00eda<\/p>\n<figure><img decoding=\"async\" src=\"https:\/\/desertexplored.com\/wp-content\/uploads\/2023\/05\/luxury-camp-sahara-desert.jpg\" alt=\"luxury-camp-sahara-desert\" \/><\/figure>\n<figure><img decoding=\"async\" src=\"https:\/\/desertexplored.com\/wp-content\/uploads\/2023\/05\/camels-in-sahara-tour-desert.jpg\" alt=\"camels-in-sahara-tour-desert\" \/><\/figure>\n<figure><img decoding=\"async\" src=\"https:\/\/desertexplored.com\/wp-content\/uploads\/2023\/05\/tour-from-errachidia-to-desert.jpg\" alt=\"tour-from-errachidia-to-desert\" \/><\/figure>\n<figure><img decoding=\"async\" src=\"https:\/\/desertexplored.com\/wp-content\/uploads\/2023\/05\/sand-dunes-in-desert-moroco.jpg\" alt=\"sand-dunes-in-desert-moroco\" \/><\/figure>\n<p>Comparte esto : <\/p>\n<p>\t\t\t\t\t\t\t\t\t\tFacebook<br \/>\n\t\t\t\t\t\t\t\t\t\tTwitter<br \/>\n\t\t\t\t\t\t\t\t\t\tLinkedIn\t\t\t\t\t\t\t\t\t<\/p>\n<h2>\u00bfTiene alguna pregunta?<\/h2>\n<p>\t\tNo dude en llamarnos. Somos un equipo experto y estaremos encantados de hablar con usted.<\/p>\n<ul>\n<li>\n\t\t\t\t\t\t\t\t\t\t+212 667 611 319\n\t\t\t\t\t\t\t\t\t<\/li>\n<li>\n\t\t\t\t\t\t\t\t\t\tinfo@desertexplored.com\n\t\t\t\t\t\t\t\t\t<\/li>\n<\/ul>\n","protected":false},"excerpt":{"rendered":"<p>Tour de 2 d\u00edas por el desierto desde Errachidia a Merzouga Casa Paquetes Detalle Excursi\u00f3n al desierto de Errachidia Duraci\u00f3n 2 d\u00edas Tipo de viaje Visita privada Ciudad inicial Errachidia Fin de la ciudad Errachidia Resumen \u00bfBusca una aventura estimulante en el coraz\u00f3n del S\u00e1hara? Si es as\u00ed, no busque m\u00e1s: \u00a1la Excursi\u00f3n al Desierto [&hellip;]<\/p>\n","protected":false},"author":2,"featured_media":0,"parent":0,"menu_order":0,"comment_status":"closed","ping_status":"closed","template":"elementor_header_footer","meta":{"footnotes":""},"class_list":["post-5564","page","type-page","status-publish","hentry"],"_hostinger_reach_plugin_has_subscription_block":false,"_hostinger_reach_plugin_is_elementor":false,"_links":{"self":[{"href":"https:\/\/desertexplored.com\/es\/wp-json\/wp\/v2\/pages\/5564","targetHints":{"allow":["GET"]}}],"collection":[{"href":"https:\/\/desertexplored.com\/es\/wp-json\/wp\/v2\/pages"}],"about":[{"href":"https:\/\/desertexplored.com\/es\/wp-json\/wp\/v2\/types\/page"}],"author":[{"embeddable":true,"href":"https:\/\/desertexplored.com\/es\/wp-json\/wp\/v2\/users\/2"}],"replies":[{"embeddable":true,"href":"https:\/\/desertexplored.com\/es\/wp-json\/wp\/v2\/comments?post=5564"}],"version-history":[{"count":0,"href":"https:\/\/desertexplored.com\/es\/wp-json\/wp\/v2\/pages\/5564\/revisions"}],"wp:attachment":[{"href":"https:\/\/desertexplored.com\/es\/wp-json\/wp\/v2\/media?parent=5564"}],"curies":[{"name":"wp","href":"https:\/\/api.w.org\/{rel}","templated":true}]}}