{"id":5550,"date":"2019-08-23T20:57:15","date_gmt":"2019-08-23T20:57:15","guid":{"rendered":"https:\/\/desertexplored.com\/paseos-en-camello\/"},"modified":"2022-03-21T18:03:38","modified_gmt":"2022-03-21T18:03:38","slug":"paseos-en-camello","status":"publish","type":"page","link":"https:\/\/desertexplored.com\/es\/paseos-en-camello\/","title":{"rendered":"Paseos en camello"},"content":{"rendered":"<p>[av_slideshow_full size=&#8217;featured&#8217; min_height=\u00bb stretch=\u00bb animation=&#8217;slide&#8217; conditional_play=\u00bb autoplay=&#8217;true&#8217; interval=&#8217;5&#8242; control_layout=&#8217;av-control-default&#8217; src=\u00bb attachment=\u00bb attachment_size=\u00bb position=&#8217;top left&#8217; repeat=&#8217;no-repeat&#8217; attach=&#8217;scroll&#8217; av_uid=&#8217;av-koot85g7&#8242;]<br \/>\n[av_slide_full slide_type=&#8217;image&#8217; id=&#8217;1715&#8242; video=&#8217;http:\/\/&#8217; mobile_image=\u00bb fallback_link=&#8217;http:\/\/&#8217; video_format=\u00bb video_ratio=&#8217;16:9&#8242; title=\u00bb custom_title_size=\u00bb custom_content_size=\u00bb caption_pos=&#8217;caption_bottom&#8217; link_apply=\u00bb link=&#8217;manually,caja ligera&#8217; link_target=\u00bb button_label=&#8217;Haz click en mi&#8217; button_color=&#8217;light&#8217; link1=&#8217;manualmente, http:\/\/&#8217; link_target1=\u00bb button_label2=&#8217;Haz click en mi&#8217; button_color2=&#8217;light&#8217; link2=&#8217;manualmente, http:\/\/&#8217; link_target2=\u00bb font_color=\u00bb custom_title=\u00bb custom_content=\u00bb overlay_opacity=&#8217;0.5&#8242; overlay_color=\u00bb overlay_pattern=\u00bb overlay_custom_pattern=\u00bb av-medium-font-size-title=\u00bb av-small-font-size-title=\u00bb av-mini-font-size-title=\u00bb av-medium-font-size=\u00bb av-small-font-size=\u00bb av-mini-font-size=\u00bb video_controls=\u00bb video_mute=\u00bb video_loop=\u00bb video_autoplay=\u00bb overlay_enable=\u00bb av_uid=&#8217;av-6dv2kt&#8217;][\/av_slide_full]<br \/>\n[av_slide_full slide_type=&#8217;image&#8217; id=&#8217;2999&#8242; video=&#8217;http:\/\/&#8217; mobile_image=\u00bb fallback_link=&#8217;http:\/\/&#8217; video_format=\u00bb video_ratio=&#8217;16:9&#8242; title=\u00bb custom_title_size=\u00bb custom_content_size=\u00bb caption_pos=&#8217;caption_bottom&#8217; link_apply=\u00bb link=&#8217;manually,caja ligera&#8217; link_target=\u00bb button_label=&#8217;Haz click en mi&#8217; button_color=&#8217;light&#8217; link1=&#8217;manualmente, http:\/\/&#8217; link_target1=\u00bb button_label2=&#8217;Haz click en mi&#8217; button_color2=&#8217;light&#8217; link2=&#8217;manualmente, http:\/\/&#8217; link_target2=\u00bb font_color=\u00bb custom_title=\u00bb custom_content=\u00bb overlay_opacity=&#8217;0.5&#8242; overlay_color=\u00bb overlay_pattern=\u00bb overlay_custom_pattern=\u00bb av-medium-font-size-title=\u00bb av-small-font-size-title=\u00bb av-mini-font-size-title=\u00bb av-medium-font-size=\u00bb av-small-font-size=\u00bb av-mini-font-size=\u00bb video_controls=\u00bb video_mute=\u00bb video_loop=\u00bb video_autoplay=\u00bb overlay_enable=\u00bb av_uid=&#8217;av-4bcgi5&#8242;][\/av_slide_full]<br \/>\n[\/av_slideshow_full]<\/p>\n<p>[av_section min_height=\u00bb min_height_px=&#8217;500px&#8217; padding=&#8217;default&#8217; shadow=&#8217;no-border-styling&#8217; bottom_border=&#8217;no-border-styling&#8217; bottom_border_diagonal_color=&#8217;#333333&#8242; bottom_border_diagonal_direction=&#8217;scroll&#8217; bottom_border_style=&#8217;scroll&#8217; scroll_down=\u00bb custom_arrow_bg=\u00bb id=\u00bb color=&#8217;main_color&#8217; background=&#8217;bg_color&#8217; custom_bg=\u00bb background_gradient_color1=\u00bb background_gradient_color2=\u00bb background_gradient_direction=&#8217;vertical&#8217; src=\u00bb attach=&#8217;scroll&#8217; position=&#8217;top left&#8217; repeat=&#8217;no-repeat&#8217; video=\u00bb video_ratio=&#8217;16:9&#8242; video_mobile_disabled=\u00bb overlay_enable=\u00bb overlay_opacity=&#8217;0.5&#8242; overlay_color=\u00bb overlay_pattern=\u00bb overlay_custom_pattern=\u00bb av-desktop-hide=\u00bb av-medium-hide=\u00bb av-small-hide=\u00bb av-mini-hide=\u00bb av_element_hidden_in_editor=&#8217;0&#8242; av_uid=&#8217;av-23uvj1&#8242;]<\/p>\n<p>[av_heading tag=&#8217;h1&#8242; padding=&#8217;0&#8242; heading=&#8217;<b>Paseos en camello Marruecos desierto del sahara<\/b>&#8216; color=&#8217;custom-color-heading&#8217; style=&#8217;blockquote modern-quote modern-centered&#8217; custom_font=&#8217;#b58040&#8242; size=\u00bb subheading_active=\u00bb subheading_size=&#8217;15&#8217; custom_class=\u00bb admin_preview_bg=\u00bb av-desktop-hide=\u00bb av-medium-hide=\u00bb av-small-hide=\u00bb av-mini-hide=\u00bb av-medium-font-size-title=\u00bb av-small-font-size-title=\u00bb av-mini-font-size-title=\u00bb av-medium-font-size=\u00bb av-small-font-size=\u00bb av-mini-font-size=\u00bb margin=&#8217;30,0,,0&#8242; av_uid=&#8217;av-5o1psd&#8217;][\/av_heading]<\/p>\n<p>[av_hr class=&#8217;invisible&#8217; height=&#8217;40&#8217; shadow=&#8217;no-shadow&#8217; position=&#8217;center&#8217; custom_border=&#8217;av-border-thin&#8217; custom_width=&#8217;50px&#8217; custom_border_color=\u00bb custom_margin_top=&#8217;30px&#8217; custom_margin_bottom=&#8217;30px&#8217; icon_select=&#8217;yes&#8217; custom_icon_color=\u00bb icon=&#8217;ue808&#8242; font=&#8217;entypo-fontello&#8217; av_uid=&#8217;av-jlfaps43&#8242; admin_preview_bg=\u00bb]<\/p>\n<p>[av_one_full first min_height=\u00bb vertical_alignment=\u00bb space=\u00bb custom_margin=\u00bb margin=&#8217;0px&#8217; link=\u00bb linktarget=\u00bb link_hover=\u00bb padding=&#8217;0px&#8217; border=\u00bb border_color=\u00bb radius=&#8217;0px&#8217; background=&#8217;bg_color&#8217; background_color=\u00bb background_gradient_color1=\u00bb background_gradient_color2=\u00bb background_gradient_direction=&#8217;vertical&#8217; src=\u00bb background_position=&#8217;top left&#8217; background_repeat=&#8217;no-repeat&#8217; animation=\u00bb mobile_breaking=\u00bb mobile_display=\u00bb av_uid=&#8217;av-1ko3o&#8217;]<\/p>\n<p>[av_heading tag=&#8217;h2&#8242; padding=&#8217;10&#8217; heading=&#8217;Acerca de&#8217; color=\u00bb style=&#8217;blockquote modern-quote modern-centered&#8217; custom_font=\u00bb size=\u00bb subheading_active=\u00bb subheading_size=&#8217;15&#8217; custom_class=\u00bb admin_preview_bg=\u00bb av-desktop-hide=\u00bb av-medium-hide=\u00bb av-small-hide=\u00bb av-mini-hide=\u00bb av-medium-font-size-title=\u00bb av-small-font-size-title=\u00bb av-mini-font-size-title=\u00bb av-medium-font-size=\u00bb av-small-font-size=\u00bb av-mini-font-size=\u00bb margin=\u00bb av_uid=&#8217;av-3yb2ct&#8217;][\/av_heading]<\/p>\n<p>[av_textblock size=\u00bb font_color=\u00bb color=\u00bb av-medium-font-size=\u00bb av-small-font-size=\u00bb av-mini-font-size=\u00bb av_uid=&#8217;av-koovbgji&#8217; admin_preview_bg=\u00bb]<br \/>\n<span dir=\"ltr\">El Camel trekking Marruecos es una actividad a pie que puede ser practicada por todos. Al igual que un<\/span> <span dir=\"ltr\">tour de 3 d\u00edas de trekking en camello por el Sahara, o 5 d\u00edas de caminata por el desierto de Marruecos, y 7 d\u00edas de caminata en camello por el Sahara, \u00a1es una actividad original<\/span> <span dir=\"ltr\">para sus vacaciones en <a href=\"https:\/\/desertexplored.com\/es\/guia-de-viaje-de-marruecos\/\" target=\"_blank\" rel=\"noopener\">Marruecos<\/a> !<\/span><\/p>\n<p><span dir=\"ltr\">En primer lugar, el camello es el \u00fanico medio de transporte en el desierto. El viaje por el desierto de Marruecos es tambi\u00e9n una aventura en el desierto, una inmersi\u00f3n en el <\/span><span dir=\"ltr\">cultura n\u00f3mada. <\/span><span dir=\"ltr\">El punto de partida de nuestros programas de viaje en camello por Marruecos es el pueblo de M&#8217;hamid El Ghizlane,<\/span><span dir=\"ltr\">ubicado a unos 260 km al suroeste de Ouarzazate. El pueblo de <a href=\"https:\/\/fr.wikipedia.org\/wiki\/M%27Hamid_El_Ghizlane\" target=\"_blank\" rel=\"noopener\">M&#8217;hamid El Ghizlane<\/a> , que es uno de <\/span><span dir=\"ltr\">las puertas del desierto marroqu\u00ed, es de f\u00e1cil acceso.<\/span> <span dir=\"ltr\">Aqu\u00ed hay algunas dunas en el desierto de M&#8217;hamid que te recomendamos visitar: Erg Lihoudi (el<\/span><span dir=\"ltr\">dunas jud\u00edas), Erg Smar, Erg Chegaga, Erg Bougarn, Erg Smila, Erg Zahar (las dunas que gritan), &#8230; En<\/span><span dir=\"ltr\">Adem\u00e1s del tour de trekking del Sahara, puedes pasar la noche en un campamento en el desierto.<\/span><br \/>\n[\/av_textblock]<\/p>\n<p>[av_heading tag=&#8217;h2&#8242; padding=&#8217;10&#8217; heading=&#8217;Excursi\u00f3n en Camello&#8217; color=\u00bb style=&#8217;blockquote modern-quote modern-centered&#8217; custom_font=\u00bb size=\u00bb subheading_active=\u00bb subheading_size=&#8217;15&#8217; custom_class=\u00bb admin_preview_bg=\u00bb av-desktop-hide=\u00bb av-medium-hide=\u00bb av-small-hide=\u00bb av-mini-hide=\u00bb av-medium-font-size-title=\u00bb av-small-font-size-title=\u00bb av-mini-font-size-title=\u00bb av-medium-font-size=\u00bb av-small-font-size=\u00bb av-mini-font-size=\u00bb margin=\u00bb av_uid=&#8217;av-382pfx&#8217;][\/av_heading]<\/p>\n<p>[av_textblock size=\u00bb font_color=\u00bb color=\u00bb av-medium-font-size=\u00bb av-small-font-size=\u00bb av-mini-font-size=\u00bb av_uid=&#8217;av-jlfa7nel&#8217; admin_preview_bg=\u00bb]<br \/>\nCuando lleguemos a las dunas, el Land Cruiser 4\u00d74 se quedar\u00e1 atr\u00e1s en la zona desde donde partir\u00e1s en tu viaje en camello, junto con los camelleros, que te ayudar\u00e1n en tu viaje por el desierto.<\/p>\n<p>Esta excursi\u00f3n se puede realizar en cualquier momento del d\u00eda. Salidas temprano en la ma\u00f1ana; para admirar un hermoso amanecer visto desde las crestas de las dunas, visite las tiendas de campa\u00f1a de los n\u00f3madas y observe su estilo de vida de \u00abesp\u00edritu libre\u00bb. Tal vez, una caminata por la tarde para aquellos que deseen disfrutar de una impresionante puesta de sol y luego pasar la noche durmiendo en una tienda bereber en los vivaques, en medio de las dunas de arena.<\/p>\n<p><img decoding=\"async\" class=\"alignnone wp-image-3378 size-entry_without_sidebar\" src=\"https:\/\/desertexplored.com\/wp-content\/uploads\/2021\/04\/Erg-chegaga-dunes-640x423.jpg\" alt=\"Man with Camel trekking morocco\" width=\"640\" height=\"423\"><\/p>\n<p>Alternativamente, podemos organizar un paseo en camello por m\u00e1s de un d\u00eda. A partir de un pueblo bereber cerca del erg, es decir; Merzouga o Hassi Labiad. Estos itinerarios,<\/p>\n<p>le permite descubrir pueblos a lo largo del camino y muchos sitios f\u00f3siles interesantes. Por \u00faltimo, visitar campamentos n\u00f3madas, posiblemente almorzar con estos n\u00f3madas, \u00a1es una experiencia que no debe perderse!<\/p>\n<p>Paseos m\u00e1s largos e itinerarios a pie, pernoctaciones en el vivac del desierto, son pasatiempos perfectos para aquellos que quieren retirarse del ruido y el caos de la vida de la ciudad. \u00a1Una manera maravillosa de desestresarse!<\/p>\n<p>Durante la noche, acampando en los vivacs del desierto, ser\u00e1s testigo de la m\u00fasica en vivo interpretada por los ind\u00edgenas de estas \u00e1reas. D\u00e9jate encantar por sus actuaciones animadas, r\u00edtmicas y llenas de canciones que reflejan su vida.<\/p>\n<p>Mientras afuera, la noche te espera, un cielo negro como la tinta salpicado de estrellas y la soledad de un desierto y su silencio calmante\u2026.un t\u00f3nico encantador, en el que dormir.<\/p>\n<p><figure id=\"attachment_2372\" aria-describedby=\"caption-attachment-2372\" style=\"width: 720px\" class=\"wp-caption alignright\"><img decoding=\"async\" class=\"wp-image-2372 size-entry_without_sidebar\" src=\"https:\/\/desertexplored.com\/wp-content\/uploads\/2021\/04\/IMG_0327-720x423.jpg\" alt=\"camel trekking morocco best adventure\" width=\"720\" height=\"423\"><figcaption id=\"caption-attachment-2372\" class=\"wp-caption-text\">S\u00e1hara Marruecos<\/figcaption><\/figure><br \/>\n[\/av_textblock]<\/p>\n<p>[av_hr class=&#8217;invisible&#8217; height=&#8217;20&#8217; shadow=&#8217;no-shadow&#8217; position=&#8217;center&#8217; custom_border=&#8217;av-border-thin&#8217; custom_width=&#8217;50px&#8217; custom_border_color=\u00bb custom_margin_top=&#8217;30px&#8217; custom_margin_bottom=&#8217;30px&#8217; icon_select=&#8217;yes&#8217; custom_icon_color=\u00bb icon=&#8217;ue808&#8242; font=&#8217;entypo-fontello&#8217; av_uid=&#8217;av-koovf9z1&#8242; admin_preview_bg=\u00bb]<\/p>\n<p>[\/av_one_full][\/av_section][av_section min_height=\u00bb min_height_px=&#8217;500px&#8217; padding=&#8217;default&#8217; shadow=&#8217;no-border-styling&#8217; bottom_border=&#8217;no-border-styling&#8217; bottom_border_diagonal_color=&#8217;#333333&#8242; bottom_border_diagonal_direction=\u00bb bottom_border_style=\u00bb custom_arrow_bg=\u00bb id=\u00bb color=&#8217;main_color&#8217; background=&#8217;bg_color&#8217; custom_bg=&#8217;#b58040&#8242; background_gradient_color1=&#8217;#094978&#8242; background_gradient_color2=&#8217;#105e96&#8242; background_gradient_direction=&#8217;diagonal_bt&#8217; src=\u00bb attachment=\u00bb attachment_size=\u00bb attach=&#8217;scroll&#8217; position=&#8217;top left&#8217; repeat=&#8217;no-repeat&#8217; video=\u00bb video_ratio=&#8217;16:9&#8242; overlay_opacity=&#8217;0.5&#8242; overlay_color=\u00bb overlay_pattern=\u00bb overlay_custom_pattern=\u00bb av_element_hidden_in_editor=&#8217;0&#8242; av_uid=&#8217;av-qet8u&#8217;]<br \/>\n[av_one_full first min_height=&#8217;av-equal-height-column&#8217; vertical_alignment=&#8217;av-align-middle&#8217; space=\u00bb margin=&#8217;0px&#8217; margin_sync=&#8217;true&#8217; link=\u00bb linktarget=\u00bb link_hover=\u00bb padding=&#8217;0px&#8217; padding_sync=&#8217;true&#8217; border=\u00bb border_color=\u00bb radius=&#8217;0px&#8217; radius_sync=&#8217;true&#8217; background=&#8217;bg_color&#8217; background_color=\u00bb background_gradient_color1=\u00bb background_gradient_color2=\u00bb background_gradient_direction=&#8217;vertical&#8217; src=\u00bb attachment=\u00bb attachment_size=\u00bb background_position=&#8217;top left&#8217; background_repeat=&#8217;no-repeat&#8217; animation=\u00bb mobile_breaking=\u00bb mobile_display=\u00bb av_uid=&#8217;av-lsyke&#8217;]<\/p>\n<p>[av_heading heading=&#8217;\u00bfQuieres hacer una reservaci\u00f3n?&#8217; tag=&#8217;h3&#8242; style=&#8217;blockquote modern-quote modern-centered&#8217; size=&#8217;27&#8217; subheading_active=&#8217;subheading_below&#8217; subheading_size=&#8217;15&#8217; margin=\u00bb margin_sync=&#8217;true&#8217; padding=&#8217;15&#8217; color=&#8217;custom-color-heading&#8217; custom_font=&#8217;#ffffff&#8217; av-medium-font-size-title=\u00bb av-small-font-size-title=\u00bb av-mini-font-size-title=\u00bb av-medium-font-size=\u00bb av-small-font-size=\u00bb av-mini-font-size=\u00bb av_uid=&#8217;av-koovkasu&#8217; admin_preview_bg=&#8217;rgb(255, 255, 255) none repeat scroll 0% 0%&#8217;]<br \/>\n\u00a1Env\u00edanos un mensaje AHORA!<br \/>\n[\/av_heading]<\/p>\n<p>[av_button label=&#8217;RESERVAR AHORA&#8217; link=&#8217;manually,https:\/\/desertexplored.com\/es\/?page_id=5180&#8242; link_target=\u00bb size=&#8217;large&#8217; position=&#8217;center&#8217; label_display=\u00bb icon_select=&#8217;yes-right-icon&#8217; icon_hover=&#8217;aviaTBicon_hover&#8217; icon=&#8217;ue879&#8242; font=&#8217;entypo-fontello&#8217; color=&#8217;custom&#8217; custom_bg=&#8217;#ffffff&#8217; custom_font=&#8217;#b58040&#8242; av_uid=&#8217;av-jgf4ovnq&#8217; admin_preview_bg=\u00bb]<\/p>\n<p>[\/av_one_full]<br \/>\n[\/av_section]<\/p>\n","protected":false},"excerpt":{"rendered":"<p>[av_slideshow_full size=&#8217;featured&#8217; min_height=\u00bb stretch=\u00bb animation=&#8217;slide&#8217; conditional_play=\u00bb autoplay=&#8217;true&#8217; interval=&#8217;5&#8242; control_layout=&#8217;av-control-default&#8217; src=\u00bb attachment=\u00bb attachment_size=\u00bb position=&#8217;top left&#8217; repeat=&#8217;no-repeat&#8217; attach=&#8217;scroll&#8217; av_uid=&#8217;av-koot85g7&#8242;] [av_slide_full slide_type=&#8217;image&#8217; id=&#8217;1715&#8242; video=&#8217;http:\/\/&#8217; mobile_image=\u00bb fallback_link=&#8217;http:\/\/&#8217; video_format=\u00bb video_ratio=&#8217;16:9&#8242; title=\u00bb custom_title_size=\u00bb custom_content_size=\u00bb caption_pos=&#8217;caption_bottom&#8217; link_apply=\u00bb link=&#8217;manually,caja ligera&#8217; link_target=\u00bb button_label=&#8217;Haz click en mi&#8217; button_color=&#8217;light&#8217; link1=&#8217;manualmente, http:\/\/&#8217; link_target1=\u00bb button_label2=&#8217;Haz click en mi&#8217; button_color2=&#8217;light&#8217; link2=&#8217;manualmente, http:\/\/&#8217; link_target2=\u00bb font_color=\u00bb custom_title=\u00bb custom_content=\u00bb overlay_opacity=&#8217;0.5&#8242; overlay_color=\u00bb overlay_pattern=\u00bb [&hellip;]<\/p>\n","protected":false},"author":2,"featured_media":0,"parent":0,"menu_order":0,"comment_status":"closed","ping_status":"closed","template":"","meta":{"footnotes":""},"class_list":["post-5550","page","type-page","status-publish","hentry"],"_hostinger_reach_plugin_has_subscription_block":false,"_hostinger_reach_plugin_is_elementor":false,"_links":{"self":[{"href":"https:\/\/desertexplored.com\/es\/wp-json\/wp\/v2\/pages\/5550","targetHints":{"allow":["GET"]}}],"collection":[{"href":"https:\/\/desertexplored.com\/es\/wp-json\/wp\/v2\/pages"}],"about":[{"href":"https:\/\/desertexplored.com\/es\/wp-json\/wp\/v2\/types\/page"}],"author":[{"embeddable":true,"href":"https:\/\/desertexplored.com\/es\/wp-json\/wp\/v2\/users\/2"}],"replies":[{"embeddable":true,"href":"https:\/\/desertexplored.com\/es\/wp-json\/wp\/v2\/comments?post=5550"}],"version-history":[{"count":0,"href":"https:\/\/desertexplored.com\/es\/wp-json\/wp\/v2\/pages\/5550\/revisions"}],"wp:attachment":[{"href":"https:\/\/desertexplored.com\/es\/wp-json\/wp\/v2\/media?parent=5550"}],"curies":[{"name":"wp","href":"https:\/\/api.w.org\/{rel}","templated":true}]}}