{"id":5426,"date":"2018-08-29T16:01:29","date_gmt":"2018-08-29T16:01:29","guid":{"rendered":"https:\/\/desertexplored.com\/excursiones-de-un-dia-desde-marrakech-cascadas-de-ouzoud\/"},"modified":"2022-11-15T17:39:36","modified_gmt":"2022-11-15T17:39:36","slug":"excursiones-de-un-dia-desde-marrakech-cascadas-de-ouzoud","status":"publish","type":"page","link":"https:\/\/desertexplored.com\/es\/excursiones-de-un-dia-desde-marrakech-cascadas-de-ouzoud\/","title":{"rendered":"Excursiones de un d\u00eda desde Marrakech: cascadas de Ouzoud"},"content":{"rendered":"<p>[av_section min_height=\u00bb min_height_px=&#8217;500px&#8217; padding=&#8217;small&#8217; shadow=&#8217;no-border-styling&#8217; bottom_border=&#8217;no-border-styling&#8217; bottom_border_diagonal_color=&#8217;#333333&#8242; bottom_border_diagonal_direction=\u00bb bottom_border_style=\u00bb custom_arrow_bg=\u00bb id=\u00bb color=&#8217;main_color&#8217; background=&#8217;bg_color&#8217; custom_bg=&#8217;#ffffff&#8217; background_gradient_color1=\u00bb background_gradient_color2=\u00bb background_gradient_direction=&#8217;vertical&#8217; src=\u00bb attachment=\u00bb attachment_size=\u00bb attach=&#8217;scroll&#8217; position=&#8217;top left&#8217; repeat=&#8217;no-repeat&#8217; video=\u00bb video_ratio=&#8217;16:9&#8242; overlay_opacity=&#8217;0.5&#8242; overlay_color=\u00bb overlay_pattern=\u00bb overlay_custom_pattern=\u00bb av_element_hidden_in_editor=&#8217;0&#8242; av_uid=&#8217;av-80beyj&#8217;]<br \/>\n[av_gallery ids=&#8217;3401,3400,1657&#8242; style=&#8217;thumbnails&#8217; preview_size=&#8217;masonry&#8217; crop_big_preview_thumbnail=&#8217;avia-gallery-big-crop-thumb&#8217; thumb_size=&#8217;portfolio&#8217; columns=&#8217;3&#8242; imagelink=&#8217;lightbox&#8217; lazyload=&#8217;avia_lazyload&#8217; av_uid=&#8217;av-kng7fqt7&#8242; admin_preview_bg=\u00bb]<\/p>\n<p>[av_heading heading=&#8217;<b>Excursiones de un d\u00eda desde Marrakech a las cascadas de Ouzoud<\/b>&#8216; tag=&#8217;h1&#8242; style=&#8217;blockquote modern-quote modern-centered&#8217; size=\u00bb subheading_active=\u00bb subheading_size=&#8217;15&#8217; margin=&#8217;20,,,&#8217; padding=&#8217;10&#8217; color=&#8217;custom-color-heading&#8217; custom_font=&#8217;#b58040&#8242; av-medium-font-size-title=\u00bb av-small-font-size-title=\u00bb av-mini-font-size-title=\u00bb av-medium-font-size=\u00bb av-small-font-size=\u00bb av-mini-font-size=\u00bb av_uid=&#8217;av-l16yqaeu&#8217; admin_preview_bg=\u00bb][\/av_heading]<\/p>\n<p>[av_hr class=&#8217;short&#8217; height=&#8217;50&#8217; shadow=&#8217;no-shadow&#8217; position=&#8217;center&#8217; custom_border=&#8217;av-border-fat&#8217; custom_width=&#8217;70px&#8217; custom_border_color=\u00bb custom_margin_top=&#8217;30px&#8217; custom_margin_bottom=&#8217;px&#8217; icon_select=&#8217;yes&#8217; custom_icon_color=\u00bb icon=&#8217;ue808&#8242; font=&#8217;entypo-fontello&#8217; av_uid=&#8217;av-knglxdud&#8217; admin_preview_bg=\u00bb]<\/p>\n<p>[av_two_fifth first min_height=\u00bb vertical_alignment=\u00bb space=\u00bb custom_margin=\u00bb margin=&#8217;0px&#8217; link=\u00bb linktarget=\u00bb link_hover=\u00bb padding=&#8217;0px&#8217; border=\u00bb border_color=\u00bb radius=&#8217;0px&#8217; background=&#8217;bg_color&#8217; background_color=\u00bb background_gradient_color1=\u00bb background_gradient_color2=\u00bb background_gradient_direction=&#8217;vertical&#8217; src=\u00bb background_position=&#8217;top left&#8217; background_repeat=&#8217;no-repeat&#8217; animation=\u00bb mobile_breaking=\u00bb mobile_display=\u00bb av_uid=&#8217;av-38v063&#8242;]<\/p>\n<p>[av_heading tag=&#8217;h2&#8242; padding=&#8217;0&#8242; heading=&#8217;Puntos destacados del viaje&#8217; color=\u00bb style=&#8217;blockquote modern-quote modern-centered&#8217; custom_font=\u00bb size=&#8217;30&#8217; subheading_active=\u00bb subheading_size=&#8217;15&#8217; custom_class=\u00bb admin_preview_bg=\u00bb av-desktop-hide=\u00bb av-medium-hide=\u00bb av-small-hide=\u00bb av-mini-hide=\u00bb av-medium-font-size-title=\u00bb av-small-font-size-title=\u00bb av-mini-font-size-title=\u00bb av-medium-font-size=\u00bb av-small-font-size=\u00bb av-mini-font-size=\u00bb margin=&#8217;,,,20&#8242; av_uid=&#8217;av-75lx3&#8242;][\/av_heading]<\/p>\n<p>[\/av_two_fifth][av_three_fifth min_height=\u00bb vertical_alignment=\u00bb space=\u00bb custom_margin=\u00bb margin=&#8217;0px&#8217; link=\u00bb linktarget=\u00bb link_hover=\u00bb padding=&#8217;0px&#8217; border=\u00bb border_color=\u00bb radius=&#8217;0px&#8217; background=&#8217;bg_color&#8217; background_color=\u00bb background_gradient_color1=\u00bb background_gradient_color2=\u00bb background_gradient_direction=&#8217;vertical&#8217; src=\u00bb background_position=&#8217;top left&#8217; background_repeat=&#8217;no-repeat&#8217; animation=\u00bb mobile_breaking=\u00bb mobile_display=\u00bb av_uid=&#8217;av-6d600b&#8217;]<\/p>\n<p>[av_textblock size=\u00bb font_color=\u00bb color=\u00bb av-medium-font-size=\u00bb av-small-font-size=\u00bb av-mini-font-size=\u00bb av_uid=&#8217;av-4i9irf&#8217; admin_preview_bg=\u00bb]<\/p>\n<ul class=\"small-title ml-3\">\n<li class=\"mb-2\">Conduzca a trav\u00e9s de granjas de olivos, melocotones y albaricoques en el camino a las cascadas de Ouzoud<\/li>\n<li class=\"mb-2\">Disfruta de las espectaculares cascadas y toma algunas fotos impresionantes.<\/li>\n<li class=\"mb-2\">Date un gusto con un tagine bereber junto al vapor con las cataratas como tel\u00f3n de fondo<\/li>\n<li class=\"mb-2\">Explore la flora local y busque simios de Berber\u00eda<\/li>\n<\/ul>\n<p>[\/av_textblock]<\/p>\n<p>[\/av_three_fifth]<br \/>\n[\/av_section]<\/p>\n<p>[av_section min_height=\u00bb min_height_px=&#8217;500px&#8217; padding=&#8217;default&#8217; shadow=&#8217;no-border-styling&#8217; bottom_border=&#8217;no-border-styling&#8217; bottom_border_diagonal_color=&#8217;#333333&#8242; bottom_border_diagonal_direction=&#8217;scroll&#8217; bottom_border_style=&#8217;scroll&#8217; scroll_down=\u00bb custom_arrow_bg=\u00bb id=\u00bb color=&#8217;main_color&#8217; background=&#8217;bg_color&#8217; custom_bg=\u00bb background_gradient_color1=\u00bb background_gradient_color2=\u00bb background_gradient_direction=&#8217;vertical&#8217; src=\u00bb attach=&#8217;scroll&#8217; position=&#8217;top left&#8217; repeat=&#8217;no-repeat&#8217; video=\u00bb video_ratio=&#8217;16:9&#8242; video_mobile_disabled=\u00bb overlay_enable=\u00bb overlay_opacity=&#8217;0.5&#8242; overlay_color=\u00bb overlay_pattern=\u00bb overlay_custom_pattern=\u00bb av-desktop-hide=\u00bb av-medium-hide=\u00bb av-small-hide=\u00bb av-mini-hide=\u00bb av_element_hidden_in_editor=&#8217;0&#8242; av_uid=&#8217;av-eaypiz&#8217;]<br \/>\n[av_two_fifth first min_height=\u00bb vertical_alignment=\u00bb space=\u00bb custom_margin=\u00bb margin=&#8217;0px&#8217; link=\u00bb linktarget=\u00bb link_hover=\u00bb padding=&#8217;0px&#8217; border=\u00bb border_color=\u00bb radius=&#8217;0px&#8217; background=&#8217;bg_color&#8217; background_color=\u00bb background_gradient_color1=\u00bb background_gradient_color2=\u00bb background_gradient_direction=&#8217;vertical&#8217; src=\u00bb background_position=&#8217;top left&#8217; background_repeat=&#8217;no-repeat&#8217; animation=\u00bb mobile_breaking=\u00bb mobile_display=\u00bb av_uid=&#8217;av-bzi5y3&#8242;]<\/p>\n<p>[av_heading tag=&#8217;h2&#8242; padding=&#8217;0&#8242; heading=&#8217;Itinerario completo &#8216; color=\u00bb style=&#8217;blockquote modern-quote modern-centered&#8217; custom_font=\u00bb size=&#8217;30&#8217; subheading_active=\u00bb subheading_size=&#8217;15&#8217; custom_class=\u00bb admin_preview_bg=\u00bb av-desktop-hide=\u00bb av-medium-hide=\u00bb av-small-hide=\u00bb av-mini-hide=\u00bb av-medium-font-size-title=\u00bb av-small-font-size-title=\u00bb av-mini-font-size-title=\u00bb av-medium-font-size=\u00bb av-small-font-size=\u00bb av-mini-font-size=\u00bb margin=&#8217;,,,20&#8242; av_uid=&#8217;av-fk6nz&#8217;][\/av_heading]<\/p>\n<p>[\/av_two_fifth][av_three_fifth min_height=\u00bb vertical_alignment=\u00bb space=\u00bb custom_margin=\u00bb margin=&#8217;0px&#8217; link=\u00bb linktarget=\u00bb link_hover=\u00bb padding=&#8217;0px&#8217; border=\u00bb border_color=\u00bb radius=&#8217;0px&#8217; background=&#8217;bg_color&#8217; background_color=\u00bb background_gradient_color1=\u00bb background_gradient_color2=\u00bb background_gradient_direction=&#8217;vertical&#8217; src=\u00bb background_position=&#8217;top left&#8217; background_repeat=&#8217;no-repeat&#8217; animation=\u00bb mobile_breaking=\u00bb mobile_display=\u00bb av_uid=&#8217;av-14j0p7&#8242;]<\/p>\n<p>[av_textblock size=\u00bb font_color=\u00bb color=\u00bb av-medium-font-size=\u00bb av-small-font-size=\u00bb av-mini-font-size=\u00bb av_uid=&#8217;av-knhas4j8&#8242; admin_preview_bg=\u00bb]<\/p>\n<h3><strong><span style=\"color: #b58040;\">Marrakech &#8211; Cascadas de Ouzoud &#8211; Marrakech<\/span><\/strong><\/h3>\n<p>Salir de la bulliciosa ciudad y relajarse en el espect\u00e1culo natural de este lugar ser\u00e1 la primera sensaci\u00f3n real de placer que obtendr\u00e1 en esta excursi\u00f3n. Pocos turistas logran llegar tan lejos como estas \u00e1reas, pero esta excursi\u00f3n lo llevar\u00e1 de la ciudad a las cascadas y de regreso en un d\u00eda completo y espectacular.<\/p>\n<p>No es que muchas personas puedan ver las partes de Marruecos que visitaremos en esta excursi\u00f3n. Debe traer un buen par de zapatos para caminar, ya que ocasionalmente exploraremos la belleza del campo mientras nos dirigimos a las <strong>cascadas de Ouzoud<\/strong> .<\/p>\n<p>Pasaremos por varios peque\u00f1os pueblos y aldeas con un verdadero ambiente rural. A veces se le perdonar\u00e1 que piense que ha viajado en el tiempo mientras algunos de los aldeanos rurales se dedican a sus actividades diarias en algunas de las \u00e1reas m\u00e1s espectaculares de excepcional belleza natural.<\/p>\n<p>En el camino ver\u00e1s a los monos e incluso los saludar\u00e1s, ya que no son tan t\u00edmidos como cabr\u00eda esperar. Una vez que lleguemos a las cascadas, nuestro propio gu\u00eda le mostrar\u00e1 algunas de las mejores caracter\u00edsticas de esta \u00e1rea.<\/p>\n<p>Hay muchos caf\u00e9s y restaurantes entre las cascadas donde puedes relajarte junto a las piscinas de roca en el fondo de algunas de las cascadas y r\u00edos caudalosos. Muchos pueden optar por llevar un almuerzo para llevar y cenar en las \u00e1reas cercanas a las cataratas.<\/p>\n<p>Debes traer algo de bloqueador solar, una c\u00e1mara y un cambio de ropa, si planeas darte un chapuz\u00f3n en alguna de las pozas en el fondo de las cataratas. Pero una cosa es segura: no olvidar\u00e1s esta excursi\u00f3n entre enormes cascadas naturales, macacos de Berber\u00eda y pueblos rurales que parecen estar atrapados en el tiempo. Conducimos de regreso a Marrakech de la misma manera esc\u00e9nica por la que vinimos y regresamos en alg\u00fan momento temprano en la noche.<\/p>\n<p><strong>&#8211; Hora de salida desde Marrakech a las 8 am<\/strong><\/p>\n<p><strong>&#8211; Regreso a Marrakech a las 18:00<\/strong><br \/>\n[\/av_textblock]<\/p>\n<p>[\/av_three_fifth]<br \/>\n[\/av_section]<\/p>\n<p>[av_section min_height=\u00bb min_height_px=&#8217;500px&#8217; padding=&#8217;small&#8217; shadow=&#8217;no-border-styling&#8217; bottom_border=&#8217;no-border-styling&#8217; bottom_border_diagonal_color=&#8217;#333333&#8242; bottom_border_diagonal_direction=\u00bb bottom_border_style=\u00bb custom_arrow_bg=\u00bb id=\u00bb color=&#8217;main_color&#8217; background=&#8217;bg_color&#8217; custom_bg=&#8217;#ffffff&#8217; background_gradient_color1=\u00bb background_gradient_color2=\u00bb background_gradient_direction=&#8217;vertical&#8217; src=\u00bb attachment=\u00bb attachment_size=\u00bb attach=&#8217;scroll&#8217; position=&#8217;top left&#8217; repeat=&#8217;no-repeat&#8217; video=\u00bb video_ratio=&#8217;16:9&#8242; overlay_opacity=&#8217;0.5&#8242; overlay_color=\u00bb overlay_pattern=\u00bb overlay_custom_pattern=\u00bb av_element_hidden_in_editor=&#8217;0&#8242; av_uid=&#8217;av-knhcdj01&#8242;]<br \/>\n[av_two_fifth first min_height=\u00bb vertical_alignment=\u00bb space=\u00bb custom_margin=\u00bb margin=&#8217;0px&#8217; link=\u00bb linktarget=\u00bb link_hover=\u00bb padding=&#8217;0px&#8217; border=\u00bb border_color=\u00bb radius=&#8217;0px&#8217; background=&#8217;bg_color&#8217; background_color=\u00bb background_gradient_color1=\u00bb background_gradient_color2=\u00bb background_gradient_direction=&#8217;vertical&#8217; src=\u00bb background_position=&#8217;top left&#8217; background_repeat=&#8217;no-repeat&#8217; animation=\u00bb mobile_breaking=\u00bb mobile_display=\u00bb av_uid=&#8217;av-8g4osb&#8217;]<\/p>\n<p>[av_heading heading=&#8217;Viaje en el mapa&#8217; tag=&#8217;h2&#8242; style=&#8217;blockquote modern-quote modern-centered&#8217; size=&#8217;30&#8217; subheading_active=\u00bb subheading_size=&#8217;15&#8217; margin=&#8217;,,,20&#8242; padding=&#8217;0&#8242; color=\u00bb custom_font=\u00bb av-medium-font-size-title=\u00bb av-small-font-size-title=\u00bb av-mini-font-size-title=\u00bb av-medium-font-size=\u00bb av-small-font-size=\u00bb av-mini-font-size=\u00bb av_uid=&#8217;av-koolyahh&#8217; admin_preview_bg=\u00bb][\/av_heading]<\/p>\n<p>[\/av_two_fifth][av_three_fifth min_height=\u00bb vertical_alignment=\u00bb space=\u00bb custom_margin=\u00bb margin=&#8217;0px&#8217; link=\u00bb linktarget=\u00bb link_hover=\u00bb padding=&#8217;0px&#8217; border=\u00bb border_color=\u00bb radius=&#8217;0px&#8217; background=&#8217;bg_color&#8217; background_color=\u00bb background_gradient_color1=\u00bb background_gradient_color2=\u00bb background_gradient_direction=&#8217;vertical&#8217; src=\u00bb background_position=&#8217;top left&#8217; background_repeat=&#8217;no-repeat&#8217; animation=\u00bb mobile_breaking=\u00bb mobile_display=\u00bb av_uid=&#8217;av-2ps2j&#8217;]<\/p>\n<p>[av_codeblock wrapper_element=\u00bb wrapper_element_attributes=\u00bb codeblock_type=\u00bb av_uid=&#8217;av-knbvqiyr&#8217;]<br \/>\n<iframe src=\"https:\/\/www.google.com\/maps\/embed?pb=!1m28!1m12!1m3!1d867918.4038054615!2d-7.909225804110112!3d31.816651638262538!2m3!1f0!2f0!3f0!3m2!1i1024!2i768!4f13.1!4m13!3e0!4m5!1s0xdafee8d96179e51%3A0x5950b6534f87adb8!2sMarrakesh!3m2!1d31.6294723!2d-7.9810845!4m5!1s0xda48d6dd9100741%3A0xe36199ee69282f01!2sOuzoud!3m2!1d32.014226!2d-6.7189627!5e0!3m2!1sen!2sma!4v1619893729963!5m2!1sen!2sma\" width=\"600\" height=\"450\" style=\"border:0;\" allowfullscreen=\"\" loading=\"lazy\"><\/iframe><br \/>\n[\/av_codeblock]<\/p>\n<p>[\/av_three_fifth]<br \/>\n[\/av_section]<\/p>\n<p>[av_section min_height=\u00bb min_height_px=&#8217;500px&#8217; padding=&#8217;default&#8217; shadow=&#8217;no-border-styling&#8217; bottom_border=&#8217;no-border-styling&#8217; bottom_border_diagonal_color=&#8217;#333333&#8242; bottom_border_diagonal_direction=\u00bb bottom_border_style=\u00bb custom_arrow_bg=\u00bb id=\u00bb color=&#8217;main_color&#8217; background=&#8217;bg_color&#8217; custom_bg=&#8217;#ffffff&#8217; background_gradient_color1=\u00bb background_gradient_color2=\u00bb background_gradient_direction=&#8217;vertical&#8217; src=\u00bb attachment=\u00bb attachment_size=\u00bb attach=&#8217;scroll&#8217; position=&#8217;top left&#8217; repeat=&#8217;no-repeat&#8217; video=\u00bb video_ratio=&#8217;16:9&#8242; overlay_opacity=&#8217;0.5&#8242; overlay_color=\u00bb overlay_pattern=\u00bb overlay_custom_pattern=\u00bb av_element_hidden_in_editor=&#8217;0&#8242; av_uid=&#8217;av-knhdc963&#8242;]<br \/>\n[av_one_half first min_height=\u00bb vertical_alignment=\u00bb space=\u00bb custom_margin=\u00bb margin=&#8217;0px&#8217; link=\u00bb linktarget=\u00bb link_hover=\u00bb padding=&#8217;0px&#8217; border=\u00bb border_color=\u00bb radius=&#8217;0px&#8217; background=&#8217;bg_color&#8217; background_color=\u00bb background_gradient_color1=\u00bb background_gradient_color2=\u00bb background_gradient_direction=&#8217;vertical&#8217; src=\u00bb background_position=&#8217;top left&#8217; background_repeat=&#8217;no-repeat&#8217; animation=\u00bb mobile_breaking=\u00bb mobile_display=\u00bb av_uid=&#8217;av-lkksr&#8217;]<\/p>\n<p>[av_heading heading=&#8217;\u00bfQu\u00e9 est\u00e1 incluido?&#8217; tag=&#8217;h2&#8242; style=&#8217;blockquote modern-quote modern-centered&#8217; size=&#8217;30&#8217; subheading_active=\u00bb subheading_size=&#8217;15&#8217; margin=&#8217;,,,20&#8242; padding=&#8217;0&#8242; color=\u00bb custom_font=\u00bb av-medium-font-size-title=\u00bb av-small-font-size-title=\u00bb av-mini-font-size-title=\u00bb av-medium-font-size=\u00bb av-small-font-size=\u00bb av-mini-font-size=\u00bb av_uid=&#8217;av-koolyey5&#8242; admin_preview_bg=\u00bb][\/av_heading]<\/p>\n<p>[\/av_one_half][av_one_half min_height=\u00bb vertical_alignment=\u00bb space=\u00bb custom_margin=\u00bb margin=&#8217;0px&#8217; link=\u00bb linktarget=\u00bb link_hover=\u00bb padding=&#8217;0px&#8217; border=\u00bb border_color=\u00bb radius=&#8217;0px&#8217; background=&#8217;bg_color&#8217; background_color=\u00bb background_gradient_color1=\u00bb background_gradient_color2=\u00bb background_gradient_direction=&#8217;vertical&#8217; src=\u00bb background_position=&#8217;top left&#8217; background_repeat=&#8217;no-repeat&#8217; animation=\u00bb mobile_breaking=\u00bb mobile_display=\u00bb av_uid=&#8217;av-42kyor&#8217;]<\/p>\n<p>[av_textblock size=\u00bb font_color=\u00bb color=\u00bb av-medium-font-size=\u00bb av-small-font-size=\u00bb av-mini-font-size=\u00bb av_uid=&#8217;av-kndf6sgg&#8217; admin_preview_bg=\u00bb]<\/p>\n<ul>\n<li>Transporte privado confortable con aire acondicionado.<\/li>\n<li>Recogida en tu lugar en marrakech o el aeropuerto.<\/li>\n<li>dejar en su lugar en marrakech o el aeropuerto<\/li>\n<li>Paradas gratuitas cuando quieras<\/li>\n<\/ul>\n<p>[\/av_textblock]<\/p>\n<p>[av_heading heading=&#8217;\u00bfQu\u00e9 no est\u00e1 incluido?&#8217; tag=&#8217;h2&#8242; style=&#8217;blockquote modern-quote&#8217; size=&#8217;30&#8217; subheading_active=\u00bb subheading_size=&#8217;15&#8217; margin=&#8217;,,,20&#8242; padding=&#8217;10&#8217; color=\u00bb custom_font=\u00bb av-medium-font-size-title=\u00bb av-small-font-size-title=\u00bb av-mini-font-size-title=\u00bb av-medium-font-size=\u00bb av-small-font-size=\u00bb av-mini-font-size=\u00bb av_uid=&#8217;av-koolyj6o&#8217; admin_preview_bg=\u00bb][\/av_heading]<\/p>\n<p>[av_textblock size=\u00bb font_color=\u00bb color=\u00bb av-medium-font-size=\u00bb av-small-font-size=\u00bb av-mini-font-size=\u00bb av_uid=&#8217;av-kndf6sgg&#8217; admin_preview_bg=\u00bb]<\/p>\n<ul>\n<li>Almuerzo<\/li>\n<li>Bebidas<\/li>\n<li>Consejos<\/li>\n<li>Extra<\/li>\n<\/ul>\n<p>[\/av_textblock]<\/p>\n<p>[\/av_one_half]<br \/>\n[\/av_section]<\/p>\n<p>[av_section min_height=\u00bb min_height_px=&#8217;500px&#8217; padding=&#8217;default&#8217; shadow=&#8217;no-border-styling&#8217; bottom_border=&#8217;no-border-styling&#8217; bottom_border_diagonal_color=&#8217;#333333&#8242; bottom_border_diagonal_direction=\u00bb bottom_border_style=\u00bb custom_arrow_bg=\u00bb id=\u00bb color=&#8217;main_color&#8217; background=&#8217;bg_color&#8217; custom_bg=&#8217;#b58040&#8242; background_gradient_color1=&#8217;#094978&#8242; background_gradient_color2=&#8217;#105e96&#8242; background_gradient_direction=&#8217;diagonal_bt&#8217; src=\u00bb attachment=\u00bb attachment_size=\u00bb attach=&#8217;scroll&#8217; position=&#8217;top left&#8217; repeat=&#8217;no-repeat&#8217; video=\u00bb video_ratio=&#8217;16:9&#8242; overlay_opacity=&#8217;0.5&#8242; overlay_color=\u00bb overlay_pattern=\u00bb overlay_custom_pattern=\u00bb av_element_hidden_in_editor=&#8217;0&#8242; av_uid=&#8217;av-qet8u&#8217;]<br \/>\n[av_one_full first min_height=&#8217;av-equal-height-column&#8217; vertical_alignment=&#8217;av-align-middle&#8217; space=\u00bb margin=&#8217;0px&#8217; margin_sync=&#8217;true&#8217; link=\u00bb linktarget=\u00bb link_hover=\u00bb padding=&#8217;0px&#8217; padding_sync=&#8217;true&#8217; border=\u00bb border_color=\u00bb radius=&#8217;0px&#8217; radius_sync=&#8217;true&#8217; background=&#8217;bg_color&#8217; background_color=\u00bb background_gradient_color1=\u00bb background_gradient_color2=\u00bb background_gradient_direction=&#8217;vertical&#8217; src=\u00bb attachment=\u00bb attachment_size=\u00bb background_position=&#8217;top left&#8217; background_repeat=&#8217;no-repeat&#8217; animation=\u00bb mobile_breaking=\u00bb mobile_display=\u00bb av_uid=&#8217;av-lsyke&#8217;]<\/p>\n<p>[av_heading heading=&#8217;\u00bfQuieres hacer una reservaci\u00f3n?&#8217; tag=&#8217;h4&#8242; style=&#8217;blockquote modern-quote modern-centered&#8217; size=&#8217;27&#8217; subheading_active=&#8217;subheading_below&#8217; subheading_size=&#8217;15&#8217; margin=\u00bb margin_sync=&#8217;true&#8217; padding=&#8217;15&#8217; color=&#8217;custom-color-heading&#8217; custom_font=&#8217;#ffffff&#8217; av-medium-font-size-title=\u00bb av-small-font-size-title=\u00bb av-mini-font-size-title=\u00bb av-medium-font-size=\u00bb av-small-font-size=\u00bb av-mini-font-size=\u00bb av_uid=&#8217;av-koolysc7&#8242; admin_preview_bg=&#8217;rgb(255, 255, 255) none repeat scroll 0% 0%&#8217;]<br \/>\n\u00a1Env\u00edanos un mensaje AHORA!<br \/>\n[\/av_heading]<\/p>\n<p>[av_button label=&#8217;RESERVAR AHORA&#8217; link=&#8217;manually,https:\/\/desertexplored.com\/es\/contactenos\/&#8217; link_target=\u00bb size=&#8217;large&#8217; position=&#8217;center&#8217; label_display=\u00bb icon_select=&#8217;yes-right-icon&#8217; icon_hover=&#8217;aviaTBicon_hover&#8217; icon=&#8217;ue879&#8242; font=&#8217;entypo-fontello&#8217; color=&#8217;custom&#8217; custom_bg=&#8217;#ffffff&#8217; custom_font=&#8217;#b58040&#8242; av_uid=&#8217;av-jgf4ovnq&#8217; admin_preview_bg=\u00bb]<\/p>\n<p>[\/av_one_full]<br \/>\n[\/av_section]<\/p>\n","protected":false},"excerpt":{"rendered":"<p>[av_section min_height=\u00bb min_height_px=&#8217;500px&#8217; padding=&#8217;small&#8217; shadow=&#8217;no-border-styling&#8217; bottom_border=&#8217;no-border-styling&#8217; bottom_border_diagonal_color=&#8217;#333333&#8242; bottom_border_diagonal_direction=\u00bb bottom_border_style=\u00bb custom_arrow_bg=\u00bb id=\u00bb color=&#8217;main_color&#8217; background=&#8217;bg_color&#8217; custom_bg=&#8217;#ffffff&#8217; background_gradient_color1=\u00bb background_gradient_color2=\u00bb background_gradient_direction=&#8217;vertical&#8217; src=\u00bb attachment=\u00bb attachment_size=\u00bb attach=&#8217;scroll&#8217; position=&#8217;top left&#8217; repeat=&#8217;no-repeat&#8217; video=\u00bb video_ratio=&#8217;16:9&#8242; overlay_opacity=&#8217;0.5&#8242; overlay_color=\u00bb overlay_pattern=\u00bb overlay_custom_pattern=\u00bb av_element_hidden_in_editor=&#8217;0&#8242; av_uid=&#8217;av-80beyj&#8217;] [av_gallery ids=&#8217;3401,3400,1657&#8242; style=&#8217;thumbnails&#8217; preview_size=&#8217;masonry&#8217; crop_big_preview_thumbnail=&#8217;avia-gallery-big-crop-thumb&#8217; thumb_size=&#8217;portfolio&#8217; columns=&#8217;3&#8242; imagelink=&#8217;lightbox&#8217; lazyload=&#8217;avia_lazyload&#8217; av_uid=&#8217;av-kng7fqt7&#8242; admin_preview_bg=\u00bb] [av_heading heading=&#8217;Excursiones de un d\u00eda desde Marrakech a las cascadas de Ouzoud&#8216; [&hellip;]<\/p>\n","protected":false},"author":1,"featured_media":0,"parent":0,"menu_order":0,"comment_status":"closed","ping_status":"closed","template":"elementor_header_footer","meta":{"footnotes":""},"class_list":["post-5426","page","type-page","status-publish","hentry"],"_hostinger_reach_plugin_has_subscription_block":false,"_hostinger_reach_plugin_is_elementor":false,"_links":{"self":[{"href":"https:\/\/desertexplored.com\/es\/wp-json\/wp\/v2\/pages\/5426","targetHints":{"allow":["GET"]}}],"collection":[{"href":"https:\/\/desertexplored.com\/es\/wp-json\/wp\/v2\/pages"}],"about":[{"href":"https:\/\/desertexplored.com\/es\/wp-json\/wp\/v2\/types\/page"}],"author":[{"embeddable":true,"href":"https:\/\/desertexplored.com\/es\/wp-json\/wp\/v2\/users\/1"}],"replies":[{"embeddable":true,"href":"https:\/\/desertexplored.com\/es\/wp-json\/wp\/v2\/comments?post=5426"}],"version-history":[{"count":0,"href":"https:\/\/desertexplored.com\/es\/wp-json\/wp\/v2\/pages\/5426\/revisions"}],"wp:attachment":[{"href":"https:\/\/desertexplored.com\/es\/wp-json\/wp\/v2\/media?parent=5426"}],"curies":[{"name":"wp","href":"https:\/\/api.w.org\/{rel}","templated":true}]}}