{"id":5182,"date":"2018-05-03T15:19:56","date_gmt":"2018-05-03T15:19:56","guid":{"rendered":"https:\/\/desertexplored.com\/sobre-nosotros\/"},"modified":"2023-08-13T13:58:01","modified_gmt":"2023-08-13T13:58:01","slug":"sobre-nosotros","status":"publish","type":"page","link":"https:\/\/desertexplored.com\/es\/sobre-nosotros\/","title":{"rendered":"Sobre nosotros"},"content":{"rendered":"<p>Una peque\u00f1a historia<\/p>\n<style>\/*! elementor - v3.15.0 - 09-08-2023 *\/\n.elementor-heading-title{padding:0;margin:0;line-height:1}.elementor-widget-heading .elementor-heading-title[class*=elementor-size-]>a{color:inherit;font-size:inherit;line-height:inherit}.elementor-widget-heading .elementor-heading-title.elementor-size-small{font-size:15px}.elementor-widget-heading .elementor-heading-title.elementor-size-medium{font-size:19px}.elementor-widget-heading .elementor-heading-title.elementor-size-large{font-size:29px}.elementor-widget-heading .elementor-heading-title.elementor-size-xl{font-size:39px}.elementor-widget-heading .elementor-heading-title.elementor-size-xxl{font-size:59px}<\/style>\n<h1>Sobre nosotros<\/h1>\n<p>\u00a1Enhorabuena por su decisi\u00f3n de visitar Marruecos! \u00a1Desert Explored Moroccan Tour Company es el descubrimiento n\u00famero uno para la cultura y la aventura ! Tambi\u00e9n hemos tenido la oportunidad de colaborar con otros profesionales de la empresa.<\/p>\n<p>Acerca de<\/p>\n<h2>Qui\u00e9nes somos <\/h2>\n<p>Somos una empresa de viajes honesta y \u00abcre\u00edda\u00bb situada en Marrakech, Marruecos, y nos enorgullecemos de ser los gu\u00edas oficiales de los bereberes marroqu\u00edes. Establecimos nuestra empresa en 2008, y desde entonces nos especializamos en <strong>Tours<\/strong> privados guiados por Marruecos para grupos de 1 &#8211; 50 personas.<\/p>\n<p>\t\t\t<a href=\"https:\/\/desertexplored.com\/es\/contactenos\/\"><br \/>\n\t\t\t\t\t\tContacto<br \/>\n\t\t\t\t\t<\/a><\/p>\n<p>nuestro compromiso<\/p>\n<h2>Nuestra misi\u00f3n <\/h2>\n<p>Nos especializamos en <strong>Marruecos Day Tours<\/strong>, vacaciones de safari de lujo, las monta\u00f1as del Atlas excursiones a pie, viajes de <strong>aventura del desierto del Sahara<\/strong>, las ciudades imperiales y visitas culturales de Marruecos, los que se centran en los mejores lugares para ver en Marruecos, visitas a las majestuosas monta\u00f1as del Atlas, el desierto del Sahara, todos nuestros tours se centran en locales <\/p>\n<p>\t\t\t<a href=\"https:\/\/desertexplored.com\/es\/passeios-marrocos\/\"><br \/>\n\t\t\t\t\t\tVer paquetes<br \/>\n\t\t\t\t\t<\/a><\/p>\n<h2>\nnuestra filosof\u00eda<\/h2>\n<p>Somos una empresa de viajes propiedad de sus trabajadores, respaldada por nuestros valores, honradez y dedicaci\u00f3n a la satisfacci\u00f3n del cliente. Nuestra galardonada empresa destaca constantemente entre otras oficinas del pa\u00eds.<\/p>\n<p>Creemos que Marruecos es el tipo de lugar que se visita m\u00e1s de una vez: nuestros viajes \u00fanicos, personalizados y creados para personas con diferentes necesidades, le mostrar\u00e1n numerosas formas de ver nuestra maravillosa naci\u00f3n y le asegurar\u00e1n que volver\u00e1 a visitar Marruecos durante muchos a\u00f1os. Dato curioso: En la \u00faltima d\u00e9cada, hemos guiado y coordinado visitas para una amplia gama de particulares y grupos, entre los que se incluyen conocidas organizaciones ben\u00e9ficas del Reino Unido, Gibraltar y toda Europa. Tambi\u00e9n hemos tenido la oportunidad de colaborar con otros profesionales de la empresa.<\/p>\n<p>Dunas de Erg Chebbi  <\/p>\n<h3><a href=\"#\">Rutas por el desierto <\/a><\/h3>\n<h3><a href=\"#\">Viaje cultural <\/a><\/h3>\n<h3><a href=\"#\">Visitas por la ciudad<\/a><\/h3>\n<h3><a href=\"#\">Viaje de luna de miel<\/a><\/h3>\n","protected":false},"excerpt":{"rendered":"<p>Una peque\u00f1a historia Sobre nosotros \u00a1Enhorabuena por su decisi\u00f3n de visitar Marruecos! \u00a1Desert Explored Moroccan Tour Company es el descubrimiento n\u00famero uno para la cultura y la aventura ! Tambi\u00e9n hemos tenido la oportunidad de colaborar con otros profesionales de la empresa. Acerca de Qui\u00e9nes somos Somos una empresa de viajes honesta y \u00abcre\u00edda\u00bb situada [&hellip;]<\/p>\n","protected":false},"author":1,"featured_media":0,"parent":0,"menu_order":2,"comment_status":"closed","ping_status":"closed","template":"","meta":{"footnotes":""},"class_list":["post-5182","page","type-page","status-publish","hentry"],"_hostinger_reach_plugin_has_subscription_block":false,"_hostinger_reach_plugin_is_elementor":false,"_links":{"self":[{"href":"https:\/\/desertexplored.com\/es\/wp-json\/wp\/v2\/pages\/5182","targetHints":{"allow":["GET"]}}],"collection":[{"href":"https:\/\/desertexplored.com\/es\/wp-json\/wp\/v2\/pages"}],"about":[{"href":"https:\/\/desertexplored.com\/es\/wp-json\/wp\/v2\/types\/page"}],"author":[{"embeddable":true,"href":"https:\/\/desertexplored.com\/es\/wp-json\/wp\/v2\/users\/1"}],"replies":[{"embeddable":true,"href":"https:\/\/desertexplored.com\/es\/wp-json\/wp\/v2\/comments?post=5182"}],"version-history":[{"count":0,"href":"https:\/\/desertexplored.com\/es\/wp-json\/wp\/v2\/pages\/5182\/revisions"}],"wp:attachment":[{"href":"https:\/\/desertexplored.com\/es\/wp-json\/wp\/v2\/media?parent=5182"}],"curies":[{"name":"wp","href":"https:\/\/api.w.org\/{rel}","templated":true}]}}