{"id":24267,"date":"2023-06-14T12:08:56","date_gmt":"2023-06-14T12:08:56","guid":{"rendered":"https:\/\/desertexplored.com\/excursion-al-desierto-en-marruecos-desde-marrakech\/"},"modified":"2024-01-19T19:27:11","modified_gmt":"2024-01-19T19:27:11","slug":"excursion-al-desierto-en-marruecos-desde-marrakech","status":"publish","type":"page","link":"https:\/\/desertexplored.com\/es\/excursion-al-desierto-en-marruecos-desde-marrakech\/","title":{"rendered":"Excursi\u00f3n al desierto en Marruecos desde Marrakech"},"content":{"rendered":"<style>\/*! elementor - v3.18.0 - 08-12-2023 *\/\n.elementor-heading-title{padding:0;margin:0;line-height:1}.elementor-widget-heading .elementor-heading-title[class*=elementor-size-]>a{color:inherit;font-size:inherit;line-height:inherit}.elementor-widget-heading .elementor-heading-title.elementor-size-small{font-size:15px}.elementor-widget-heading .elementor-heading-title.elementor-size-medium{font-size:19px}.elementor-widget-heading .elementor-heading-title.elementor-size-large{font-size:29px}.elementor-widget-heading .elementor-heading-title.elementor-size-xl{font-size:39px}.elementor-widget-heading .elementor-heading-title.elementor-size-xxl{font-size:59px}<\/style>\n<h1>Excursi\u00f3n al desierto en Marruecos desde Marrakech<\/h1>\n<p>Nuestra excursi\u00f3n artesanal por el desierto de Marruecos desde Marrakech es una aventura \u00e9pica por el desierto que le invita a sumergirse en la cruda belleza del impresionante terreno des\u00e9rtico y a experimentar un aut\u00e9ntico sabor de la cultura bereber tradicional.<\/p>\n<h2>3 d\u00edas por el desierto de Marruecos  <\/h2>\n<link rel=\"stylesheet\" href=\"https:\/\/desertexplored.com\/wp-content\/plugins\/elementor\/assets\/css\/widget-icon-box.min.css\">\n<h3>\n\t\t\t\t\t\tDuraci\u00f3n<br \/>\n\t\t\t\t<\/h3>\n<p>\n\t\t\t\t\t\t3 d\u00edas\t\t\t\t\t<\/p>\n<h3>\n\t\t\t\t\t\tTipo de viaje<br \/>\n\t\t\t\t<\/h3>\n<p>\n\t\t\t\t\t\tVisita privada\t\t\t\t\t<\/p>\n<h3>\n\t\t\t\t\t\tCiudad inicial<br \/>\n\t\t\t\t<\/h3>\n<p>\n\t\t\t\t\t\tMarrakech\t\t\t\t\t<\/p>\n<h3>\n\t\t\t\t\t\tFin de la ciudad<br \/>\n\t\t\t\t<\/h3>\n<p>\n\t\t\t\t\t\tmarrakech\n\t\t\t\t\t<\/p>\n<link rel=\"stylesheet\" href=\"https:\/\/desertexplored.com\/wp-content\/plugins\/elementor\/assets\/css\/widget-icon-list.min.css\">\n<ul>\n<li>\n\t\t\t\t\t\t\t\t\t\tResumen\n\t\t\t\t\t\t\t\t\t<\/li>\n<\/ul>\n<p>El <strong>desierto del Sahara en Marruecos<\/strong> es uno de los destinos m\u00e1s impresionantes y aventureros para explorar para cualquier viajero. Es rica en cultura y ofrece oportunidades para vivir una experiencia \u00fanica. La <strong>excursi\u00f3n de 3 d\u00edas al desierto de Marruecos desde Marrakech<\/strong> es una de las mejores formas de conocer y explorar la riqueza del desierto del S\u00e1hara. El recorrido incluye una serie de actividades como paseos en camello, observaci\u00f3n de estrellas y la oportunidad de disfrutar de los impresionantes paisajes que ofrece el S\u00e1hara. Tanto si es un viajero experimentado como un aventurero curioso en busca de una escapada \u00fanica y emocionante, el viaje al desierto del S\u00e1hara es una experiencia \u00fanica en la vida. As\u00ed que venga preparado, con las maletas hechas y la c\u00e1mara lista, mientras le llevamos en un viaje de maravillas y emociones por el desierto del S\u00e1hara marroqu\u00ed.<\/p>\n<style>\/*! elementor - v3.18.0 - 08-12-2023 *\/\n.elementor-widget-divider{--divider-border-style:none;--divider-border-width:1px;--divider-color:#0c0d0e;--divider-icon-size:20px;--divider-element-spacing:10px;--divider-pattern-height:24px;--divider-pattern-size:20px;--divider-pattern-url:none;--divider-pattern-repeat:repeat-x}.elementor-widget-divider .elementor-divider{display:flex}.elementor-widget-divider .elementor-divider__text{font-size:15px;line-height:1;max-width:95%}.elementor-widget-divider .elementor-divider__element{margin:0 var(--divider-element-spacing);flex-shrink:0}.elementor-widget-divider .elementor-icon{font-size:var(--divider-icon-size)}.elementor-widget-divider .elementor-divider-separator{display:flex;margin:0;direction:ltr}.elementor-widget-divider--view-line_icon .elementor-divider-separator,.elementor-widget-divider--view-line_text .elementor-divider-separator{align-items:center}.elementor-widget-divider--view-line_icon .elementor-divider-separator:after,.elementor-widget-divider--view-line_icon .elementor-divider-separator:before,.elementor-widget-divider--view-line_text .elementor-divider-separator:after,.elementor-widget-divider--view-line_text .elementor-divider-separator:before{display:block;content:\"\";border-bottom:0;flex-grow:1;border-top:var(--divider-border-width) var(--divider-border-style) var(--divider-color)}.elementor-widget-divider--element-align-left .elementor-divider .elementor-divider-separator>.elementor-divider__svg:first-of-type{flex-grow:0;flex-shrink:100}.elementor-widget-divider--element-align-left .elementor-divider-separator:before{content:none}.elementor-widget-divider--element-align-left .elementor-divider__element{margin-left:0}.elementor-widget-divider--element-align-right .elementor-divider .elementor-divider-separator>.elementor-divider__svg:last-of-type{flex-grow:0;flex-shrink:100}.elementor-widget-divider--element-align-right .elementor-divider-separator:after{content:none}.elementor-widget-divider--element-align-right .elementor-divider__element{margin-right:0}.elementor-widget-divider:not(.elementor-widget-divider--view-line_text):not(.elementor-widget-divider--view-line_icon) .elementor-divider-separator{border-top:var(--divider-border-width) var(--divider-border-style) var(--divider-color)}.elementor-widget-divider--separator-type-pattern{--divider-border-style:none}.elementor-widget-divider--separator-type-pattern.elementor-widget-divider--view-line .elementor-divider-separator,.elementor-widget-divider--separator-type-pattern:not(.elementor-widget-divider--view-line) .elementor-divider-separator:after,.elementor-widget-divider--separator-type-pattern:not(.elementor-widget-divider--view-line) .elementor-divider-separator:before,.elementor-widget-divider--separator-type-pattern:not([class*=elementor-widget-divider--view]) .elementor-divider-separator{width:100%;min-height:var(--divider-pattern-height);-webkit-mask-size:var(--divider-pattern-size) 100%;mask-size:var(--divider-pattern-size) 100%;-webkit-mask-repeat:var(--divider-pattern-repeat);mask-repeat:var(--divider-pattern-repeat);background-color:var(--divider-color);-webkit-mask-image:var(--divider-pattern-url);mask-image:var(--divider-pattern-url)}.elementor-widget-divider--no-spacing{--divider-pattern-size:auto}.elementor-widget-divider--bg-round{--divider-pattern-repeat:round}.rtl .elementor-widget-divider .elementor-divider__text{direction:rtl}.e-con-inner>.elementor-widget-divider,.e-con>.elementor-widget-divider{width:var(--container-widget-width,100%);--flex-grow:var(--container-widget-flex-grow)}<\/style>\n<ul>\n<li>\n\t\t\t\t\t\t\t\t\t\tIncluido y excluido\n\t\t\t\t\t\t\t\t\t<\/li>\n<\/ul>\n<ul>\n<li>\n\t\t\t\t\t\t\t\t\t\tTransporte privado\n\t\t\t\t\t\t\t\t\t<\/li>\n<li>\n\t\t\t\t\t\t\t\t\t\tRecogida en su domicilio\n\t\t\t\t\t\t\t\t\t<\/li>\n<li>\n\t\t\t\t\t\t\t\t\t\tCombustible durante su ruta por el desierto de Marruecos\n\t\t\t\t\t\t\t\t\t<\/li>\n<li>\n\t\t\t\t\t\t\t\t\t\tParadas libres\n\t\t\t\t\t\t\t\t\t<\/li>\n<li>\n\t\t\t\t\t\t\t\t\t\tNoche en hotel\n\t\t\t\t\t\t\t\t\t<\/li>\n<li>\n\t\t\t\t\t\t\t\t\t\tPaseo en camello por el desierto del Sahara\n\t\t\t\t\t\t\t\t\t<\/li>\n<li>\n\t\t\t\t\t\t\t\t\t\tNoche en el campamento del desierto del S\u00e1hara\n\t\t\t\t\t\t\t\t\t<\/li>\n<li>\n\t\t\t\t\t\t\t\t\t\tDroop en tu casa\n\t\t\t\t\t\t\t\t\t<\/li>\n<\/ul>\n<ul>\n<li>\n\t\t\t\t\t\t\t\t\t\tAlmuerzos en el camino\n\t\t\t\t\t\t\t\t\t<\/li>\n<li>\n\t\t\t\t\t\t\t\t\t\tEntradas y monumentos\n\t\t\t\t\t\t\t\t\t<\/li>\n<li>\n\t\t\t\t\t\t\t\t\t\tExtra\n\t\t\t\t\t\t\t\t\t<\/li>\n<li>\n\t\t\t\t\t\t\t\t\t\tConsejos\n\t\t\t\t\t\t\t\t\t<\/li>\n<\/ul>\n<ul>\n<li>\n\t\t\t\t\t\t\t\t\t\tItinerario\n\t\t\t\t\t\t\t\t\t<\/li>\n<\/ul>\n<style>\/*! elementor - v3.18.0 - 08-12-2023 *\/\n.elementor-accordion{text-align:left}.elementor-accordion .elementor-accordion-item{border:1px solid #d5d8dc}.elementor-accordion .elementor-accordion-item+.elementor-accordion-item{border-top:none}.elementor-accordion .elementor-tab-title{margin:0;padding:15px 20px;font-weight:700;line-height:1;cursor:pointer;outline:none}.elementor-accordion .elementor-tab-title .elementor-accordion-icon{display:inline-block;width:1.5em}.elementor-accordion .elementor-tab-title .elementor-accordion-icon svg{width:1em;height:1em}.elementor-accordion .elementor-tab-title .elementor-accordion-icon.elementor-accordion-icon-right{float:right;text-align:right}.elementor-accordion .elementor-tab-title .elementor-accordion-icon.elementor-accordion-icon-left{float:left;text-align:left}.elementor-accordion .elementor-tab-title .elementor-accordion-icon .elementor-accordion-icon-closed{display:block}.elementor-accordion .elementor-tab-title .elementor-accordion-icon .elementor-accordion-icon-opened,.elementor-accordion .elementor-tab-title.elementor-active .elementor-accordion-icon-closed{display:none}.elementor-accordion .elementor-tab-title.elementor-active .elementor-accordion-icon-opened{display:block}.elementor-accordion .elementor-tab-content{display:none;padding:15px 20px;border-top:1px solid #d5d8dc}@media (max-width:767px){.elementor-accordion .elementor-tab-title{padding:12px 15px}.elementor-accordion .elementor-tab-title .elementor-accordion-icon{width:1.2em}.elementor-accordion .elementor-tab-content{padding:7px 15px}}.e-con-inner>.elementor-widget-accordion,.e-con>.elementor-widget-accordion{width:var(--container-widget-width);--flex-grow:var(--container-widget-flex-grow)}<\/style>\n<p>\t\t\t\t\t\t\t\t\t\t\t\t<a tabindex=\"0\">D\u00eda 1: Marrakech &#8211; Ait ben haddou- Ouarzazat &#8211; boumaln<\/a><\/p>\n<p>Empiece su <strong>excursi\u00f3n de 3 d\u00edas por el desierto de Marruecos<\/strong> desde el Riad de Marrakech, atraviese en coche las monta\u00f1as m\u00e1s altas de todos los pa\u00edses del norte de \u00c1frica, haga fotos incre\u00edbles y memorables, y sienta la frescura del o\u00eddo bebiendo t\u00e9 tradicional. Continuaci\u00f3n para visitar la antigua Kasbah de Telouat que fue construida en 1860 por las familias Glaoui en un lugar muy estrat\u00e9gico a lo largo de la ruta de caravanas que conecta el desierto del Sahara con la monta\u00f1a del Atlas.<\/p>\n<p>Viaje a la kasbah de Ait Ben Haddou y prep\u00e1rese para una visita a pie por las murallas de este antiguo ksar, defendido desde la dinast\u00eda almor\u00e1vide en el siglo XI y actualmente famoso por pel\u00edculas de Hollywood como Gladiator, Juegos de Tronos o El Reino de los Cielos. despu\u00e9s de continuar hacia Ouarzazate, donde podr\u00e1 visitar los estudios de cine. Conduzca por el palmeral de Skoura. Llegar a las gargantas del Dades, una serie de abruptos desfiladeros divididos por el r\u00edo Dades marroqu\u00ed. El r\u00edo nace en el Atlas. Pase la noche en uno de los mejores alojamientos de la zona.<\/p>\n<p>\t\t\t\t\t\t\t\t\t\t\t\t<a tabindex=\"0\">D\u00eda 2 : Boumaln Dades &#8211; Gargantas del Todra &#8211; Erfoud &#8211; Merzouga- Dunas de Erg chebbi  <\/a><\/p>\n<p>Despierte por la ma\u00f1ana con un delicioso desayuno en su Riad y prep\u00e1rese para otro d\u00eda en su Tour por el Desierto de Marruecos. Conduzca hacia el valle del palmeral de Tinghir, donde se detendr\u00e1 para tomar unas bonitas fotograf\u00edas del Oasis. Paseo por las Gargantas del Todra (300 m de altura), una cadena de ca\u00f1ones fluviales calc\u00e1reos conectados con las Gargantas del Dades, un lugar muy famoso entre los alpinistas. Nos dirigiremos hacia el este, al desierto del S\u00e1hara, parando para almorzar en un bonito restaurante tradicional. Seguir conduciendo Cerca de los canales Estas son las cabeceras de los \u00abkhettarat\u00bb, canales de agua subterr\u00e1neos inteligentes.<\/p>\n<p>Llegar a Erfoud los f\u00f3siles de la ciudad de Marber, y visitar un taller de artesan\u00eda para conocer la historia detr\u00e1s de los f\u00f3siles en esta \u00e1rea. Continuar a Merzouga se inicia una aventura en camello Ride A trav\u00e9s de las dunas de Erg Chebbi, parada para ver la puesta de sol, y tomar algunas fotos memorables de la parte superior de la duna m\u00e1s alta.terminar su paseo en camello experiencia en el campamento del desierto tendr\u00e1 un t\u00e9 de menta de bienvenida de nuestro equipo bereber en el desierto del Sahara. Compruebe su tienda de campa\u00f1a Niza c\u00f3moda, tomar una ducha disfrutar de un agradable momento de relax. Disfrute de una agradable cena con sus seres queridos bajo un cielo nocturno estrellado. Escuche m\u00fasica tradicional bereber gnawa de la zona, baile y cante con nuestro equipo bereber. si\u00e9ntase libre de dar un paseo cerca del campamento para disfrutar del silencio del desierto del S\u00e1hara<\/p>\n<h3> <\/h3>\n<p>\t\t\t\t\t\t\t\t\t\t\t\t<a tabindex=\"0\">D\u00eda 3 : Dunas de Erg chebbi &#8211; Merzouga &#8211; Rissani &#8211; Agdz &#8211; Marrakech  <\/a><\/p>\n<p>Despertar temprano para disfrutar de los hermosos colores del cielo cambiante durante el amanecer, desayunar y hacer las maletas y dejar atr\u00e1s las dunas, ya sea en camellos o en 4&#215;4. llegar a la ruta media en Merzouga empezar a conducir la cabeza a Rissani la famosa ciudad de mercado, y visitar lo que la gente local llama el estacionamiento de burros. visitar el antiguo mousouley de Molay ali charif una zona cultural. el Tour Continuar Trought nkob y Alnif (sens en la pel\u00edcula \u00abBabel\u00bb) y Nkob, pasando m\u00e1s oasis y tradicionales pueblos antiguos del Valle del Draa. Continuaremos hacia Agdz y conduciremos a trav\u00e9s de las monta\u00f1as anti-atlas por el paso de Tizi-n-Tinfifite a 1600 m., llegaremos a Ouarzazate donde pararemos para almorzar.<\/p>\n<p>Conduzca por la alta monta\u00f1a del Atlas y llegar a Marrakech por el final del d\u00eda, donde nuestro conductor le dejar\u00e1 en su Riad o en el aeropuerto donde usted termina su Tour del Desierto en Marruecos desde Marrakech.  <\/p>\n<ul>\n<li>\n\t\t\t\t\t\t\t\t\t\tRecorrido en mapa\n\t\t\t\t\t\t\t\t\t<\/li>\n<\/ul>\n<ul>\n<li>\n\t\t\t\t\t\t\t\t\t\tMarrakech , Marruecos\n\t\t\t\t\t\t\t\t\t<\/li>\n<\/ul>\n<p>\t\t\t<iframe src=\"https:\/\/www.google.com\/maps\/embed?pb=!1m70!1m12!1m3!1d1748346.2270112836!2d-7.315448703225468!3d31.144769998571526!2m3!1f0!2f0!3f0!3m2!1i1024!2i768!4f13.1!4m55!3e0!4m5!1s0xdafee8d96179e51%3A0x5950b6534f87adb8!2sMarrakech%2C%20Maroc!3m2!1d31.6294723!2d-7.9810845!4m5!1s0xdbad1b4f4eec3db%3A0xc8f42823faa70485!2sTelouet!3m2!1d31.288832799999998!2d-7.239665899999999!4m5!1s0xdbae06120411439%3A0x4d090f64a0ec123a!2sA%C3%AFt%20Ben%20Haddou!3m2!1d31.047043!2d-7.1318996!4m5!1s0xdbcc92f78be70bf%3A0x457b4c37a36cec49!2sBoumalne%20Dades!3m2!1d31.3689243!2d-5.9885456!4m5!1s0xdbd333073ecf085%3A0xa44fdd883982eb80!2sRivi%C3%A8re%20de%20Toudgha!3m2!1d31.5219851!2d-5.5273977!4m5!1s0xd977b2c5079550b%3A0xf04c523511a64215!2sErfoud!3m2!1d31.436633399999998!2d-4.234383!4m5!1s0xd973c279834dfe5%3A0x5639fab2b5de4a44!2sMerzouga!3m2!1d31.0801676!2d-4.013361!4m5!1s0xd97722e4e641617%3A0x82298ec0b0417a51!2sRissani!3m2!1d31.2798384!2d-4.2589619!4m5!1s0xdbb104077422057%3A0x26b3cb529b37ab00!2sOuarzazate!3m2!1d30.9335436!2d-6.937016!5e0!3m2!1sen!2sma!4v1686737418382!5m2!1sen!2sma\" width=\"600\" height=\"450\" style=\"border:0;\" allowfullscreen=\"\" loading=\"lazy\" referrerpolicy=\"no-referrer-when-downgrade\"><\/iframe>\t\t<\/p>\n<ul>\n<li>\n\t\t\t\t\t\t\t\t\t\tIm\u00e1genes relacionadas\n\t\t\t\t\t\t\t\t\t<\/li>\n<\/ul>\n<p>De la Galer\u00eda<\/p>\n<style>\/*! elementor - v3.18.0 - 08-12-2023 *\/\n.elementor-widget-image-carousel .swiper,.elementor-widget-image-carousel .swiper-container{position:static}.elementor-widget-image-carousel .swiper-container .swiper-slide figure,.elementor-widget-image-carousel .swiper .swiper-slide figure{line-height:inherit}.elementor-widget-image-carousel .swiper-slide{text-align:center}.elementor-image-carousel-wrapper:not(.swiper-container-initialized):not(.swiper-initialized) .swiper-slide{max-width:calc(100% \/ var(--e-image-carousel-slides-to-show, 3))}<\/style>\n<figure><img decoding=\"async\" src=\"https:\/\/desertexplored.com\/wp-content\/uploads\/2023\/06\/desert-tizi-ntichka-atlas-768x512.jpg\" alt=\"road in mountain\" \/><\/figure>\n<figure><img decoding=\"async\" src=\"https:\/\/desertexplored.com\/wp-content\/uploads\/2023\/06\/sahara-dunes-sand-768x512.jpg\" alt=\"desert dunes\" \/><\/figure>\n<figure><img decoding=\"async\" src=\"https:\/\/desertexplored.com\/wp-content\/uploads\/2023\/06\/kanio-dades-tissdrin-768x512.jpg\" alt=\"Car in canyon Road\" \/><\/figure>\n<p>Comparte esto :<\/p>\n<link rel=\"stylesheet\" href=\"https:\/\/desertexplored.com\/wp-content\/plugins\/elementor-pro\/assets\/css\/widget-share-buttons.min.css\">\n\t\t\t\t\t\t\t\t\t\tFacebook<br \/>\n\t\t\t\t\t\t\t\t\t\tTwitter<br \/>\n\t\t\t\t\t\t\t\t\t\tLinkedIn\t\t\t\t\t\t\t\t\t<\/p>\n<style>\/*! elementor - v3.18.0 - 08-12-2023 *\/\n@charset \"UTF-8\";.elementor-star-rating{color:#ccd6df;font-family:eicons;display:inline-block}.elementor-star-rating i{display:inline-block;position:relative;font-style:normal;cursor:default}.elementor-star-rating i:before{content:\"e934\";display:block;font-size:inherit;font-family:inherit;position:absolute;overflow:hidden;color:#f0ad4e;top:0;left:0}.elementor-star-rating .elementor-star-empty:before{content:none}.elementor-star-rating .elementor-star-1:before{width:10%}.elementor-star-rating .elementor-star-2:before{width:20%}.elementor-star-rating .elementor-star-3:before{width:30%}.elementor-star-rating .elementor-star-4:before{width:40%}.elementor-star-rating .elementor-star-5:before{width:50%}.elementor-star-rating .elementor-star-6:before{width:60%}.elementor-star-rating .elementor-star-7:before{width:70%}.elementor-star-rating .elementor-star-8:before{width:80%}.elementor-star-rating .elementor-star-9:before{width:90%}.elementor-star-rating__wrapper{display:flex;align-items:center}.elementor-star-rating__title{margin-right:10px}.elementor-star-rating--align-right .elementor-star-rating__wrapper{text-align:right;justify-content:flex-end}.elementor-star-rating--align-left .elementor-star-rating__wrapper{text-align:left;justify-content:flex-start}.elementor-star-rating--align-center .elementor-star-rating__wrapper{text-align:center;justify-content:center}.elementor-star-rating--align-justify .elementor-star-rating__title{margin-right:auto}@media (max-width:1024px){.elementor-star-rating-tablet--align-right .elementor-star-rating__wrapper{text-align:right;justify-content:flex-end}.elementor-star-rating-tablet--align-left .elementor-star-rating__wrapper{text-align:left;justify-content:flex-start}.elementor-star-rating-tablet--align-center .elementor-star-rating__wrapper{text-align:center;justify-content:center}.elementor-star-rating-tablet--align-justify .elementor-star-rating__title{margin-right:auto}}@media (max-width:767px){.elementor-star-rating-mobile--align-right .elementor-star-rating__wrapper{text-align:right;justify-content:flex-end}.elementor-star-rating-mobile--align-left .elementor-star-rating__wrapper{text-align:left;justify-content:flex-start}.elementor-star-rating-mobile--align-center .elementor-star-rating__wrapper{text-align:center;justify-content:center}.elementor-star-rating-mobile--align-justify .elementor-star-rating__title{margin-right:auto}}.last-star{letter-spacing:0}.elementor--star-style-star_unicode .elementor-star-rating{font-family:Arial,Helvetica,sans-serif}.elementor--star-style-star_unicode .elementor-star-rating i:not(.elementor-star-empty):before{content:\"\u2605\"}<\/style>\n<link rel=\"stylesheet\" href=\"https:\/\/desertexplored.com\/wp-content\/plugins\/elementor-pro\/assets\/css\/widget-carousel.min.css\">\n\t\t\t\t\t\t\t<a href=\"https:\/\/www.tripadvisor.com\/Attraction_Review-g293734-d3907061-Reviews-Desert_Explored-Marrakech_Marrakech_Safi.html\" target=\"_blank\" rel=\"noopener\"><br \/>\n\t\t\t\t\t\t\t\t\t\t<cite>Johanna J<i>&#xE934;<\/i><i>&#xE934;<\/i><i>&#xE934;<\/i><i>&#xE934;<\/i><i>&#xE934;<\/i>@Johanna J<\/cite>\t\t\t\t\tRead More\t\t\t\t<\/a><br \/>\n\t\t\t\t\t\tNo puedo expresar con palabras lo genial que fue. Gran nivel de servicio.<br \/>\nHassan fue recomendado por un amigo que estuvo en Marruecos hace como 3 a\u00f1os. Busc\u00e1bamos un ch\u00f3fer pero acab\u00f3 ayud\u00e1ndonos a planificar todo nuestro viaje. Todo lo que suger\u00eda era siempre lo mejor. Hassan siempre mostr\u00f3 un alto nivel de respeto, buena capacidad de organizaci\u00f3n y conocimiento de lo que necesit\u00e1bamos. Nos asign\u00f3 un conductor, Hassiin, que fue educado, respetuoso y amable. \u00a1Estuvo incre\u00edble! Estuvo con nosotros desde que aterrizamos en el aeropuerto de T\u00e1nger hasta nuestra partida de Marrakech. Este fue un tour privado para nosotros 5 y visitamos T\u00e1nger, Asilah, Rabat, Casablanca, y terminando en Marrakech&#8230;.<br \/>\n\t\t\t\t\t\t\t<a href=\"https:\/\/www.tripadvisor.com\/Attraction_Review-g293734-d3907061-Reviews-Desert_Explored-Marrakech_Marrakech_Safi.html\" target=\"_blank\" rel=\"noopener\"><br \/>\n\t\t\t\t\t\t\t\t\t\t<cite>david s<i>&#xE934;<\/i><i>&#xE934;<\/i><i>&#xE934;<\/i><i>&#xE934;<\/i><i>&#xE934;<\/i>@David S<\/cite>\t\t\t\t\tRead More\t\t\t\t<\/a><br \/>\n\t\t\t\t\t\tNos pusimos en contacto con Mohammed por recomendaci\u00f3n de un amigo que ha estado de gira con su hermano Hassan dos veces. Dijimos cu\u00e1nto tiempo \u00edbamos a ir y qu\u00e9 sitios quer\u00edamos ver en particular y Mohammed plane\u00f3 todo, incluido el alojamiento y las comidas. Nos recogi\u00f3 en el aeropuerto y nos llev\u00f3 a almorzar a un lugar local con un tagine muy bueno y barato. Viajamos m\u00e1s de mil kil\u00f3metros a trav\u00e9s de las monta\u00f1as y el desierto y regresamos a Marrakech.<br \/>\nRecomendar\u00eda visitar Marrakech al final, como lo hicimos nosotros, y no creo que necesites pasar m\u00e1s de un d\u00eda y una noche realmente. El recorrido que hicimos (que organiz\u00f3 Mohammed) fue muy agradable e informativo y partes de Marrakech son muy relajantes, sin embargo, es una ciudad ocupada y puede ser bastante estresante, \u00a1especialmente cuando te acabas de acostumbrar a la paz del desierto y las monta\u00f1as!<br \/>\n\t\t\t\t\t\t\t\t\t\t\t\t\t\tPrevious<br \/>\n\t\t\t\t\t\t\t\t\t\t\t\t\t\tNext<\/p>\n<h2>\u00bfTiene alguna pregunta?<\/h2>\n<p>\t\tNo dude en llamarnos. Somos un equipo experto y estaremos encantados de hablar con usted.<\/p>\n<ul>\n<li>\n\t\t\t\t\t\t\t\t\t\t+212 667 611 319\n\t\t\t\t\t\t\t\t\t<\/li>\n<li>\n\t\t\t\t\t\t\t\t\t\tinfo@desertexplored.com\n\t\t\t\t\t\t\t\t\t<\/li>\n<\/ul>\n","protected":false},"excerpt":{"rendered":"<p>Excursi\u00f3n al desierto en Marruecos desde Marrakech Nuestra excursi\u00f3n artesanal por el desierto de Marruecos desde Marrakech es una aventura \u00e9pica por el desierto que le invita a sumergirse en la cruda belleza del impresionante terreno des\u00e9rtico y a experimentar un aut\u00e9ntico sabor de la cultura bereber tradicional. 3 d\u00edas por el desierto de Marruecos [&hellip;]<\/p>\n","protected":false},"author":2,"featured_media":19049,"parent":0,"menu_order":0,"comment_status":"closed","ping_status":"closed","template":"elementor_header_footer","meta":{"footnotes":""},"class_list":["post-24267","page","type-page","status-publish","has-post-thumbnail","hentry"],"_hostinger_reach_plugin_has_subscription_block":false,"_hostinger_reach_plugin_is_elementor":false,"_links":{"self":[{"href":"https:\/\/desertexplored.com\/es\/wp-json\/wp\/v2\/pages\/24267","targetHints":{"allow":["GET"]}}],"collection":[{"href":"https:\/\/desertexplored.com\/es\/wp-json\/wp\/v2\/pages"}],"about":[{"href":"https:\/\/desertexplored.com\/es\/wp-json\/wp\/v2\/types\/page"}],"author":[{"embeddable":true,"href":"https:\/\/desertexplored.com\/es\/wp-json\/wp\/v2\/users\/2"}],"replies":[{"embeddable":true,"href":"https:\/\/desertexplored.com\/es\/wp-json\/wp\/v2\/comments?post=24267"}],"version-history":[{"count":0,"href":"https:\/\/desertexplored.com\/es\/wp-json\/wp\/v2\/pages\/24267\/revisions"}],"wp:featuredmedia":[{"embeddable":true,"href":"https:\/\/desertexplored.com\/es\/wp-json\/wp\/v2\/media\/19049"}],"wp:attachment":[{"href":"https:\/\/desertexplored.com\/es\/wp-json\/wp\/v2\/media?parent=24267"}],"curies":[{"name":"wp","href":"https:\/\/api.w.org\/{rel}","templated":true}]}}