{"id":20494,"date":"2023-08-06T18:59:33","date_gmt":"2023-08-06T18:59:33","guid":{"rendered":"https:\/\/desertexplored.com\/5-dias-de-excursion-en-camello-por-el-desierto-del-sahara-marroqui\/"},"modified":"2023-08-07T22:14:11","modified_gmt":"2023-08-07T22:14:11","slug":"5-dias-de-excursion-en-camello-por-el-desierto-del-sahara-marroqui","status":"publish","type":"page","link":"https:\/\/desertexplored.com\/es\/5-dias-de-excursion-en-camello-por-el-desierto-del-sahara-marroqui\/","title":{"rendered":"5 d\u00edas de excursi\u00f3n en camello por el desierto del S\u00e1hara marroqu\u00ed"},"content":{"rendered":"<style>\/*! elementor - v3.15.0 - 02-08-2023 *\/\n.elementor-heading-title{padding:0;margin:0;line-height:1}.elementor-widget-heading .elementor-heading-title[class*=elementor-size-]>a{color:inherit;font-size:inherit;line-height:inherit}.elementor-widget-heading .elementor-heading-title.elementor-size-small{font-size:15px}.elementor-widget-heading .elementor-heading-title.elementor-size-medium{font-size:19px}.elementor-widget-heading .elementor-heading-title.elementor-size-large{font-size:29px}.elementor-widget-heading .elementor-heading-title.elementor-size-xl{font-size:39px}.elementor-widget-heading .elementor-heading-title.elementor-size-xxl{font-size:59px}<\/style>\n<h1>5 d\u00edas de excursi\u00f3n en camello por el desierto del Sahara marroqu\u00ed<\/h1>\n<link rel=\"stylesheet\" href=\"https:\/\/desertexplored.com\/wp-content\/plugins\/elementor\/assets\/css\/widget-icon-list.min.css\">\n<ul>\n<li>\n\t\t\t\t\t\t\t\t\t\t\t<a href=\"https:\/\/desertexplored.com\/es\/\"><br \/>\n\t\t\t\t\t\t\t\t\t\t\tCasa<br \/>\n\t\t\t\t\t\t\t\t\t\t\t<\/a>\n\t\t\t\t\t\t\t\t\t<\/li>\n<li>\n\t\t\t\t\t\t\t\t\t\tPaquetes Detalle\n\t\t\t\t\t\t\t\t\t<\/li>\n<\/ul>\n<h2>Excursiones en camello por el desierto de Marruecos<\/h2>\n<style>\/*! elementor - v3.15.0 - 02-08-2023 *\/\n@charset \"UTF-8\";.elementor-star-rating{color:#ccd6df;font-family:eicons;display:inline-block}.elementor-star-rating i{display:inline-block;position:relative;font-style:normal;cursor:default}.elementor-star-rating i:before{content:\"e934\";display:block;font-size:inherit;font-family:inherit;position:absolute;overflow:hidden;color:#f0ad4e;top:0;left:0}.elementor-star-rating .elementor-star-empty:before{content:none}.elementor-star-rating .elementor-star-1:before{width:10%}.elementor-star-rating .elementor-star-2:before{width:20%}.elementor-star-rating .elementor-star-3:before{width:30%}.elementor-star-rating .elementor-star-4:before{width:40%}.elementor-star-rating .elementor-star-5:before{width:50%}.elementor-star-rating .elementor-star-6:before{width:60%}.elementor-star-rating .elementor-star-7:before{width:70%}.elementor-star-rating .elementor-star-8:before{width:80%}.elementor-star-rating .elementor-star-9:before{width:90%}.elementor-star-rating__wrapper{display:flex;align-items:center}.elementor-star-rating__title{margin-right:10px}.elementor-star-rating--align-right .elementor-star-rating__wrapper{text-align:right;justify-content:flex-end}.elementor-star-rating--align-left .elementor-star-rating__wrapper{text-align:left;justify-content:flex-start}.elementor-star-rating--align-center .elementor-star-rating__wrapper{text-align:center;justify-content:center}.elementor-star-rating--align-justify .elementor-star-rating__title{margin-right:auto}@media (max-width:1024px){.elementor-star-rating-tablet--align-right .elementor-star-rating__wrapper{text-align:right;justify-content:flex-end}.elementor-star-rating-tablet--align-left .elementor-star-rating__wrapper{text-align:left;justify-content:flex-start}.elementor-star-rating-tablet--align-center .elementor-star-rating__wrapper{text-align:center;justify-content:center}.elementor-star-rating-tablet--align-justify .elementor-star-rating__title{margin-right:auto}}@media (max-width:767px){.elementor-star-rating-mobile--align-right .elementor-star-rating__wrapper{text-align:right;justify-content:flex-end}.elementor-star-rating-mobile--align-left .elementor-star-rating__wrapper{text-align:left;justify-content:flex-start}.elementor-star-rating-mobile--align-center .elementor-star-rating__wrapper{text-align:center;justify-content:center}.elementor-star-rating-mobile--align-justify .elementor-star-rating__title{margin-right:auto}}.last-star{letter-spacing:0}.elementor--star-style-star_unicode .elementor-star-rating{font-family:Arial,Helvetica,sans-serif}.elementor--star-style-star_unicode .elementor-star-rating i:not(.elementor-star-empty):before{content:\"\u2605\"}<\/style>\n<p>\t\t\t\t\t\t\tRese\u00f1as<br \/>\n\t\t\t\t\t\t<i>&#xE934;<\/i><i>&#xE934;<\/i><i>&#xE934;<\/i><i>&#xE934;<\/i><i>&#xE934;<\/i> 5\/5\t\t<\/p>\n<ul>\n<li>\n\t\t\t\t\t\t\t\t\t\tMhamid El Ghizlan\n\t\t\t\t\t\t\t\t\t<\/li>\n<\/ul>\n<link rel=\"stylesheet\" href=\"https:\/\/desertexplored.com\/wp-content\/plugins\/elementor\/assets\/css\/widget-icon-box.min.css\">\n<h3>\n\t\t\t\t\t\tDuraci\u00f3n<br \/>\n\t\t\t\t<\/h3>\n<p>\n\t\t\t\t\t\t5 d\u00edas\t\t\t\t\t<\/p>\n<h3>\n\t\t\t\t\t\tTipo de viaje<br \/>\n\t\t\t\t<\/h3>\n<p>\n\t\t\t\t\t\tVisita privada\t\t\t\t\t<\/p>\n<h3>\n\t\t\t\t\t\tCiudad inicial<br \/>\n\t\t\t\t<\/h3>\n<p>\n\t\t\t\t\t\tMhamid \t\t\t\t\t<\/p>\n<h3>\n\t\t\t\t\t\tFin de la ciudad<br \/>\n\t\t\t\t<\/h3>\n<p>\n\t\t\t\t\t\tZagora\t\t\t\t\t<\/p>\n<ul>\n<li>\n\t\t\t\t\t\t\t\t\t\tResumen\n\t\t\t\t\t\t\t\t\t<\/li>\n<\/ul>\n<p>Esc\u00e1pese del ajetreo y el bullicio de la vida cotidiana y sum\u00e9rjase en la belleza del desierto del S\u00e1hara con la mejor<strong> excursi\u00f3n de 5 d\u00edas en camello por el S\u00e1hara marroqu\u00ed<\/strong>. Ad\u00e9ntrese en algunas de las zonas m\u00e1s remotas y menos visitadas de este vasto desierto, incluidas las incre\u00edbles dunas de Erg Chegaga. Este viaje permite desconectar de la tecnolog\u00eda y adoptar un modo de vida n\u00f3mada. Duerma bajo las estrellas en campamentos salvajes, disfrute cocinando en una hoguera y contemple con asombro las impresionantes puestas de sol y amaneceres que ba\u00f1an las interminables dunas de arena.<\/p>\n<p>Esta experiencia le sumergir\u00e1 en la maravilla natural del paisaje des\u00e9rtico, permiti\u00e9ndole apreciar la belleza del mundo que le rodea. Viaje en camello durante 4-5 horas cada d\u00eda y siga los pasos de los convoyes bereberes, para disfrutar de un aut\u00e9ntico e inolvidable viaje por el desierto del S\u00e1hara marroqu\u00ed.<\/p>\n<style>\/*! elementor - v3.15.0 - 02-08-2023 *\/\n.elementor-widget-divider{--divider-border-style:none;--divider-border-width:1px;--divider-color:#0c0d0e;--divider-icon-size:20px;--divider-element-spacing:10px;--divider-pattern-height:24px;--divider-pattern-size:20px;--divider-pattern-url:none;--divider-pattern-repeat:repeat-x}.elementor-widget-divider .elementor-divider{display:flex}.elementor-widget-divider .elementor-divider__text{font-size:15px;line-height:1;max-width:95%}.elementor-widget-divider .elementor-divider__element{margin:0 var(--divider-element-spacing);flex-shrink:0}.elementor-widget-divider .elementor-icon{font-size:var(--divider-icon-size)}.elementor-widget-divider .elementor-divider-separator{display:flex;margin:0;direction:ltr}.elementor-widget-divider--view-line_icon .elementor-divider-separator,.elementor-widget-divider--view-line_text .elementor-divider-separator{align-items:center}.elementor-widget-divider--view-line_icon .elementor-divider-separator:after,.elementor-widget-divider--view-line_icon .elementor-divider-separator:before,.elementor-widget-divider--view-line_text .elementor-divider-separator:after,.elementor-widget-divider--view-line_text .elementor-divider-separator:before{display:block;content:\"\";border-bottom:0;flex-grow:1;border-top:var(--divider-border-width) var(--divider-border-style) var(--divider-color)}.elementor-widget-divider--element-align-left .elementor-divider .elementor-divider-separator>.elementor-divider__svg:first-of-type{flex-grow:0;flex-shrink:100}.elementor-widget-divider--element-align-left .elementor-divider-separator:before{content:none}.elementor-widget-divider--element-align-left .elementor-divider__element{margin-left:0}.elementor-widget-divider--element-align-right .elementor-divider .elementor-divider-separator>.elementor-divider__svg:last-of-type{flex-grow:0;flex-shrink:100}.elementor-widget-divider--element-align-right .elementor-divider-separator:after{content:none}.elementor-widget-divider--element-align-right .elementor-divider__element{margin-right:0}.elementor-widget-divider:not(.elementor-widget-divider--view-line_text):not(.elementor-widget-divider--view-line_icon) .elementor-divider-separator{border-top:var(--divider-border-width) var(--divider-border-style) var(--divider-color)}.elementor-widget-divider--separator-type-pattern{--divider-border-style:none}.elementor-widget-divider--separator-type-pattern.elementor-widget-divider--view-line .elementor-divider-separator,.elementor-widget-divider--separator-type-pattern:not(.elementor-widget-divider--view-line) .elementor-divider-separator:after,.elementor-widget-divider--separator-type-pattern:not(.elementor-widget-divider--view-line) .elementor-divider-separator:before,.elementor-widget-divider--separator-type-pattern:not([class*=elementor-widget-divider--view]) .elementor-divider-separator{width:100%;min-height:var(--divider-pattern-height);-webkit-mask-size:var(--divider-pattern-size) 100%;mask-size:var(--divider-pattern-size) 100%;-webkit-mask-repeat:var(--divider-pattern-repeat);mask-repeat:var(--divider-pattern-repeat);background-color:var(--divider-color);-webkit-mask-image:var(--divider-pattern-url);mask-image:var(--divider-pattern-url)}.elementor-widget-divider--no-spacing{--divider-pattern-size:auto}.elementor-widget-divider--bg-round{--divider-pattern-repeat:round}.rtl .elementor-widget-divider .elementor-divider__text{direction:rtl}.e-con-inner>.elementor-widget-divider,.e-con>.elementor-widget-divider{width:var(--container-widget-width,100%);--flex-grow:var(--container-widget-flex-grow)}<\/style>\n<ul>\n<li>\n\t\t\t\t\t\t\t\t\t\tIncluido y excluido\n\t\t\t\t\t\t\t\t\t<\/li>\n<\/ul>\n<ul>\n<li>\n\t\t\t\t\t\t\t\t\t\tRecogida en su domicilio\n\t\t\t\t\t\t\t\t\t<\/li>\n<li>\n\t\t\t\t\t\t\t\t\t\tParadas libres\n\t\t\t\t\t\t\t\t\t<\/li>\n<li>\n\t\t\t\t\t\t\t\t\t\tDroop en tu casa\n\t\t\t\t\t\t\t\t\t<\/li>\n<\/ul>\n<ul>\n<li>\n\t\t\t\t\t\t\t\t\t\tAlmuerzos en el camino\n\t\t\t\t\t\t\t\t\t<\/li>\n<li>\n\t\t\t\t\t\t\t\t\t\tExtra\n\t\t\t\t\t\t\t\t\t<\/li>\n<li>\n\t\t\t\t\t\t\t\t\t\tConsejos\n\t\t\t\t\t\t\t\t\t<\/li>\n<\/ul>\n<ul>\n<li>\n\t\t\t\t\t\t\t\t\t\tItinerario\n\t\t\t\t\t\t\t\t\t<\/li>\n<\/ul>\n<style>\/*! elementor - v3.15.0 - 02-08-2023 *\/\n.elementor-accordion{text-align:left}.elementor-accordion .elementor-accordion-item{border:1px solid #d5d8dc}.elementor-accordion .elementor-accordion-item+.elementor-accordion-item{border-top:none}.elementor-accordion .elementor-tab-title{margin:0;padding:15px 20px;font-weight:700;line-height:1;cursor:pointer;outline:none}.elementor-accordion .elementor-tab-title .elementor-accordion-icon{display:inline-block;width:1.5em}.elementor-accordion .elementor-tab-title .elementor-accordion-icon svg{width:1em;height:1em}.elementor-accordion .elementor-tab-title .elementor-accordion-icon.elementor-accordion-icon-right{float:right;text-align:right}.elementor-accordion .elementor-tab-title .elementor-accordion-icon.elementor-accordion-icon-left{float:left;text-align:left}.elementor-accordion .elementor-tab-title .elementor-accordion-icon .elementor-accordion-icon-closed{display:block}.elementor-accordion .elementor-tab-title .elementor-accordion-icon .elementor-accordion-icon-opened,.elementor-accordion .elementor-tab-title.elementor-active .elementor-accordion-icon-closed{display:none}.elementor-accordion .elementor-tab-title.elementor-active .elementor-accordion-icon-opened{display:block}.elementor-accordion .elementor-tab-content{display:none;padding:15px 20px;border-top:1px solid #d5d8dc}@media (max-width:767px){.elementor-accordion .elementor-tab-title{padding:12px 15px}.elementor-accordion .elementor-tab-title .elementor-accordion-icon{width:1.2em}.elementor-accordion .elementor-tab-content{padding:7px 15px}}.e-con-inner>.elementor-widget-accordion,.e-con>.elementor-widget-accordion{width:var(--container-widget-width);--flex-grow:var(--container-widget-flex-grow)}<\/style>\n<p>\t\t\t\t\t\t\t\t\t\t\t\t<a tabindex=\"0\">D\u00eda 1: M&#8217;Hamid \u276f Sidi Naji<\/a><\/p>\n<p>Nuestro viaje comienza con un paseo hacia el desierto del S\u00e1hara desde M&#8217;hamid. A su llegada, nuestro equipo, formado por adiestrados camelleros, camellos y un cocinero experto, estar\u00e1 listo para darle la bienvenida en el punto de partida. Su equipaje ser\u00e1 organizado y cargado en camellos para garantizar su comodidad durante la caminata. Emprenderemos nuestro viaje con camellos y caminaremos hacia el final del palmeral, donde haremos un descanso para almorzar. Tras un satisfactorio almuerzo, podr\u00e1 relajarse y echarse una siesta mientras disfruta del impresionante paisaje des\u00e9rtico. Continuaremos caminando hacia Sidi Naji, donde acamparemos para pasar la noche. Durante nuestro viaje, ser\u00e1 testigo de diferentes paisajes y escenarios des\u00e9rticos que le dejar\u00e1n maravillado.<\/p>\n<p>\t\t\t\t\t\t\t\t\t\t\t\t<a tabindex=\"0\">D\u00eda 2 : Sidi Naji \u276f Erg Zahar<\/a><\/p>\n<p>Nuestro programa del d\u00eda incluye una caminata hacia una de las dunas m\u00e1s altas, que nos llevar\u00e1 junto a las ruinas de Ksar Bousnina, una antigua kasbah. Haremos una pausa programada para almorzar bajo la relajante sombra de los tamariscos. Despu\u00e9s, proseguiremos nuestro viaje hacia las dunas de Erg Zahar, un lugar conocido por sus impresionantes y bien formadas dunas doradas. Desde lo alto de estas magn\u00edficas dunas, podr\u00e1 presenciar una espectacular puesta de sol. Pasaremos la noche cerca de estas dunas.<\/p>\n<p>\t\t\t\t\t\t\t\t\t\t\t\t<a tabindex=\"0\">D\u00eda 3 : Erg Zaha \u276f Erg Sedra<\/a><\/p>\n<p>Nuestro viaje comienza a pie, siguiendo los pasos de la caravana de dromedarios hacia Erg Sadra. Mientras atravesamos el Valle del Draa, haremos una breve pausa para almorzar en Erg Smar. Despu\u00e9s, podr\u00e1 descansar y rejuvenecer bajo la refrescante copa de un tamarisco. Nuestro recorrido contin\u00faa hasta llegar a nuestro destino, Erg Sedra, donde pasaremos la noche en nuestro campamento.<\/p>\n<p>\t\t\t\t\t\t\t\t\t\t\t\t<a tabindex=\"0\">D\u00eda 4 : Erg Sedra \u276f Erg Chegaga<\/a><\/p>\n<p>Nuestro itinerario del d\u00eda incluye una visita a Erg Chegaga, una de las dunas m\u00e1s grandes y altas de Marruecos, con m\u00e1s de 50 km de extensi\u00f3n. Este cord\u00f3n de dunas es conocido por su impresionante belleza. Tras tres horas de caminata por diversos paisajes des\u00e9rticos, haremos una pausa para comer al mediod\u00eda. Tras el almuerzo, continuaremos nuestra caminata hacia Erg Chegaga, donde seremos testigos de una puesta de sol inolvidable. Nuestros planes vespertinos incluyen montar el campamento y pasar la noche en la zona.<\/p>\n<p>\t\t\t\t\t\t\t\t\t\t\t\t<a tabindex=\"0\">D\u00eda 5 : Erg Chegaga \u276f M&#8217;hamid \u276f Zagora<\/a><\/p>\n<p>Tras el inolvidable amanecer y la brisa matutina, los hu\u00e9spedes podr\u00e1n disfrutar de un delicioso desayuno servido al aire libre en el vivac. Despu\u00e9s, los hu\u00e9spedes saldr\u00e1n del vivac en 4&#215;4 y regresar\u00e1n al pueblo de Zagora, mientras disfrutan del resplandor posterior a la aventura y quiz\u00e1s a\u00fan sientan la arena entre los dedos de los pies. La llegada al pueblo de Zagora est\u00e1 prevista hacia las 12.30 horas.<\/p>\n<ul>\n<li>\n\t\t\t\t\t\t\t\t\t\tIm\u00e1genes relacionadas\n\t\t\t\t\t\t\t\t\t<\/li>\n<\/ul>\n<p>De la Galer\u00eda<\/p>\n<style>\/*! elementor - v3.15.0 - 02-08-2023 *\/\n.elementor-widget-image-carousel .swiper,.elementor-widget-image-carousel .swiper-container{position:static}.elementor-widget-image-carousel .swiper-container .swiper-slide figure,.elementor-widget-image-carousel .swiper .swiper-slide figure{line-height:inherit}.elementor-widget-image-carousel .swiper-slide{text-align:center}.elementor-image-carousel-wrapper:not(.swiper-container-initialized):not(.swiper-initialized) .swiper-slide{max-width:calc(100% \/ var(--e-image-carousel-slides-to-show, 3))}<\/style>\n<figure><img decoding=\"async\" src=\"https:\/\/desertexplored.com\/wp-content\/uploads\/2023\/08\/fabien-bazanegue-dA-kSCn0K20-unsplash.jpg\" alt=\"fabien-bazanegue-dA-kSCn0K20-unsplash\" \/><\/figure>\n<figure><img decoding=\"async\" src=\"https:\/\/desertexplored.com\/wp-content\/uploads\/2023\/08\/saharadeserttour_275-1030x644.jpg\" alt=\"saharadeserttour_275\" \/><\/figure>\n<figure><img decoding=\"async\" src=\"https:\/\/desertexplored.com\/wp-content\/uploads\/2023\/08\/wolfgang-hasselmann-m4Y6cFwMc10-unsplash.jpg\" alt=\"wolfgang-hasselmann-m4Y6cFwMc10-unsplash\" \/><\/figure>\n<figure><img decoding=\"async\" src=\"https:\/\/desertexplored.com\/wp-content\/uploads\/2023\/08\/istockphoto-471671907-612x612-1.jpg\" alt=\"camel trekking in morocco sahara Desert\" \/><\/figure>\n<p>Comparte esto : <\/p>\n<link rel=\"stylesheet\" href=\"https:\/\/desertexplored.com\/wp-content\/plugins\/elementor-pro\/assets\/css\/widget-share-buttons.min.css\">\n\t\t\t\t\t\t\t\t\t\tFacebook<br \/>\n\t\t\t\t\t\t\t\t\t\tTwitter<br \/>\n\t\t\t\t\t\t\t\t\t\tLinkedIn\t\t\t\t\t\t\t\t\t<\/p>\n<h2>\u00bfTiene alguna pregunta?<\/h2>\n<p>\t\tNo dude en llamarnos. Somos un equipo experto y estaremos encantados de hablar con usted.<\/p>\n<ul>\n<li>\n\t\t\t\t\t\t\t\t\t\t+212 667 611 319\n\t\t\t\t\t\t\t\t\t<\/li>\n<li>\n\t\t\t\t\t\t\t\t\t\tinfo@desertexplored.com\n\t\t\t\t\t\t\t\t\t<\/li>\n<\/ul>\n","protected":false},"excerpt":{"rendered":"<p>5 d\u00edas de excursi\u00f3n en camello por el desierto del Sahara marroqu\u00ed Casa Paquetes Detalle Excursiones en camello por el desierto de Marruecos Rese\u00f1as &#xE934;&#xE934;&#xE934;&#xE934;&#xE934; 5\/5 Mhamid El Ghizlan Duraci\u00f3n 5 d\u00edas Tipo de viaje Visita privada Ciudad inicial Mhamid Fin de la ciudad Zagora Resumen Esc\u00e1pese del ajetreo y el bullicio de la vida [&hellip;]<\/p>\n","protected":false},"author":2,"featured_media":0,"parent":0,"menu_order":0,"comment_status":"closed","ping_status":"closed","template":"elementor_header_footer","meta":{"footnotes":""},"class_list":["post-20494","page","type-page","status-publish","hentry"],"_hostinger_reach_plugin_has_subscription_block":false,"_hostinger_reach_plugin_is_elementor":false,"_links":{"self":[{"href":"https:\/\/desertexplored.com\/es\/wp-json\/wp\/v2\/pages\/20494","targetHints":{"allow":["GET"]}}],"collection":[{"href":"https:\/\/desertexplored.com\/es\/wp-json\/wp\/v2\/pages"}],"about":[{"href":"https:\/\/desertexplored.com\/es\/wp-json\/wp\/v2\/types\/page"}],"author":[{"embeddable":true,"href":"https:\/\/desertexplored.com\/es\/wp-json\/wp\/v2\/users\/2"}],"replies":[{"embeddable":true,"href":"https:\/\/desertexplored.com\/es\/wp-json\/wp\/v2\/comments?post=20494"}],"version-history":[{"count":0,"href":"https:\/\/desertexplored.com\/es\/wp-json\/wp\/v2\/pages\/20494\/revisions"}],"wp:attachment":[{"href":"https:\/\/desertexplored.com\/es\/wp-json\/wp\/v2\/media?parent=20494"}],"curies":[{"name":"wp","href":"https:\/\/api.w.org\/{rel}","templated":true}]}}